{"id":2843,"date":"2024-04-05T13:58:22","date_gmt":"2024-04-05T17:58:22","guid":{"rendered":"https:\/\/www.shockform.com\/contact\/"},"modified":"2024-04-22T16:54:23","modified_gmt":"2024-04-22T20:54:23","slug":"contact","status":"publish","type":"page","link":"https:\/\/www.shockform.com\/fr\/contact\/","title":{"rendered":"Contact"},"content":{"rendered":"<p>[et_pb_section fb_built=\u00a0\u00bb1&Prime; fullwidth=\u00a0\u00bbon\u00a0\u00bb _builder_version=\u00a0\u00bb4.24.3&Prime; _module_preset=\u00a0\u00bbdefault\u00a0\u00bb global_module=\u00a0\u00bb2569&Prime; global_colors_info=\u00a0\u00bb{}\u00a0\u00bb][et_pb_fullwidth_post_title meta=\u00a0\u00bboff\u00a0\u00bb featured_image=\u00a0\u00bboff\u00a0\u00bb text_color=\u00a0\u00bblight\u00a0\u00bb _builder_version=\u00a0\u00bb4.24.3&Prime; _module_preset=\u00a0\u00bbdefault\u00a0\u00bb background_color=\u00a0\u00bb#132989&Prime; background_image=\u00a0\u00bbhttps:\/\/www.shockform.com\/wp-content\/uploads\/2024\/04\/bg_waves_internal_pages.png\u00a0\u00bb custom_padding=\u00a0\u00bb4vw||4vw||true|false\u00a0\u00bb custom_css_post_title=\u00a0\u00bbmax-width: 600px;||padding: 0;\u00a0\u00bb global_colors_info=\u00a0\u00bb{}\u00a0\u00bb][\/et_pb_fullwidth_post_title][\/et_pb_section][et_pb_section fb_built=\u00a0\u00bb1&Prime; _builder_version=\u00a0\u00bb4.24.3&Prime; _module_preset=\u00a0\u00bbdefault\u00a0\u00bb global_colors_info=\u00a0\u00bb{}\u00a0\u00bb][et_pb_row _builder_version=\u00a0\u00bb4.24.3&Prime; _module_preset=\u00a0\u00bbdefault\u00a0\u00bb global_colors_info=\u00a0\u00bb{}\u00a0\u00bb][et_pb_column type=\u00a0\u00bb4_4&Prime; _builder_version=\u00a0\u00bb4.24.3&Prime; _module_preset=\u00a0\u00bbdefault\u00a0\u00bb global_colors_info=\u00a0\u00bb{}\u00a0\u00bb][et_pb_heading title=\u00a0\u00bbBureau Principal\u00a0\u00bb admin_label=\u00a0\u00bbMain Office\u00a0\u00bb _builder_version=\u00a0\u00bb4.24.3&Prime; _module_preset=\u00a0\u00bbdefault\u00a0\u00bb title_level=\u00a0\u00bbh2&Prime; global_colors_info=\u00a0\u00bb{}\u00a0\u00bb][\/et_pb_heading][\/et_pb_column][\/et_pb_row][et_pb_row column_structure=\u00a0\u00bb1_3,1_3,1_3&Prime; _builder_version=\u00a0\u00bb4.24.3&Prime; _module_preset=\u00a0\u00bbdefault\u00a0\u00bb global_colors_info=\u00a0\u00bb{}\u00a0\u00bb][et_pb_column type=\u00a0\u00bb1_3&Prime; _builder_version=\u00a0\u00bb4.24.3&Prime; _module_preset=\u00a0\u00bbdefault\u00a0\u00bb global_colors_info=\u00a0\u00bb{}\u00a0\u00bb][et_pb_text _builder_version=\u00a0\u00bb4.24.3&Prime; _module_preset=\u00a0\u00bbdefault\u00a0\u00bb global_colors_info=\u00a0\u00bb{}\u00a0\u00bb]<\/p>\n<p>Shockform Aeronautics Inc.<br \/>4482, Boulevard de la Grande-All\u00e9e<br \/>Boisbriand (Qu\u00e9bec) J7H 1R9, CANADA<\/p>\n<p>[\/et_pb_text][\/et_pb_column][et_pb_column type=\u00a0\u00bb1_3&Prime; _builder_version=\u00a0\u00bb4.24.3&Prime; _module_preset=\u00a0\u00bbdefault\u00a0\u00bb global_colors_info=\u00a0\u00bb{}\u00a0\u00bb][et_pb_text _builder_version=\u00a0\u00bb4.24.3&Prime; _module_preset=\u00a0\u00bbdefault\u00a0\u00bb global_colors_info=\u00a0\u00bb{}\u00a0\u00bb]<\/p>\n<div>\n<ul class=\"vy_contact_phone uk-list uk-list-collapse\">\n<li><span class=\"vy_contact_phone_title\">T\u00e9l.<\/span> : <span class=\"vy_contact_phone_number\">+1 (450) 430-8000<\/span><\/li>\n<li><span class=\"vy_contact_phone_title\">Fax<\/span> : <span class=\"vy_contact_phone_number\">+1 (450) 430-1761<\/span><\/li>\n<li><span class=\"vy_contact_phone_title\">Sans frais<\/span> : <span class=\"vy_contact_phone_number\">+1 (833) 430-8001<\/span><\/li>\n<\/ul>\n<p><a class=\"vy_contact_email uk-link-text\" href=\"mailto:sales@shockform.com\">sales@shockform.com<\/a><\/div>\n<p>[\/et_pb_text][\/et_pb_column][et_pb_column type=\u00a0\u00bb1_3&Prime; _builder_version=\u00a0\u00bb4.24.3&Prime; _module_preset=\u00a0\u00bbdefault\u00a0\u00bb global_colors_info=\u00a0\u00bb{}\u00a0\u00bb][et_pb_text _builder_version=\u00a0\u00bb4.24.3&Prime; _module_preset=\u00a0\u00bbdefault\u00a0\u00bb global_colors_info=\u00a0\u00bb{}\u00a0\u00bb]<\/p>\n<ul class=\"vy_contact_business uk-list uk-list-collapse\">\n<li><span class=\"vy_contact_business_day\">Lundi au vendredi<\/span> : <span class=\"vy_contact_business_time\">8:30 &#8211; 16:30 EST<\/span><\/li>\n<li><span class=\"vy_contact_business_day\">Samedi et dimanche<\/span> : <span class=\"vy_contact_business_time\">Ferm\u00e9<\/span><\/li>\n<\/ul>\n<p>[\/et_pb_text][\/et_pb_column][\/et_pb_row][\/et_pb_section][et_pb_section fb_built=\u00a0\u00bb1&Prime; disabled_on=\u00a0\u00bbon|on|on\u00a0\u00bb _builder_version=\u00a0\u00bb4.24.3&Prime; _module_preset=\u00a0\u00bbdefault\u00a0\u00bb disabled=\u00a0\u00bbon\u00a0\u00bb global_colors_info=\u00a0\u00bb{}\u00a0\u00bb][et_pb_row _builder_version=\u00a0\u00bb4.24.3&Prime; _module_preset=\u00a0\u00bbdefault\u00a0\u00bb width=\u00a0\u00bb100%\u00a0\u00bb max_width=\u00a0\u00bb2000px\u00a0\u00bb global_colors_info=\u00a0\u00bb{}\u00a0\u00bb][et_pb_column type=\u00a0\u00bb4_4&Prime; _builder_version=\u00a0\u00bb4.24.3&Prime; _module_preset=\u00a0\u00bbdefault\u00a0\u00bb global_colors_info=\u00a0\u00bb{}\u00a0\u00bb][et_pb_map _builder_version=\u00a0\u00bb4.24.3&Prime; _module_preset=\u00a0\u00bbdefault\u00a0\u00bb global_colors_info=\u00a0\u00bb{}\u00a0\u00bb][\/et_pb_map][\/et_pb_column][\/et_pb_row][\/et_pb_section]<\/p>\n","protected":false},"excerpt":{"rendered":"<p>Shockform Aeronautics Inc.4482, Boulevard de la Grande-All\u00e9eBoisbriand (Qu\u00e9bec) J7H 1R9, CANADA T\u00e9l. : +1 (450) 430-8000 Fax : +1 (450) 430-1761 Sans frais : +1 (833) 430-8001 sales@shockform.com Lundi au vendredi : 8:30 &#8211; 16:30 EST Samedi et dimanche : Ferm\u00e9<\/p>\n","protected":false},"author":1,"featured_media":0,"parent":0,"menu_order":0,"comment_status":"closed","ping_status":"closed","template":"","meta":{"_et_pb_use_builder":"on","_et_pb_old_content":"","_et_gb_content_width":"","footnotes":""},"class_list":["post-2843","page","type-page","status-publish","hentry"],"yoast_head":"<!-- This site is optimized with the Yoast SEO plugin v27.5 - https:\/\/yoast.com\/product\/yoast-seo-wordpress\/ -->\n<title>Contact - Shockform A\u00e9ronautique Inc.<\/title>\n<meta name=\"robots\" content=\"index, follow, max-snippet:-1, max-image-preview:large, max-video-preview:-1\" \/>\n<link rel=\"canonical\" href=\"https:\/\/www.shockform.com\/fr\/contact\/\" \/>\n<meta property=\"og:locale\" content=\"fr_FR\" \/>\n<meta property=\"og:type\" content=\"article\" \/>\n<meta property=\"og:title\" content=\"Contact - Shockform A\u00e9ronautique Inc.\" \/>\n<meta property=\"og:description\" content=\"Shockform Aeronautics Inc.4482, Boulevard de la Grande-All\u00e9eBoisbriand (Qu\u00e9bec) J7H 1R9, CANADA T\u00e9l. : +1 (450) 430-8000 Fax : +1 (450) 430-1761 Sans frais : +1 (833) 430-8001 sales@shockform.com Lundi au vendredi : 8:30 - 16:30 EST Samedi et dimanche : Ferm\u00e9\" \/>\n<meta property=\"og:url\" content=\"https:\/\/www.shockform.com\/fr\/contact\/\" \/>\n<meta property=\"og:site_name\" content=\"Shockform A\u00e9ronautique Inc.\" \/>\n<meta property=\"article:modified_time\" content=\"2024-04-22T20:54:23+00:00\" \/>\n<meta name=\"twitter:card\" content=\"summary_large_image\" \/>\n<meta name=\"twitter:label1\" content=\"Dur\u00e9e de lecture estim\u00e9e\" \/>\n\t<meta name=\"twitter:data1\" content=\"2 minutes\" \/>\n<script type=\"application\/ld+json\" class=\"yoast-schema-graph\">{\"@context\":\"https:\\\/\\\/schema.org\",\"@graph\":[{\"@type\":\"WebPage\",\"@id\":\"https:\\\/\\\/www.shockform.com\\\/fr\\\/contact\\\/\",\"url\":\"https:\\\/\\\/www.shockform.com\\\/fr\\\/contact\\\/\",\"name\":\"Contact - Shockform A\u00e9ronautique Inc.\",\"isPartOf\":{\"@id\":\"https:\\\/\\\/www.shockform.com\\\/fr\\\/#website\"},\"datePublished\":\"2024-04-05T17:58:22+00:00\",\"dateModified\":\"2024-04-22T20:54:23+00:00\",\"breadcrumb\":{\"@id\":\"https:\\\/\\\/www.shockform.com\\\/fr\\\/contact\\\/#breadcrumb\"},\"inLanguage\":\"fr-FR\",\"potentialAction\":[{\"@type\":\"ReadAction\",\"target\":[\"https:\\\/\\\/www.shockform.com\\\/fr\\\/contact\\\/\"]}]},{\"@type\":\"BreadcrumbList\",\"@id\":\"https:\\\/\\\/www.shockform.com\\\/fr\\\/contact\\\/#breadcrumb\",\"itemListElement\":[{\"@type\":\"ListItem\",\"position\":1,\"name\":\"Home\",\"item\":\"https:\\\/\\\/www.shockform.com\\\/fr\\\/\"},{\"@type\":\"ListItem\",\"position\":2,\"name\":\"Contact\"}]},{\"@type\":\"WebSite\",\"@id\":\"https:\\\/\\\/www.shockform.com\\\/fr\\\/#website\",\"url\":\"https:\\\/\\\/www.shockform.com\\\/fr\\\/\",\"name\":\"Shockform A\u00e9ronautique Inc.\",\"description\":\"Shockform | Innovative Products \u2013 Expert Peening Advice\",\"publisher\":{\"@id\":\"https:\\\/\\\/www.shockform.com\\\/fr\\\/#organization\"},\"potentialAction\":[{\"@type\":\"SearchAction\",\"target\":{\"@type\":\"EntryPoint\",\"urlTemplate\":\"https:\\\/\\\/www.shockform.com\\\/fr\\\/?s={search_term_string}\"},\"query-input\":{\"@type\":\"PropertyValueSpecification\",\"valueRequired\":true,\"valueName\":\"search_term_string\"}}],\"inLanguage\":\"fr-FR\"},{\"@type\":\"Organization\",\"@id\":\"https:\\\/\\\/www.shockform.com\\\/fr\\\/#organization\",\"name\":\"Shockform A\u00e9ronautique Inc.\",\"url\":\"https:\\\/\\\/www.shockform.com\\\/fr\\\/\",\"logo\":{\"@type\":\"ImageObject\",\"inLanguage\":\"fr-FR\",\"@id\":\"https:\\\/\\\/www.shockform.com\\\/fr\\\/#\\\/schema\\\/logo\\\/image\\\/\",\"url\":\"https:\\\/\\\/www.shockform.com\\\/wp-content\\\/uploads\\\/2024\\\/03\\\/shockform_logo.svg\",\"contentUrl\":\"https:\\\/\\\/www.shockform.com\\\/wp-content\\\/uploads\\\/2024\\\/03\\\/shockform_logo.svg\",\"width\":339,\"height\":46,\"caption\":\"Shockform A\u00e9ronautique Inc.\"},\"image\":{\"@id\":\"https:\\\/\\\/www.shockform.com\\\/fr\\\/#\\\/schema\\\/logo\\\/image\\\/\"},\"sameAs\":[\"https:\\\/\\\/www.youtube.com\\\/channel\\\/UC7sStPqtcJVo_Jj_WnkCjFw\",\"https:\\\/\\\/www.linkedin.com\\\/company\\\/shockform\\\/?originalSubdomain=ca\"]}]}<\/script>\n<!-- \/ Yoast SEO plugin. -->","yoast_head_json":{"title":"Contact - Shockform A\u00e9ronautique Inc.","robots":{"index":"index","follow":"follow","max-snippet":"max-snippet:-1","max-image-preview":"max-image-preview:large","max-video-preview":"max-video-preview:-1"},"canonical":"https:\/\/www.shockform.com\/fr\/contact\/","og_locale":"fr_FR","og_type":"article","og_title":"Contact - Shockform A\u00e9ronautique Inc.","og_description":"Shockform Aeronautics Inc.4482, Boulevard de la Grande-All\u00e9eBoisbriand (Qu\u00e9bec) J7H 1R9, CANADA T\u00e9l. : +1 (450) 430-8000 Fax : +1 (450) 430-1761 Sans frais : +1 (833) 430-8001 sales@shockform.com Lundi au vendredi : 8:30 - 16:30 EST Samedi et dimanche : Ferm\u00e9","og_url":"https:\/\/www.shockform.com\/fr\/contact\/","og_site_name":"Shockform A\u00e9ronautique Inc.","article_modified_time":"2024-04-22T20:54:23+00:00","twitter_card":"summary_large_image","twitter_misc":{"Dur\u00e9e de lecture estim\u00e9e":"2 minutes"},"schema":{"@context":"https:\/\/schema.org","@graph":[{"@type":"WebPage","@id":"https:\/\/www.shockform.com\/fr\/contact\/","url":"https:\/\/www.shockform.com\/fr\/contact\/","name":"Contact - Shockform A\u00e9ronautique Inc.","isPartOf":{"@id":"https:\/\/www.shockform.com\/fr\/#website"},"datePublished":"2024-04-05T17:58:22+00:00","dateModified":"2024-04-22T20:54:23+00:00","breadcrumb":{"@id":"https:\/\/www.shockform.com\/fr\/contact\/#breadcrumb"},"inLanguage":"fr-FR","potentialAction":[{"@type":"ReadAction","target":["https:\/\/www.shockform.com\/fr\/contact\/"]}]},{"@type":"BreadcrumbList","@id":"https:\/\/www.shockform.com\/fr\/contact\/#breadcrumb","itemListElement":[{"@type":"ListItem","position":1,"name":"Home","item":"https:\/\/www.shockform.com\/fr\/"},{"@type":"ListItem","position":2,"name":"Contact"}]},{"@type":"WebSite","@id":"https:\/\/www.shockform.com\/fr\/#website","url":"https:\/\/www.shockform.com\/fr\/","name":"Shockform A\u00e9ronautique Inc.","description":"Shockform | Innovative Products \u2013 Expert Peening Advice","publisher":{"@id":"https:\/\/www.shockform.com\/fr\/#organization"},"potentialAction":[{"@type":"SearchAction","target":{"@type":"EntryPoint","urlTemplate":"https:\/\/www.shockform.com\/fr\/?s={search_term_string}"},"query-input":{"@type":"PropertyValueSpecification","valueRequired":true,"valueName":"search_term_string"}}],"inLanguage":"fr-FR"},{"@type":"Organization","@id":"https:\/\/www.shockform.com\/fr\/#organization","name":"Shockform A\u00e9ronautique Inc.","url":"https:\/\/www.shockform.com\/fr\/","logo":{"@type":"ImageObject","inLanguage":"fr-FR","@id":"https:\/\/www.shockform.com\/fr\/#\/schema\/logo\/image\/","url":"https:\/\/www.shockform.com\/wp-content\/uploads\/2024\/03\/shockform_logo.svg","contentUrl":"https:\/\/www.shockform.com\/wp-content\/uploads\/2024\/03\/shockform_logo.svg","width":339,"height":46,"caption":"Shockform A\u00e9ronautique Inc."},"image":{"@id":"https:\/\/www.shockform.com\/fr\/#\/schema\/logo\/image\/"},"sameAs":["https:\/\/www.youtube.com\/channel\/UC7sStPqtcJVo_Jj_WnkCjFw","https:\/\/www.linkedin.com\/company\/shockform\/?originalSubdomain=ca"]}]}},"_links":{"self":[{"href":"https:\/\/www.shockform.com\/fr\/wp-json\/wp\/v2\/pages\/2843","targetHints":{"allow":["GET"]}}],"collection":[{"href":"https:\/\/www.shockform.com\/fr\/wp-json\/wp\/v2\/pages"}],"about":[{"href":"https:\/\/www.shockform.com\/fr\/wp-json\/wp\/v2\/types\/page"}],"author":[{"embeddable":true,"href":"https:\/\/www.shockform.com\/fr\/wp-json\/wp\/v2\/users\/1"}],"replies":[{"embeddable":true,"href":"https:\/\/www.shockform.com\/fr\/wp-json\/wp\/v2\/comments?post=2843"}],"version-history":[{"count":10,"href":"https:\/\/www.shockform.com\/fr\/wp-json\/wp\/v2\/pages\/2843\/revisions"}],"predecessor-version":[{"id":4509,"href":"https:\/\/www.shockform.com\/fr\/wp-json\/wp\/v2\/pages\/2843\/revisions\/4509"}],"wp:attachment":[{"href":"https:\/\/www.shockform.com\/fr\/wp-json\/wp\/v2\/media?parent=2843"}],"curies":[{"name":"wp","href":"https:\/\/api.w.org\/{rel}","templated":true}]}}