{"id":2852,"date":"2024-04-05T15:09:28","date_gmt":"2024-04-05T19:09:28","guid":{"rendered":"https:\/\/www.shockform.com\/innovations\/"},"modified":"2024-04-22T16:55:55","modified_gmt":"2024-04-22T20:55:55","slug":"innovations","status":"publish","type":"page","link":"https:\/\/www.shockform.com\/fr\/innovations\/","title":{"rendered":"Innovations"},"content":{"rendered":"<p>[et_pb_section fb_built=\u00a0\u00bb1&Prime; custom_padding_last_edited=\u00a0\u00bbon|tablet\u00a0\u00bb admin_label=\u00a0\u00bbHeader\u00a0\u00bb _builder_version=\u00a0\u00bb4.24.3&Prime; _module_preset=\u00a0\u00bbdefault\u00a0\u00bb background_color=\u00a0\u00bbgcid-4a1179ed-f9ed-44df-8534-c29c3050faca\u00a0\u00bb background_image=\u00a0\u00bbhttps:\/\/www.shockform.com\/wp-content\/uploads\/2024\/04\/shockform__waves-header.png\u00a0\u00bb background_size=\u00a0\u00bbcontain\u00a0\u00bb background_position=\u00a0\u00bbtop_left\u00a0\u00bb background_horizontal_offset=\u00a0\u00bb38%\u00a0\u00bb custom_padding=\u00a0\u00bb6vw||3vw||false|false\u00a0\u00bb custom_padding_tablet=\u00a0\u00bb6vw||0vw||false|false\u00a0\u00bb custom_padding_phone=\u00a0\u00bb12vw||3vw||false|false\u00a0\u00bb background_last_edited=\u00a0\u00bbon|tablet\u00a0\u00bb background_enable_image_phone=\u00a0\u00bboff\u00a0\u00bb parallax_phone=\u00a0\u00bboff\u00a0\u00bb background_size_tablet=\u00a0\u00bbcover\u00a0\u00bb background_size_phone=\u00a0\u00bbcontain\u00a0\u00bb background_image_width_phone=\u00a0\u00bb200%\u00a0\u00bb background_position_phone=\u00a0\u00bbtop_center\u00a0\u00bb background_horizontal_offset_phone=\u00a0\u00bb29%\u00a0\u00bb global_module=\u00a0\u00bb2424&Prime; saved_tabs=\u00a0\u00bball\u00a0\u00bb global_colors_info=\u00a0\u00bb{%22gcid-d859e080-4500-46c9-891f-5b21c26ad698%22:%91%22background_color%22%93}\u00a0\u00bb][et_pb_row _builder_version=\u00a0\u00bb4.24.3&Prime; _module_preset=\u00a0\u00bbdefault\u00a0\u00bb custom_padding=\u00a0\u00bb0px||0px||false|false\u00a0\u00bb global_colors_info=\u00a0\u00bb{}\u00a0\u00bb][et_pb_column type=\u00a0\u00bb4_4&Prime; _builder_version=\u00a0\u00bb4.24.3&Prime; _module_preset=\u00a0\u00bbdefault\u00a0\u00bb global_colors_info=\u00a0\u00bb{}\u00a0\u00bb][et_pb_heading title=\u00a0\u00bb@ET-DC@eyJkeW5hbWljIjp0cnVlLCJjb250ZW50IjoicG9zdF90aXRsZSIsInNldHRpbmdzIjp7ImJlZm9yZSI6IiIsImFmdGVyIjoiIn19@\u00a0\u00bb admin_label=\u00a0\u00bbHD &#8211; Page title\u00a0\u00bb _builder_version=\u00a0\u00bb4.24.3&Prime; _dynamic_attributes=\u00a0\u00bbtitle\u00a0\u00bb _module_preset=\u00a0\u00bbdefault\u00a0\u00bb title_text_color=\u00a0\u00bb#FFFFFF\u00a0\u00bb global_colors_info=\u00a0\u00bb{}\u00a0\u00bb][\/et_pb_heading][et_pb_text admin_label=\u00a0\u00bbTXT &#8211; lead\u00a0\u00bb module_class=\u00a0\u00bbtext-lead\u00a0\u00bb _builder_version=\u00a0\u00bb4.24.3&Prime; _dynamic_attributes=\u00a0\u00bbcontent\u00a0\u00bb _module_preset=\u00a0\u00bbdefault\u00a0\u00bb background_layout=\u00a0\u00bbdark\u00a0\u00bb width=\u00a0\u00bb800px\u00a0\u00bb max_width=\u00a0\u00bb100%\u00a0\u00bb global_colors_info=\u00a0\u00bb{}\u00a0\u00bb]@ET-DC@eyJkeW5hbWljIjp0cnVlLCJjb250ZW50IjoiY3VzdG9tX21ldGFfbGVhZCIsInNldHRpbmdzIjp7ImJlZm9yZSI6IiIsImFmdGVyIjoiIiwiZW5hYmxlX2h0bWwiOiJvbiJ9fQ==@[\/et_pb_text][\/et_pb_column][\/et_pb_row][\/et_pb_section][et_pb_section fb_built=\u00a0\u00bb1&Prime; _builder_version=\u00a0\u00bb4.24.3&Prime; _module_preset=\u00a0\u00bbdefault\u00a0\u00bb background_color=\u00a0\u00bbgcid-4a1179ed-f9ed-44df-8534-c29c3050faca\u00a0\u00bb custom_padding=\u00a0\u00bb0px||3vw||false|false\u00a0\u00bb global_colors_info=\u00a0\u00bb{%22gcid-4a1179ed-f9ed-44df-8534-c29c3050faca%22:%91%22background_color%22%93}\u00a0\u00bb][et_pb_row _builder_version=\u00a0\u00bb4.24.3&Prime; _module_preset=\u00a0\u00bbdefault\u00a0\u00bb global_colors_info=\u00a0\u00bb{}\u00a0\u00bb][et_pb_column type=\u00a0\u00bb4_4&Prime; _builder_version=\u00a0\u00bb4.24.3&Prime; _module_preset=\u00a0\u00bbdefault\u00a0\u00bb global_colors_info=\u00a0\u00bb{}\u00a0\u00bb][et_pb_text _builder_version=\u00a0\u00bb4.24.3&Prime; _module_preset=\u00a0\u00bbdefault\u00a0\u00bb background_layout=\u00a0\u00bbdark\u00a0\u00bb global_colors_info=\u00a0\u00bb{}\u00a0\u00bb]<\/p>\n<p>Shockform a une forte culture de l&rsquo;innovation qui g\u00e9n\u00e8re des solutions passionnantes aux d\u00e9fis de nos clients. Voici quelques exemples notables :<\/p>\n<ul>\n<li>Le contr\u00f4leur FlapSpeed\u00ae pour le roto grenaillage,<\/li>\n<li>Le syst\u00e8me intelligent d&rsquo;outils et d&rsquo;abrasifs Spedron\u00ae,<\/li>\n<li>L&rsquo;outil de grenaillage \u00e0 aiguille Spiker\u00ae pour les composants de moteurs a\u00e9ronautiques,<\/li>\n<li>La machine de grenaillage manuelle contr\u00f4l\u00e9e SmartPeen\u00ae avec syst\u00e8me d\u2019aspiration.<\/li>\n<\/ul>\n<p>L&rsquo;\u00e9quipe de Shockform est en train de terminer le travail sur un nouveau dispositif appel\u00e9 \u00ab\u00a0E-Strip\u00ae\u00a0\u00bb pour la mesure \u00e9lectronique de l&rsquo;intensit\u00e9 Almen, qui va r\u00e9volutionner l&rsquo;industrie du grenaillage.<\/p>\n<p>[\/et_pb_text][\/et_pb_column][\/et_pb_row][\/et_pb_section][et_pb_section fb_built=\u00a0\u00bb1&Prime; admin_label=\u00a0\u00bbInnovations &#8211; Featured\u00a0\u00bb _builder_version=\u00a0\u00bb4.24.3&Prime; _module_preset=\u00a0\u00bbdefault\u00a0\u00bb background_color=\u00a0\u00bb#FFFFFF\u00a0\u00bb background_enable_image=\u00a0\u00bboff\u00a0\u00bb custom_padding=\u00a0\u00bb3vw||3vw||true|false\u00a0\u00bb top_divider_style=\u00a0\u00bbcurve\u00a0\u00bb top_divider_color=\u00a0\u00bbgcid-4a1179ed-f9ed-44df-8534-c29c3050faca\u00a0\u00bb top_divider_height=\u00a0\u00bb3vw\u00a0\u00bb bottom_divider_color=\u00a0\u00bbgcid-4a1179ed-f9ed-44df-8534-c29c3050faca\u00a0\u00bb global_colors_info=\u00a0\u00bb{%22gcid-4a1179ed-f9ed-44df-8534-c29c3050faca%22:%91%22top_divider_color%22%93}\u00a0\u00bb][et_pb_row _builder_version=\u00a0\u00bb4.24.3&Prime; _module_preset=\u00a0\u00bbdefault\u00a0\u00bb global_colors_info=\u00a0\u00bb{}\u00a0\u00bb][et_pb_column type=\u00a0\u00bb4_4&Prime; _builder_version=\u00a0\u00bb4.24.3&Prime; _module_preset=\u00a0\u00bbdefault\u00a0\u00bb global_colors_info=\u00a0\u00bb{}\u00a0\u00bb][dsm_card title=\u00a0\u00bbLE CAPTEUR DE MESURE D\u2019INTENSIT\u00c9 E-STRIP\u00ae\u00a0\u00bb image=\u00a0\u00bbhttps:\/\/www.shockform.com\/wp-content\/uploads\/2024\/04\/shockform__product_estrip_500.png\u00a0\u00bb image_background_size=\u00a0\u00bbcontain\u00a0\u00bb image_alignment=\u00a0\u00bbright\u00a0\u00bb button_text=\u00a0\u00bben savoir plus\u00a0\u00bb button_url=\u00a0\u00bb@ET-DC@eyJkeW5hbWljIjp0cnVlLCJjb250ZW50IjoicG9zdF9saW5rX3VybF9wYWdlIiwic2V0dGluZ3MiOnsicG9zdF9pZCI6IjQxNTkifX0=@\u00a0\u00bb admin_label=\u00a0\u00bbCard &#8211; E-strip\u00a0\u00bb _builder_version=\u00a0\u00bb4.25.0&Prime; _dynamic_attributes=\u00a0\u00bbbutton_url\u00a0\u00bb _module_preset=\u00a0\u00bb78370ed0-f35a-4f4c-9379-0b7b87f4e0dc\u00a0\u00bb background_layout=\u00a0\u00bblight\u00a0\u00bb custom_padding=\u00a0\u00bb||||false|false\u00a0\u00bb]<\/p>\n<p>Le capteur de mesure d&rsquo;intensit\u00e9 E-Strip\u00ae est la prochaine r\u00e9volution dans le domaine du grenaillage. Faites \u00e9voluer votre processus de mesure et de v\u00e9rification de l&rsquo;intensit\u00e9 vers une version \u00e9lectronique plus facile, plus rapide, plus performante et plus \u00e9cologique.<\/p>\n<p>[\/dsm_card][dsm_card title=\u00a0\u00bbSPEDRON\u00ae\u00a0\u00bb image=\u00a0\u00bbhttps:\/\/www.shockform.com\/wp-content\/uploads\/2024\/04\/shockform__innovations__mromco.jpg\u00a0\u00bb image_background_size=\u00a0\u00bbcontain\u00a0\u00bb image_alignment=\u00a0\u00bbright\u00a0\u00bb button_text=\u00a0\u00bben savoir plus\u00a0\u00bb button_url=\u00a0\u00bb@ET-DC@eyJkeW5hbWljIjp0cnVlLCJjb250ZW50IjoicG9zdF9saW5rX3VybF9wYWdlIiwic2V0dGluZ3MiOnsicG9zdF9pZCI6IjMyNTIifX0=@\u00a0\u00bb admin_label=\u00a0\u00bbCard &#8211; SPEDRON\u00ae\u00a0\u00bb _builder_version=\u00a0\u00bb4.25.0&Prime; _dynamic_attributes=\u00a0\u00bbbutton_url\u00a0\u00bb _module_preset=\u00a0\u00bb78370ed0-f35a-4f4c-9379-0b7b87f4e0dc\u00a0\u00bb background_layout=\u00a0\u00bblight\u00a0\u00bb custom_padding=\u00a0\u00bb||||false|false\u00a0\u00bb hover_enabled=\u00a0\u00bb0&Prime; sticky_enabled=\u00a0\u00bb0&Prime;]<\/p>\n<p>Un nouvel outil pour am\u00e9liorer la qualit\u00e9, la productivit\u00e9 et la s\u00e9curit\u00e9 des op\u00e9rations de surface.<\/p>\n<p>[\/dsm_card][\/et_pb_column][\/et_pb_row][\/et_pb_section]<\/p>\n","protected":false},"excerpt":{"rendered":"<p>Shockform a une forte culture de l&rsquo;innovation qui g\u00e9n\u00e8re des solutions passionnantes aux d\u00e9fis de nos clients. Voici quelques exemples notables : Le contr\u00f4leur FlapSpeed\u00ae pour le roto grenaillage, Le syst\u00e8me intelligent d&rsquo;outils et d&rsquo;abrasifs Spedron\u00ae, L&rsquo;outil de grenaillage \u00e0 aiguille Spiker\u00ae pour les composants de moteurs a\u00e9ronautiques, La machine de grenaillage manuelle contr\u00f4l\u00e9e SmartPeen\u00ae avec syst\u00e8me d\u2019aspiration. L&rsquo;\u00e9quipe de Shockform est en train de terminer le travail sur un nouveau dispositif appel\u00e9 \u00ab\u00a0E-Strip\u00ae\u00a0\u00bb pour la mesure \u00e9lectronique de l&rsquo;intensit\u00e9 Almen, qui va r\u00e9volutionner l&rsquo;industrie du grenaillage.<div class=\"et_pb_module dsm_card dsm_card_0 card-zoom-in featured  btn et_pb_section_video_on_hover et_pb_bg_layout_light dsm_card_layout_stacked dsm_card_tablet_layout_inline dsm_card_phone_layout_stacked\">\n\t\t\t\t\n\t\t\t\t\n\t\t\t\t\n\t\t\t\t\n\t\t\t\t\n\t\t\t\t\n\t\t\t\t<div class=\"et_pb_module_inner\">\n\t\t\t\t\t\n\t\t\t\n\t\t\t<figure class=\"dsm_card_image_wrapper dsm_card_badge_top_right\"><div class=\"dsm_card_image_background dsm_card_img\"><\/div><\/figure>\n\t\t\t<div class=\"et_pb_module dsm_card_wrapper et_pb_text_align_left\">\n\t\t\t\t\t\n\t\t\t\t\t<h2 class=\"dsm_card_title et_pb_module_header\">LE CAPTEUR DE MESURE D\u2019INTENSIT\u00c9 E-STRIP\u00ae<\/h2>\n\t\t\t\t\t\n\t\t\t\t\t<div class=\"dsm_card_description\">Le capteur de mesure d&rsquo;intensit\u00e9 E-Strip\u00ae est la prochaine r\u00e9volution dans le domaine du grenaillage. Faites \u00e9voluer votre processus de mesure et de v\u00e9rification de l&rsquo;intensit\u00e9 vers une version \u00e9lectronique plus facile, plus rapide, plus performante et plus \u00e9cologique.<\/div>\n\t\t\t\t\t<div class=\"et_pb_button_wrapper\"><a class=\"et_pb_button et_pb_more_button \" href=\"\">en savoir plus<\/a><\/div>\n\t\t\t\t<\/div>\n\t\t\t\n\t\t\t\t<\/div>\n\t\t\t<\/div><div class=\"et_pb_module dsm_card dsm_card_1 card-zoom-in featured  btn et_pb_section_video_on_hover et_pb_bg_layout_light dsm_card_layout_stacked dsm_card_tablet_layout_inline dsm_card_phone_layout_stacked\">\n\t\t\t\t\n\t\t\t\t\n\t\t\t\t\n\t\t\t\t\n\t\t\t\t\n\t\t\t\t\n\t\t\t\t<div class=\"et_pb_module_inner\">\n\t\t\t\t\t\n\t\t\t\n\t\t\t<figure class=\"dsm_card_image_wrapper dsm_card_badge_top_right\"><div class=\"dsm_card_image_background dsm_card_img\"><\/div><\/figure>\n\t\t\t<div class=\"et_pb_module dsm_card_wrapper et_pb_text_align_left\">\n\t\t\t\t\t\n\t\t\t\t\t<h2 class=\"dsm_card_title et_pb_module_header\">SPEDRON\u00ae<\/h2>\n\t\t\t\t\t\n\t\t\t\t\t<div class=\"dsm_card_description\">Un nouvel outil pour am\u00e9liorer la qualit\u00e9, la productivit\u00e9 et la s\u00e9curit\u00e9 des op\u00e9rations de surface.<\/div>\n\t\t\t\t\t<div class=\"et_pb_button_wrapper\"><a class=\"et_pb_button et_pb_more_button \" href=\"\">en savoir plus<\/a><\/div>\n\t\t\t\t<\/div>\n\t\t\t\n\t\t\t\t<\/div>\n\t\t\t<\/div><\/p>\n","protected":false},"author":1,"featured_media":0,"parent":0,"menu_order":0,"comment_status":"closed","ping_status":"closed","template":"","meta":{"_et_pb_use_builder":"on","_et_pb_old_content":"","_et_gb_content_width":"","footnotes":""},"class_list":["post-2852","page","type-page","status-publish","hentry"],"yoast_head":"<!-- This site is optimized with the Yoast SEO plugin v27.4 - https:\/\/yoast.com\/product\/yoast-seo-wordpress\/ -->\n<title>Innovations - Shockform A\u00e9ronautique Inc.<\/title>\n<meta name=\"robots\" content=\"index, follow, max-snippet:-1, max-image-preview:large, max-video-preview:-1\" \/>\n<link rel=\"canonical\" href=\"https:\/\/www.shockform.com\/fr\/innovations\/\" \/>\n<meta property=\"og:locale\" content=\"fr_FR\" \/>\n<meta property=\"og:type\" content=\"article\" \/>\n<meta property=\"og:title\" content=\"Innovations - Shockform A\u00e9ronautique Inc.\" \/>\n<meta property=\"og:description\" content=\"Shockform a une forte culture de l&#039;innovation qui g\u00e9n\u00e8re des solutions passionnantes aux d\u00e9fis de nos clients. Voici quelques exemples notables : Le contr\u00f4leur FlapSpeed\u00ae pour le roto grenaillage, Le syst\u00e8me intelligent d&#039;outils et d&#039;abrasifs Spedron\u00ae, L&#039;outil de grenaillage \u00e0 aiguille Spiker\u00ae pour les composants de moteurs a\u00e9ronautiques, La machine de grenaillage manuelle contr\u00f4l\u00e9e SmartPeen\u00ae avec syst\u00e8me d\u2019aspiration. L&#039;\u00e9quipe de Shockform est en train de terminer le travail sur un nouveau dispositif appel\u00e9 &quot;E-Strip\u00ae&quot; pour la mesure \u00e9lectronique de l&#039;intensit\u00e9 Almen, qui va r\u00e9volutionner l&#039;industrie du grenaillage.\" \/>\n<meta property=\"og:url\" content=\"https:\/\/www.shockform.com\/fr\/innovations\/\" \/>\n<meta property=\"og:site_name\" content=\"Shockform A\u00e9ronautique Inc.\" \/>\n<meta property=\"article:modified_time\" content=\"2024-04-22T20:55:55+00:00\" \/>\n<meta name=\"twitter:card\" content=\"summary_large_image\" \/>\n<meta name=\"twitter:label1\" content=\"Dur\u00e9e de lecture estim\u00e9e\" \/>\n\t<meta name=\"twitter:data1\" content=\"4 minutes\" \/>\n<script type=\"application\/ld+json\" class=\"yoast-schema-graph\">{\"@context\":\"https:\\\/\\\/schema.org\",\"@graph\":[{\"@type\":\"WebPage\",\"@id\":\"https:\\\/\\\/www.shockform.com\\\/fr\\\/innovations\\\/\",\"url\":\"https:\\\/\\\/www.shockform.com\\\/fr\\\/innovations\\\/\",\"name\":\"Innovations - Shockform A\u00e9ronautique Inc.\",\"isPartOf\":{\"@id\":\"https:\\\/\\\/www.shockform.com\\\/fr\\\/#website\"},\"datePublished\":\"2024-04-05T19:09:28+00:00\",\"dateModified\":\"2024-04-22T20:55:55+00:00\",\"breadcrumb\":{\"@id\":\"https:\\\/\\\/www.shockform.com\\\/fr\\\/innovations\\\/#breadcrumb\"},\"inLanguage\":\"fr-FR\",\"potentialAction\":[{\"@type\":\"ReadAction\",\"target\":[\"https:\\\/\\\/www.shockform.com\\\/fr\\\/innovations\\\/\"]}]},{\"@type\":\"BreadcrumbList\",\"@id\":\"https:\\\/\\\/www.shockform.com\\\/fr\\\/innovations\\\/#breadcrumb\",\"itemListElement\":[{\"@type\":\"ListItem\",\"position\":1,\"name\":\"Home\",\"item\":\"https:\\\/\\\/www.shockform.com\\\/fr\\\/\"},{\"@type\":\"ListItem\",\"position\":2,\"name\":\"Innovations\"}]},{\"@type\":\"WebSite\",\"@id\":\"https:\\\/\\\/www.shockform.com\\\/fr\\\/#website\",\"url\":\"https:\\\/\\\/www.shockform.com\\\/fr\\\/\",\"name\":\"Shockform A\u00e9ronautique Inc.\",\"description\":\"Shockform | Innovative Products \u2013 Expert Peening Advice\",\"publisher\":{\"@id\":\"https:\\\/\\\/www.shockform.com\\\/fr\\\/#organization\"},\"potentialAction\":[{\"@type\":\"SearchAction\",\"target\":{\"@type\":\"EntryPoint\",\"urlTemplate\":\"https:\\\/\\\/www.shockform.com\\\/fr\\\/?s={search_term_string}\"},\"query-input\":{\"@type\":\"PropertyValueSpecification\",\"valueRequired\":true,\"valueName\":\"search_term_string\"}}],\"inLanguage\":\"fr-FR\"},{\"@type\":\"Organization\",\"@id\":\"https:\\\/\\\/www.shockform.com\\\/fr\\\/#organization\",\"name\":\"Shockform A\u00e9ronautique Inc.\",\"url\":\"https:\\\/\\\/www.shockform.com\\\/fr\\\/\",\"logo\":{\"@type\":\"ImageObject\",\"inLanguage\":\"fr-FR\",\"@id\":\"https:\\\/\\\/www.shockform.com\\\/fr\\\/#\\\/schema\\\/logo\\\/image\\\/\",\"url\":\"https:\\\/\\\/www.shockform.com\\\/wp-content\\\/uploads\\\/2024\\\/03\\\/shockform_logo.svg\",\"contentUrl\":\"https:\\\/\\\/www.shockform.com\\\/wp-content\\\/uploads\\\/2024\\\/03\\\/shockform_logo.svg\",\"width\":339,\"height\":46,\"caption\":\"Shockform A\u00e9ronautique Inc.\"},\"image\":{\"@id\":\"https:\\\/\\\/www.shockform.com\\\/fr\\\/#\\\/schema\\\/logo\\\/image\\\/\"},\"sameAs\":[\"https:\\\/\\\/www.youtube.com\\\/channel\\\/UC7sStPqtcJVo_Jj_WnkCjFw\",\"https:\\\/\\\/www.linkedin.com\\\/company\\\/shockform\\\/?originalSubdomain=ca\"]}]}<\/script>\n<!-- \/ Yoast SEO plugin. -->","yoast_head_json":{"title":"Innovations - Shockform A\u00e9ronautique Inc.","robots":{"index":"index","follow":"follow","max-snippet":"max-snippet:-1","max-image-preview":"max-image-preview:large","max-video-preview":"max-video-preview:-1"},"canonical":"https:\/\/www.shockform.com\/fr\/innovations\/","og_locale":"fr_FR","og_type":"article","og_title":"Innovations - Shockform A\u00e9ronautique Inc.","og_description":"Shockform a une forte culture de l'innovation qui g\u00e9n\u00e8re des solutions passionnantes aux d\u00e9fis de nos clients. Voici quelques exemples notables : Le contr\u00f4leur FlapSpeed\u00ae pour le roto grenaillage, Le syst\u00e8me intelligent d'outils et d'abrasifs Spedron\u00ae, L'outil de grenaillage \u00e0 aiguille Spiker\u00ae pour les composants de moteurs a\u00e9ronautiques, La machine de grenaillage manuelle contr\u00f4l\u00e9e SmartPeen\u00ae avec syst\u00e8me d\u2019aspiration. L'\u00e9quipe de Shockform est en train de terminer le travail sur un nouveau dispositif appel\u00e9 \"E-Strip\u00ae\" pour la mesure \u00e9lectronique de l'intensit\u00e9 Almen, qui va r\u00e9volutionner l'industrie du grenaillage.","og_url":"https:\/\/www.shockform.com\/fr\/innovations\/","og_site_name":"Shockform A\u00e9ronautique Inc.","article_modified_time":"2024-04-22T20:55:55+00:00","twitter_card":"summary_large_image","twitter_misc":{"Dur\u00e9e de lecture estim\u00e9e":"4 minutes"},"schema":{"@context":"https:\/\/schema.org","@graph":[{"@type":"WebPage","@id":"https:\/\/www.shockform.com\/fr\/innovations\/","url":"https:\/\/www.shockform.com\/fr\/innovations\/","name":"Innovations - Shockform A\u00e9ronautique Inc.","isPartOf":{"@id":"https:\/\/www.shockform.com\/fr\/#website"},"datePublished":"2024-04-05T19:09:28+00:00","dateModified":"2024-04-22T20:55:55+00:00","breadcrumb":{"@id":"https:\/\/www.shockform.com\/fr\/innovations\/#breadcrumb"},"inLanguage":"fr-FR","potentialAction":[{"@type":"ReadAction","target":["https:\/\/www.shockform.com\/fr\/innovations\/"]}]},{"@type":"BreadcrumbList","@id":"https:\/\/www.shockform.com\/fr\/innovations\/#breadcrumb","itemListElement":[{"@type":"ListItem","position":1,"name":"Home","item":"https:\/\/www.shockform.com\/fr\/"},{"@type":"ListItem","position":2,"name":"Innovations"}]},{"@type":"WebSite","@id":"https:\/\/www.shockform.com\/fr\/#website","url":"https:\/\/www.shockform.com\/fr\/","name":"Shockform A\u00e9ronautique Inc.","description":"Shockform | Innovative Products \u2013 Expert Peening Advice","publisher":{"@id":"https:\/\/www.shockform.com\/fr\/#organization"},"potentialAction":[{"@type":"SearchAction","target":{"@type":"EntryPoint","urlTemplate":"https:\/\/www.shockform.com\/fr\/?s={search_term_string}"},"query-input":{"@type":"PropertyValueSpecification","valueRequired":true,"valueName":"search_term_string"}}],"inLanguage":"fr-FR"},{"@type":"Organization","@id":"https:\/\/www.shockform.com\/fr\/#organization","name":"Shockform A\u00e9ronautique Inc.","url":"https:\/\/www.shockform.com\/fr\/","logo":{"@type":"ImageObject","inLanguage":"fr-FR","@id":"https:\/\/www.shockform.com\/fr\/#\/schema\/logo\/image\/","url":"https:\/\/www.shockform.com\/wp-content\/uploads\/2024\/03\/shockform_logo.svg","contentUrl":"https:\/\/www.shockform.com\/wp-content\/uploads\/2024\/03\/shockform_logo.svg","width":339,"height":46,"caption":"Shockform A\u00e9ronautique Inc."},"image":{"@id":"https:\/\/www.shockform.com\/fr\/#\/schema\/logo\/image\/"},"sameAs":["https:\/\/www.youtube.com\/channel\/UC7sStPqtcJVo_Jj_WnkCjFw","https:\/\/www.linkedin.com\/company\/shockform\/?originalSubdomain=ca"]}]}},"_links":{"self":[{"href":"https:\/\/www.shockform.com\/fr\/wp-json\/wp\/v2\/pages\/2852","targetHints":{"allow":["GET"]}}],"collection":[{"href":"https:\/\/www.shockform.com\/fr\/wp-json\/wp\/v2\/pages"}],"about":[{"href":"https:\/\/www.shockform.com\/fr\/wp-json\/wp\/v2\/types\/page"}],"author":[{"embeddable":true,"href":"https:\/\/www.shockform.com\/fr\/wp-json\/wp\/v2\/users\/1"}],"replies":[{"embeddable":true,"href":"https:\/\/www.shockform.com\/fr\/wp-json\/wp\/v2\/comments?post=2852"}],"version-history":[{"count":15,"href":"https:\/\/www.shockform.com\/fr\/wp-json\/wp\/v2\/pages\/2852\/revisions"}],"predecessor-version":[{"id":4511,"href":"https:\/\/www.shockform.com\/fr\/wp-json\/wp\/v2\/pages\/2852\/revisions\/4511"}],"wp:attachment":[{"href":"https:\/\/www.shockform.com\/fr\/wp-json\/wp\/v2\/media?parent=2852"}],"curies":[{"name":"wp","href":"https:\/\/api.w.org\/{rel}","templated":true}]}}