{"id":2863,"date":"2024-04-05T15:26:04","date_gmt":"2024-04-05T19:26:04","guid":{"rendered":"https:\/\/www.shockform.com\/formations\/"},"modified":"2024-05-30T11:38:50","modified_gmt":"2024-05-30T15:38:50","slug":"formations","status":"publish","type":"page","link":"https:\/\/www.shockform.com\/fr\/formations\/","title":{"rendered":"Formations"},"content":{"rendered":"<p>[et_pb_section fb_built=\u00a0\u00bb1&Prime; custom_padding_last_edited=\u00a0\u00bbon|tablet\u00a0\u00bb admin_label=\u00a0\u00bbHeader\u00a0\u00bb _builder_version=\u00a0\u00bb4.24.3&Prime; _module_preset=\u00a0\u00bbdefault\u00a0\u00bb background_color=\u00a0\u00bbgcid-4a1179ed-f9ed-44df-8534-c29c3050faca\u00a0\u00bb background_image=\u00a0\u00bbhttps:\/\/www.shockform.com\/wp-content\/uploads\/2024\/04\/shockform__waves-header.png\u00a0\u00bb background_position=\u00a0\u00bbtop_left\u00a0\u00bb background_horizontal_offset=\u00a0\u00bb38%\u00a0\u00bb custom_padding=\u00a0\u00bb6vw||3vw||false|false\u00a0\u00bb custom_padding_tablet=\u00a0\u00bb6vw||0vw||false|false\u00a0\u00bb custom_padding_phone=\u00a0\u00bb12vw||3vw||false|false\u00a0\u00bb background_last_edited=\u00a0\u00bbon|tablet\u00a0\u00bb background_enable_image_phone=\u00a0\u00bboff\u00a0\u00bb parallax_phone=\u00a0\u00bboff\u00a0\u00bb background_size_tablet=\u00a0\u00bbcover\u00a0\u00bb background_size_phone=\u00a0\u00bbcontain\u00a0\u00bb background_image_width_phone=\u00a0\u00bb200%\u00a0\u00bb background_position_phone=\u00a0\u00bbtop_center\u00a0\u00bb background_horizontal_offset_phone=\u00a0\u00bb29%\u00a0\u00bb global_module=\u00a0\u00bb2424&Prime; saved_tabs=\u00a0\u00bball\u00a0\u00bb global_colors_info=\u00a0\u00bb{%22gcid-d859e080-4500-46c9-891f-5b21c26ad698%22:%91%22background_color%22%93}\u00a0\u00bb][et_pb_row _builder_version=\u00a0\u00bb4.24.3&Prime; _module_preset=\u00a0\u00bbdefault\u00a0\u00bb custom_padding=\u00a0\u00bb0px||0px||false|false\u00a0\u00bb global_colors_info=\u00a0\u00bb{}\u00a0\u00bb][et_pb_column type=\u00a0\u00bb4_4&Prime; _builder_version=\u00a0\u00bb4.24.3&Prime; _module_preset=\u00a0\u00bbdefault\u00a0\u00bb global_colors_info=\u00a0\u00bb{}\u00a0\u00bb][et_pb_heading title=\u00a0\u00bb@ET-DC@eyJkeW5hbWljIjp0cnVlLCJjb250ZW50IjoicG9zdF90aXRsZSIsInNldHRpbmdzIjp7ImJlZm9yZSI6IiIsImFmdGVyIjoiIn19@\u00a0\u00bb admin_label=\u00a0\u00bbHD &#8211; Page title\u00a0\u00bb _builder_version=\u00a0\u00bb4.24.3&Prime; _dynamic_attributes=\u00a0\u00bbtitle\u00a0\u00bb _module_preset=\u00a0\u00bbdefault\u00a0\u00bb title_text_color=\u00a0\u00bb#FFFFFF\u00a0\u00bb global_colors_info=\u00a0\u00bb{}\u00a0\u00bb][\/et_pb_heading][et_pb_text admin_label=\u00a0\u00bbTXT &#8211; lead\u00a0\u00bb module_class=\u00a0\u00bbtext-lead\u00a0\u00bb _builder_version=\u00a0\u00bb4.24.3&Prime; _dynamic_attributes=\u00a0\u00bbcontent\u00a0\u00bb _module_preset=\u00a0\u00bbdefault\u00a0\u00bb background_layout=\u00a0\u00bbdark\u00a0\u00bb width=\u00a0\u00bb800px\u00a0\u00bb max_width=\u00a0\u00bb100%\u00a0\u00bb global_colors_info=\u00a0\u00bb{}\u00a0\u00bb]@ET-DC@eyJkeW5hbWljIjp0cnVlLCJjb250ZW50IjoiY3VzdG9tX21ldGFfbGVhZCIsInNldHRpbmdzIjp7ImJlZm9yZSI6IiIsImFmdGVyIjoiIiwiZW5hYmxlX2h0bWwiOiJvbiJ9fQ==@[\/et_pb_text][\/et_pb_column][\/et_pb_row][\/et_pb_section][et_pb_section fb_built=\u00a0\u00bb1&Prime; admin_label=\u00a0\u00bbIntro\u00a0\u00bb _builder_version=\u00a0\u00bb4.24.3&Prime; _module_preset=\u00a0\u00bbdefault\u00a0\u00bb background_color=\u00a0\u00bbgcid-4a1179ed-f9ed-44df-8534-c29c3050faca\u00a0\u00bb custom_padding=\u00a0\u00bb0px||||false|false\u00a0\u00bb bottom_divider_style=\u00a0\u00bbcurve\u00a0\u00bb bottom_divider_color=\u00a0\u00bb#FFFFFF\u00a0\u00bb bottom_divider_height=\u00a0\u00bb3vw\u00a0\u00bb global_colors_info=\u00a0\u00bb{%22gcid-4a1179ed-f9ed-44df-8534-c29c3050faca%22:%91%22background_color%22%93}\u00a0\u00bb][et_pb_row _builder_version=\u00a0\u00bb4.24.3&Prime; _module_preset=\u00a0\u00bbdefault\u00a0\u00bb custom_padding=\u00a0\u00bb0px||0px||false|false\u00a0\u00bb global_colors_info=\u00a0\u00bb{}\u00a0\u00bb][et_pb_column type=\u00a0\u00bb4_4&Prime; _builder_version=\u00a0\u00bb4.24.3&Prime; _module_preset=\u00a0\u00bbdefault\u00a0\u00bb global_colors_info=\u00a0\u00bb{}\u00a0\u00bb][et_pb_text _builder_version=\u00a0\u00bb4.24.3&Prime; _module_preset=\u00a0\u00bbdefault\u00a0\u00bb background_layout=\u00a0\u00bbdark\u00a0\u00bb global_colors_info=\u00a0\u00bb{}\u00a0\u00bb]<\/p>\n<p>Shockform donne des formations en grenaillage de pr\u00e9contrainte dans le monde entier depuis plus de 10 ans et est le fabricant d&rsquo;\u00e9quipement d&rsquo;origine (OEM) des outils FlapSpeed\u00ae PRO, SPIKER\u00ae et SmartPeen\u00ae. Les formateurs principaux de Shockform ont chacun plus de 30 ans d&rsquo;exp\u00e9rience dans l&rsquo;industrie a\u00e9rospatiale et sont membres des comit\u00e9s SAE AMEC et J SPEC sur l&rsquo;am\u00e9lioration des surfaces.<\/p>\n<p><strong>L&rsquo;\u00e9quipe de formation de Shockform a form\u00e9 des centaines d&rsquo;\u00e9tudiants depuis 2013, en anglais et en fran\u00e7ais.<\/strong><\/p>\n<p>[\/et_pb_text][et_pb_button button_url=\u00a0\u00bb@ET-DC@eyJkeW5hbWljIjp0cnVlLCJjb250ZW50IjoicG9zdF9saW5rX3VybF9wYWdlIiwic2V0dGluZ3MiOnsicG9zdF9pZCI6IjI3MDAifX0=@\u00a0\u00bb button_text=\u00a0\u00bbContactez-nous pour plus d&rsquo;information\u00a0\u00bb module_class=\u00a0\u00bbbtn-link\u00a0\u00bb _builder_version=\u00a0\u00bb4.24.3&Prime; _dynamic_attributes=\u00a0\u00bbbutton_url\u00a0\u00bb _module_preset=\u00a0\u00bbdefault\u00a0\u00bb background_layout=\u00a0\u00bbdark\u00a0\u00bb global_colors_info=\u00a0\u00bb{}\u00a0\u00bb][\/et_pb_button][\/et_pb_column][\/et_pb_row][\/et_pb_section][et_pb_section fb_built=\u00a0\u00bb1&Prime; admin_label=\u00a0\u00bbInnovations &#8211; Featured\u00a0\u00bb _builder_version=\u00a0\u00bb4.24.3&Prime; _module_preset=\u00a0\u00bbdefault\u00a0\u00bb background_color=\u00a0\u00bb#FFFFFF\u00a0\u00bb global_colors_info=\u00a0\u00bb{}\u00a0\u00bb][et_pb_row _builder_version=\u00a0\u00bb4.24.3&Prime; _module_preset=\u00a0\u00bbdefault\u00a0\u00bb max_width=\u00a0\u00bb1000px\u00a0\u00bb global_colors_info=\u00a0\u00bb{}\u00a0\u00bb][et_pb_column type=\u00a0\u00bb4_4&Prime; _builder_version=\u00a0\u00bb4.24.3&Prime; _module_preset=\u00a0\u00bbdefault\u00a0\u00bb global_colors_info=\u00a0\u00bb{}\u00a0\u00bb][dsm_card title=\u00a0\u00bbFormation au roto grenaillage\u00a0\u00bb layout=\u00a0\u00bbinline\u00a0\u00bb image=\u00a0\u00bbhttps:\/\/www.shockform.com\/wp-content\/uploads\/2024\/04\/shockform__training__flapspeed.jpg\u00a0\u00bb image_as_background=\u00a0\u00bboff\u00a0\u00bb button_text=\u00a0\u00bben savoir plus\u00a0\u00bb button_url=\u00a0\u00bb@ET-DC@eyJkeW5hbWljIjp0cnVlLCJjb250ZW50IjoicG9zdF9saW5rX3VybF9wYWdlIiwic2V0dGluZ3MiOnsicG9zdF9pZCI6IjM1MDkifX0=@\u00a0\u00bb layout_tablet=\u00a0\u00bbstacked\u00a0\u00bb admin_label=\u00a0\u00bbCard &#8211; Automated Peening Machine\u00a0\u00bb _builder_version=\u00a0\u00bb4.24.3&Prime; _dynamic_attributes=\u00a0\u00bbbutton_url\u00a0\u00bb _module_preset=\u00a0\u00bb78370ed0-f35a-4f4c-9379-0b7b87f4e0dc\u00a0\u00bb subhead_font=\u00a0\u00bb|600||on|||||\u00a0\u00bb subhead_text_color=\u00a0\u00bbgcid-4a1179ed-f9ed-44df-8534-c29c3050faca\u00a0\u00bb subhead_font_size=\u00a0\u00bb24px\u00a0\u00bb background_layout=\u00a0\u00bblight\u00a0\u00bb global_colors_info=\u00a0\u00bb{%22gcid-4a1179ed-f9ed-44df-8534-c29c3050faca%22:%91%22subhead_text_color%22%93}\u00a0\u00bb]<\/p>\n<h3>FLAPSPEED\u00ae PRO<\/h3>\n<p>Ce cours couvre les aspects th\u00e9oriques et pratiques du roto grenaillage. Les participants apprendront les bases du grenaillage de pr\u00e9contrainte et les sp\u00e9cificit\u00e9s li\u00e9es au roto grenaillage. Lors de la session pratique, les participants utiliseront un FlapSpeed\u00ae PRO pour acqu\u00e9rir une exp\u00e9rience pratique du processus tout en g\u00e9n\u00e9rant une courbe de saturation. Un examen \u00e9crit est propos\u00e9 aux participants et une note de passage leur permettra d&rsquo;obtenir un certificat de r\u00e9ussite.<\/p>\n<p>[\/dsm_card][\/et_pb_column][\/et_pb_row][et_pb_row column_structure=\u00a0\u00bb1_2,1_2&Prime; _builder_version=\u00a0\u00bb4.24.3&Prime; _module_preset=\u00a0\u00bbdefault\u00a0\u00bb max_width=\u00a0\u00bb1000px\u00a0\u00bb global_colors_info=\u00a0\u00bb{}\u00a0\u00bb][et_pb_column type=\u00a0\u00bb1_2&Prime; _builder_version=\u00a0\u00bb4.24.3&Prime; _module_preset=\u00a0\u00bbdefault\u00a0\u00bb global_colors_info=\u00a0\u00bb{}\u00a0\u00bb][dsm_card title=\u00a0\u00bbFormation sur le needle peening\u00a0\u00bb image=\u00a0\u00bbhttps:\/\/www.shockform.com\/wp-content\/uploads\/2024\/04\/shockform__training__spiker.jpg\u00a0\u00bb image_as_background=\u00a0\u00bboff\u00a0\u00bb button_text=\u00a0\u00bben savoir plus\u00a0\u00bb button_url=\u00a0\u00bb@ET-DC@eyJkeW5hbWljIjp0cnVlLCJjb250ZW50IjoicG9zdF9saW5rX3VybF9wYWdlIiwic2V0dGluZ3MiOnsicG9zdF9pZCI6IjM1MjMifX0=@\u00a0\u00bb admin_label=\u00a0\u00bbCard &#8211; Needle Peening\u00a0\u00bb module_class=\u00a0\u00bbbg-primary-gradient\u00a0\u00bb _builder_version=\u00a0\u00bb4.24.3&Prime; _dynamic_attributes=\u00a0\u00bbbutton_url\u00a0\u00bb _module_preset=\u00a0\u00bb08157335-1065-4e62-b4c5-5c9386ca40f0&Prime; background_layout=\u00a0\u00bblight\u00a0\u00bb global_colors_info=\u00a0\u00bb{}\u00a0\u00bb]<\/p>\n<h3>SPIKER\u00ae<\/h3>\n<p>Ce cours couvre les aspects th\u00e9oriques et pratiques du Needle Peening avec le Spiker\u00ae. Les participants apprendront les bases du grenaillage de pr\u00e9contrainte et les sp\u00e9cificit\u00e9s li\u00e9es au grenaillage \u00e0 aiguille. Dans la session pratique, les participants utiliseront un outil Spiker\u00ae pour acqu\u00e9rir une exp\u00e9rience pratique du processus tout en g\u00e9n\u00e9rant une courbe de saturation. Un examen \u00e9crit est donn\u00e9 aux participants et une note de passage de 70% leur permettra d&rsquo;obtenir un certificat de r\u00e9ussite.<\/p>\n<p>[\/dsm_card][\/et_pb_column][et_pb_column type=\u00a0\u00bb1_2&Prime; _builder_version=\u00a0\u00bb4.24.3&Prime; _module_preset=\u00a0\u00bbdefault\u00a0\u00bb global_colors_info=\u00a0\u00bb{}\u00a0\u00bb][dsm_card title=\u00a0\u00bbFormation au grenaillage de pr\u00e9contrainte\u00a0\u00bb image=\u00a0\u00bbhttps:\/\/www.shockform.com\/wp-content\/uploads\/2024\/04\/shockform__training__smartpeen.jpg\u00a0\u00bb image_as_background=\u00a0\u00bboff\u00a0\u00bb button_text=\u00a0\u00bben savoir plus\u00a0\u00bb button_url=\u00a0\u00bb@ET-DC@eyJkeW5hbWljIjp0cnVlLCJjb250ZW50IjoicG9zdF9saW5rX3VybF9wYWdlIiwic2V0dGluZ3MiOnsicG9zdF9pZCI6IjM1MzMifX0=@\u00a0\u00bb admin_label=\u00a0\u00bbCard &#8211; Shot Peening\u00a0\u00bb module_class=\u00a0\u00bbbg-primary-gradient\u00a0\u00bb _builder_version=\u00a0\u00bb4.24.3&Prime; _dynamic_attributes=\u00a0\u00bbbutton_url\u00a0\u00bb _module_preset=\u00a0\u00bb08157335-1065-4e62-b4c5-5c9386ca40f0&Prime; background_layout=\u00a0\u00bblight\u00a0\u00bb global_colors_info=\u00a0\u00bb{}\u00a0\u00bb]<\/p>\n<h3>SMARTPEEN\u00ae<\/h3>\n<p>Ce cours couvre le processus de grenaillage de pr\u00e9contrainte conventionnel en utilisant l&rsquo;unit\u00e9 de grenaillage mobile SmartPeen\u00ae avec r\u00e9cup\u00e9ration sous vide. Les participants apprendront les bases du grenaillage de pr\u00e9contrainte et les sp\u00e9cificit\u00e9s li\u00e9es \u00e0 l&rsquo;utilisation de l&rsquo;unit\u00e9 mobile de grenaillage SmartPeen\u00ae avec r\u00e9cup\u00e9ration du vide. Lors de la session pratique, les participants utiliseront un SmartPeen\u00ae pour acqu\u00e9rir une exp\u00e9rience pratique du processus tout en g\u00e9n\u00e9rant une courbe de saturation. Un examen \u00e9crit est donn\u00e9 aux participants et une note de passage de 70% leur permettra d&rsquo;obtenir un certificat de r\u00e9ussite.[\/dsm_card][\/et_pb_column][\/et_pb_row][\/et_pb_section]<\/p>\n","protected":false},"excerpt":{"rendered":"<p>Shockform donne des formations en grenaillage de pr\u00e9contrainte dans le monde entier depuis plus de 10 ans et est le fabricant d&rsquo;\u00e9quipement d&rsquo;origine (OEM) des outils FlapSpeed\u00ae PRO, SPIKER\u00ae et SmartPeen\u00ae. Les formateurs principaux de Shockform ont chacun plus de 30 ans d&rsquo;exp\u00e9rience dans l&rsquo;industrie a\u00e9rospatiale et sont membres des comit\u00e9s SAE AMEC et J SPEC sur l&rsquo;am\u00e9lioration des surfaces. L&rsquo;\u00e9quipe de formation de Shockform a form\u00e9 des centaines d&rsquo;\u00e9tudiants depuis 2013, en anglais et en fran\u00e7ais.<div class=\"et_pb_module dsm_card dsm_card_0 card-zoom-in featured  btn et_pb_section_video_on_hover et_pb_bg_layout_light dsm_card_layout_inline dsm_card_tablet_layout_stacked\">\n\t\t\t\t\n\t\t\t\t\n\t\t\t\t\n\t\t\t\t\n\t\t\t\t\n\t\t\t\t\n\t\t\t\t<div class=\"et_pb_module_inner\">\n\t\t\t\t\t\n\t\t\t\n\t\t\t<figure class=\"dsm_card_image_wrapper dsm_card_badge_top_right\"><img decoding=\"async\" src=\"https:\/\/www.shockform.com\/wp-content\/uploads\/2024\/04\/shockform__training__flapspeed.jpg\" alt=\"\" srcset=\"https:\/\/www.shockform.com\/wp-content\/uploads\/2024\/04\/shockform__training__flapspeed.jpg 920w, https:\/\/www.shockform.com\/wp-content\/uploads\/2024\/04\/shockform__training__flapspeed-480x313.jpg 480w\" sizes=\"(min-width: 0px) and (max-width: 480px) 480px, (min-width: 481px) 920px, 100vw\" class=\"dsm_card_img dsm_card_image_stretch\" \/><\/figure>\n\t\t\t<div class=\"et_pb_module dsm_card_wrapper et_pb_text_align_left\">\n\t\t\t\t\t\n\t\t\t\t\t<h2 class=\"dsm_card_title et_pb_module_header\">Formation au roto grenaillage<\/h2>\n\t\t\t\t\t\n\t\t\t\t\t<div class=\"dsm_card_description\">FLAPSPEED\u00ae PRO Ce cours couvre les aspects th\u00e9oriques et pratiques du roto grenaillage. Les participants apprendront les bases du grenaillage de pr\u00e9contrainte et les sp\u00e9cificit\u00e9s li\u00e9es au roto grenaillage. Lors de la session pratique, les participants utiliseront un FlapSpeed\u00ae PRO pour acqu\u00e9rir une exp\u00e9rience pratique du processus tout en g\u00e9n\u00e9rant une courbe de saturation. Un examen \u00e9crit est propos\u00e9 aux participants et une note de passage leur permettra d&rsquo;obtenir un certificat de r\u00e9ussite.<\/div>\n\t\t\t\t\t<div class=\"et_pb_button_wrapper\"><a class=\"et_pb_button et_pb_more_button \" href=\"\">en savoir plus<\/a><\/div>\n\t\t\t\t<\/div>\n\t\t\t\n\t\t\t\t<\/div>\n\t\t\t<\/div><div class=\"et_pb_with_border et_pb_module dsm_card dsm_card_1 bg-primary-gradient et_pb_bg_layout_light  dsm_card_layout_stacked dsm_card_tablet_layout_inline dsm_card_phone_layout_stacked\">\n\t\t\t\t\n\t\t\t\t\n\t\t\t\t\n\t\t\t\t\n\t\t\t\t\n\t\t\t\t\n\t\t\t\t<div class=\"et_pb_module_inner\">\n\t\t\t\t\t\n\t\t\t\n\t\t\t<figure class=\"dsm_card_image_wrapper dsm_card_badge_top_right\"><img decoding=\"async\" src=\"https:\/\/www.shockform.com\/wp-content\/uploads\/2024\/04\/shockform__training__spiker.jpg\" alt=\"\" srcset=\"https:\/\/www.shockform.com\/wp-content\/uploads\/2024\/04\/shockform__training__spiker.jpg 920w, https:\/\/www.shockform.com\/wp-content\/uploads\/2024\/04\/shockform__training__spiker-480x313.jpg 480w\" sizes=\"(min-width: 0px) and (max-width: 480px) 480px, (min-width: 481px) 920px, 100vw\" class=\"dsm_card_img dsm_card_image_stretch\" \/><\/figure>\n\t\t\t<div class=\"et_pb_module dsm_card_wrapper et_pb_text_align_left\">\n\t\t\t\t\t\n\t\t\t\t\t<h2 class=\"dsm_card_title et_pb_module_header\">Formation sur le needle peening<\/h2>\n\t\t\t\t\t\n\t\t\t\t\t\n\t\t\t\t\t<div class=\"et_pb_button_wrapper\"><a class=\"et_pb_button et_pb_more_button \" href=\"\">en savoir plus<\/a><\/div>\n\t\t\t\t<\/div>\n\t\t\t\n\t\t\t\t<\/div>\n\t\t\t<\/div>SPIKER\u00ae Ce cours couvre les aspects [&hellip;]<\/p>\n","protected":false},"author":1,"featured_media":0,"parent":0,"menu_order":0,"comment_status":"closed","ping_status":"closed","template":"","meta":{"_et_pb_use_builder":"on","_et_pb_old_content":"","_et_gb_content_width":"","footnotes":""},"class_list":["post-2863","page","type-page","status-publish","hentry"],"yoast_head":"<!-- This site is optimized with the Yoast SEO plugin v27.4 - https:\/\/yoast.com\/product\/yoast-seo-wordpress\/ -->\n<title>Formations - Shockform A\u00e9ronautique Inc.<\/title>\n<meta name=\"robots\" content=\"index, follow, max-snippet:-1, max-image-preview:large, max-video-preview:-1\" \/>\n<link rel=\"canonical\" href=\"https:\/\/www.shockform.com\/fr\/formations\/\" \/>\n<meta property=\"og:locale\" content=\"fr_FR\" \/>\n<meta property=\"og:type\" content=\"article\" \/>\n<meta property=\"og:title\" content=\"Formations - Shockform A\u00e9ronautique Inc.\" \/>\n<meta property=\"og:description\" content=\"Shockform donne des formations en grenaillage de pr\u00e9contrainte dans le monde entier depuis plus de 10 ans et est le fabricant d&#039;\u00e9quipement d&#039;origine (OEM) des outils FlapSpeed\u00ae PRO, SPIKER\u00ae et SmartPeen\u00ae. Les formateurs principaux de Shockform ont chacun plus de 30 ans d&#039;exp\u00e9rience dans l&#039;industrie a\u00e9rospatiale et sont membres des comit\u00e9s SAE AMEC et J SPEC sur l&#039;am\u00e9lioration des surfaces. L&#039;\u00e9quipe de formation de Shockform a form\u00e9 des centaines d&#039;\u00e9tudiants depuis 2013, en anglais et en fran\u00e7ais.SPIKER\u00ae Ce cours couvre les aspects [&hellip;]\" \/>\n<meta property=\"og:url\" content=\"https:\/\/www.shockform.com\/fr\/formations\/\" \/>\n<meta property=\"og:site_name\" content=\"Shockform A\u00e9ronautique Inc.\" \/>\n<meta property=\"article:modified_time\" content=\"2024-05-30T15:38:50+00:00\" \/>\n<meta name=\"twitter:card\" content=\"summary_large_image\" \/>\n<meta name=\"twitter:label1\" content=\"Dur\u00e9e de lecture estim\u00e9e\" \/>\n\t<meta name=\"twitter:data1\" content=\"6 minutes\" \/>\n<script type=\"application\/ld+json\" class=\"yoast-schema-graph\">{\"@context\":\"https:\\\/\\\/schema.org\",\"@graph\":[{\"@type\":\"WebPage\",\"@id\":\"https:\\\/\\\/www.shockform.com\\\/fr\\\/formations\\\/\",\"url\":\"https:\\\/\\\/www.shockform.com\\\/fr\\\/formations\\\/\",\"name\":\"Formations - Shockform A\u00e9ronautique Inc.\",\"isPartOf\":{\"@id\":\"https:\\\/\\\/www.shockform.com\\\/fr\\\/#website\"},\"datePublished\":\"2024-04-05T19:26:04+00:00\",\"dateModified\":\"2024-05-30T15:38:50+00:00\",\"breadcrumb\":{\"@id\":\"https:\\\/\\\/www.shockform.com\\\/fr\\\/formations\\\/#breadcrumb\"},\"inLanguage\":\"fr-FR\",\"potentialAction\":[{\"@type\":\"ReadAction\",\"target\":[\"https:\\\/\\\/www.shockform.com\\\/fr\\\/formations\\\/\"]}]},{\"@type\":\"BreadcrumbList\",\"@id\":\"https:\\\/\\\/www.shockform.com\\\/fr\\\/formations\\\/#breadcrumb\",\"itemListElement\":[{\"@type\":\"ListItem\",\"position\":1,\"name\":\"Home\",\"item\":\"https:\\\/\\\/www.shockform.com\\\/fr\\\/\"},{\"@type\":\"ListItem\",\"position\":2,\"name\":\"Formations\"}]},{\"@type\":\"WebSite\",\"@id\":\"https:\\\/\\\/www.shockform.com\\\/fr\\\/#website\",\"url\":\"https:\\\/\\\/www.shockform.com\\\/fr\\\/\",\"name\":\"Shockform A\u00e9ronautique Inc.\",\"description\":\"Shockform | Innovative Products \u2013 Expert Peening Advice\",\"publisher\":{\"@id\":\"https:\\\/\\\/www.shockform.com\\\/fr\\\/#organization\"},\"potentialAction\":[{\"@type\":\"SearchAction\",\"target\":{\"@type\":\"EntryPoint\",\"urlTemplate\":\"https:\\\/\\\/www.shockform.com\\\/fr\\\/?s={search_term_string}\"},\"query-input\":{\"@type\":\"PropertyValueSpecification\",\"valueRequired\":true,\"valueName\":\"search_term_string\"}}],\"inLanguage\":\"fr-FR\"},{\"@type\":\"Organization\",\"@id\":\"https:\\\/\\\/www.shockform.com\\\/fr\\\/#organization\",\"name\":\"Shockform A\u00e9ronautique Inc.\",\"url\":\"https:\\\/\\\/www.shockform.com\\\/fr\\\/\",\"logo\":{\"@type\":\"ImageObject\",\"inLanguage\":\"fr-FR\",\"@id\":\"https:\\\/\\\/www.shockform.com\\\/fr\\\/#\\\/schema\\\/logo\\\/image\\\/\",\"url\":\"https:\\\/\\\/www.shockform.com\\\/wp-content\\\/uploads\\\/2024\\\/03\\\/shockform_logo.svg\",\"contentUrl\":\"https:\\\/\\\/www.shockform.com\\\/wp-content\\\/uploads\\\/2024\\\/03\\\/shockform_logo.svg\",\"width\":339,\"height\":46,\"caption\":\"Shockform A\u00e9ronautique Inc.\"},\"image\":{\"@id\":\"https:\\\/\\\/www.shockform.com\\\/fr\\\/#\\\/schema\\\/logo\\\/image\\\/\"},\"sameAs\":[\"https:\\\/\\\/www.youtube.com\\\/channel\\\/UC7sStPqtcJVo_Jj_WnkCjFw\",\"https:\\\/\\\/www.linkedin.com\\\/company\\\/shockform\\\/?originalSubdomain=ca\"]}]}<\/script>\n<!-- \/ Yoast SEO plugin. -->","yoast_head_json":{"title":"Formations - Shockform A\u00e9ronautique Inc.","robots":{"index":"index","follow":"follow","max-snippet":"max-snippet:-1","max-image-preview":"max-image-preview:large","max-video-preview":"max-video-preview:-1"},"canonical":"https:\/\/www.shockform.com\/fr\/formations\/","og_locale":"fr_FR","og_type":"article","og_title":"Formations - Shockform A\u00e9ronautique Inc.","og_description":"Shockform donne des formations en grenaillage de pr\u00e9contrainte dans le monde entier depuis plus de 10 ans et est le fabricant d'\u00e9quipement d'origine (OEM) des outils FlapSpeed\u00ae PRO, SPIKER\u00ae et SmartPeen\u00ae. Les formateurs principaux de Shockform ont chacun plus de 30 ans d'exp\u00e9rience dans l'industrie a\u00e9rospatiale et sont membres des comit\u00e9s SAE AMEC et J SPEC sur l'am\u00e9lioration des surfaces. L'\u00e9quipe de formation de Shockform a form\u00e9 des centaines d'\u00e9tudiants depuis 2013, en anglais et en fran\u00e7ais.SPIKER\u00ae Ce cours couvre les aspects [&hellip;]","og_url":"https:\/\/www.shockform.com\/fr\/formations\/","og_site_name":"Shockform A\u00e9ronautique Inc.","article_modified_time":"2024-05-30T15:38:50+00:00","twitter_card":"summary_large_image","twitter_misc":{"Dur\u00e9e de lecture estim\u00e9e":"6 minutes"},"schema":{"@context":"https:\/\/schema.org","@graph":[{"@type":"WebPage","@id":"https:\/\/www.shockform.com\/fr\/formations\/","url":"https:\/\/www.shockform.com\/fr\/formations\/","name":"Formations - Shockform A\u00e9ronautique Inc.","isPartOf":{"@id":"https:\/\/www.shockform.com\/fr\/#website"},"datePublished":"2024-04-05T19:26:04+00:00","dateModified":"2024-05-30T15:38:50+00:00","breadcrumb":{"@id":"https:\/\/www.shockform.com\/fr\/formations\/#breadcrumb"},"inLanguage":"fr-FR","potentialAction":[{"@type":"ReadAction","target":["https:\/\/www.shockform.com\/fr\/formations\/"]}]},{"@type":"BreadcrumbList","@id":"https:\/\/www.shockform.com\/fr\/formations\/#breadcrumb","itemListElement":[{"@type":"ListItem","position":1,"name":"Home","item":"https:\/\/www.shockform.com\/fr\/"},{"@type":"ListItem","position":2,"name":"Formations"}]},{"@type":"WebSite","@id":"https:\/\/www.shockform.com\/fr\/#website","url":"https:\/\/www.shockform.com\/fr\/","name":"Shockform A\u00e9ronautique Inc.","description":"Shockform | Innovative Products \u2013 Expert Peening Advice","publisher":{"@id":"https:\/\/www.shockform.com\/fr\/#organization"},"potentialAction":[{"@type":"SearchAction","target":{"@type":"EntryPoint","urlTemplate":"https:\/\/www.shockform.com\/fr\/?s={search_term_string}"},"query-input":{"@type":"PropertyValueSpecification","valueRequired":true,"valueName":"search_term_string"}}],"inLanguage":"fr-FR"},{"@type":"Organization","@id":"https:\/\/www.shockform.com\/fr\/#organization","name":"Shockform A\u00e9ronautique Inc.","url":"https:\/\/www.shockform.com\/fr\/","logo":{"@type":"ImageObject","inLanguage":"fr-FR","@id":"https:\/\/www.shockform.com\/fr\/#\/schema\/logo\/image\/","url":"https:\/\/www.shockform.com\/wp-content\/uploads\/2024\/03\/shockform_logo.svg","contentUrl":"https:\/\/www.shockform.com\/wp-content\/uploads\/2024\/03\/shockform_logo.svg","width":339,"height":46,"caption":"Shockform A\u00e9ronautique Inc."},"image":{"@id":"https:\/\/www.shockform.com\/fr\/#\/schema\/logo\/image\/"},"sameAs":["https:\/\/www.youtube.com\/channel\/UC7sStPqtcJVo_Jj_WnkCjFw","https:\/\/www.linkedin.com\/company\/shockform\/?originalSubdomain=ca"]}]}},"_links":{"self":[{"href":"https:\/\/www.shockform.com\/fr\/wp-json\/wp\/v2\/pages\/2863","targetHints":{"allow":["GET"]}}],"collection":[{"href":"https:\/\/www.shockform.com\/fr\/wp-json\/wp\/v2\/pages"}],"about":[{"href":"https:\/\/www.shockform.com\/fr\/wp-json\/wp\/v2\/types\/page"}],"author":[{"embeddable":true,"href":"https:\/\/www.shockform.com\/fr\/wp-json\/wp\/v2\/users\/1"}],"replies":[{"embeddable":true,"href":"https:\/\/www.shockform.com\/fr\/wp-json\/wp\/v2\/comments?post=2863"}],"version-history":[{"count":8,"href":"https:\/\/www.shockform.com\/fr\/wp-json\/wp\/v2\/pages\/2863\/revisions"}],"predecessor-version":[{"id":4604,"href":"https:\/\/www.shockform.com\/fr\/wp-json\/wp\/v2\/pages\/2863\/revisions\/4604"}],"wp:attachment":[{"href":"https:\/\/www.shockform.com\/fr\/wp-json\/wp\/v2\/media?parent=2863"}],"curies":[{"name":"wp","href":"https:\/\/api.w.org\/{rel}","templated":true}]}}