{"id":3399,"date":"2024-04-09T10:02:11","date_gmt":"2024-04-09T14:02:11","guid":{"rendered":"https:\/\/www.shockform.com\/applications\/solutions-pour-moteurs-davion\/"},"modified":"2024-11-29T10:38:32","modified_gmt":"2024-11-29T15:38:32","slug":"solutions-moteurs-avion","status":"publish","type":"page","link":"https:\/\/www.shockform.com\/fr\/applications\/solutions-moteurs-avion\/","title":{"rendered":"Solutions pour moteurs d\u2019avion"},"content":{"rendered":"<p>[et_pb_section fb_built=\u00a0\u00bb1&Prime; fullwidth=\u00a0\u00bbon\u00a0\u00bb admin_label=\u00a0\u00bbHeader\u00a0\u00bb _builder_version=\u00a0\u00bb4.24.3&Prime; _module_preset=\u00a0\u00bbdefault\u00a0\u00bb global_colors_info=\u00a0\u00bb{}\u00a0\u00bb][et_pb_fullwidth_header title=\u00a0\u00bb@ET-DC@eyJkeW5hbWljIjp0cnVlLCJjb250ZW50IjoicG9zdF90aXRsZSIsInNldHRpbmdzIjp7ImJlZm9yZSI6IiIsImFmdGVyIjoiIiwiZW5hYmxlX2h0bWwiOiJvZmYifX0=@\u00a0\u00bb _builder_version=\u00a0\u00bb4.24.3&Prime; _dynamic_attributes=\u00a0\u00bbtitle,background_image,content\u00a0\u00bb _module_preset=\u00a0\u00bbdefault\u00a0\u00bb background_image=\u00a0\u00bb@ET-DC@eyJkeW5hbWljIjp0cnVlLCJjb250ZW50IjoicG9zdF9mZWF0dXJlZF9pbWFnZSIsInNldHRpbmdzIjp7ImVuYWJsZV9odG1sIjoib2ZmIn19@\u00a0\u00bb height=\u00a0\u00bb50vh\u00a0\u00bb custom_padding=\u00a0\u00bb0px|0px|0px|0px|false|false\u00a0\u00bb custom_css_header_container=\u00a0\u00bbmax-width: 50% !important;||margin: 0;||padding: 3em;||height: 100%;||background: linear-gradient(to right, rgba(0, 0, 0, .7), rgba(0, 0, 0, .35) 35.94%, transparent 67.55%)\u00a0\u00bb global_colors_info=\u00a0\u00bb{}\u00a0\u00bb]@ET-DC@eyJkeW5hbWljIjp0cnVlLCJjb250ZW50IjoicG9zdF9leGNlcnB0Iiwic2V0dGluZ3MiOnsiYmVmb3JlIjoiIiwiYWZ0ZXIiOiIiLCJ3b3JkcyI6IiIsInJlYWRfbW9yZV9sYWJlbCI6IiIsImVuYWJsZV9odG1sIjoib2ZmIn19@[\/et_pb_fullwidth_header][\/et_pb_section][et_pb_section fb_built=\u00a0\u00bb1&Prime; admin_label=\u00a0\u00bbContent\u00a0\u00bb _builder_version=\u00a0\u00bb4.24.3&Prime; _module_preset=\u00a0\u00bbdefault\u00a0\u00bb global_colors_info=\u00a0\u00bb{}\u00a0\u00bb][et_pb_row _builder_version=\u00a0\u00bb4.24.3&Prime; _module_preset=\u00a0\u00bbdefault\u00a0\u00bb global_colors_info=\u00a0\u00bb{}\u00a0\u00bb][et_pb_column type=\u00a0\u00bb4_4&Prime; _builder_version=\u00a0\u00bb4.24.3&Prime; _module_preset=\u00a0\u00bbdefault\u00a0\u00bb global_colors_info=\u00a0\u00bb{}\u00a0\u00bb][dsm_card title=\u00a0\u00bb@ET-DC@eyJkeW5hbWljIjp0cnVlLCJjb250ZW50IjoicG9zdF90aXRsZSIsInNldHRpbmdzIjp7ImJlZm9yZSI6IiIsImFmdGVyIjoiOiIsImVuYWJsZV9odG1sIjoib2ZmIn19@\u00a0\u00bb image=\u00a0\u00bbhttps:\/\/www.shockform.com\/wp-content\/uploads\/2024\/04\/shockform__innovations__mromco.jpg\u00a0\u00bb image_as_background=\u00a0\u00bboff\u00a0\u00bb admin_label=\u00a0\u00bbApplication Card\u00a0\u00bb _builder_version=\u00a0\u00bb4.24.3&Prime; _dynamic_attributes=\u00a0\u00bbtitle\u00a0\u00bb _module_preset=\u00a0\u00bb9d83eda1-267c-4d5a-8833-4625f0b104cc\u00a0\u00bb global_colors_info=\u00a0\u00bb{}\u00a0\u00bb]<\/p>\n<p>L\u2019un des plus grands d\u00e9fis pos\u00e9s par l\u2019industrie lors de la r\u00e9paration des composants d\u2019entra\u00eenement est l\u2019interdiction des FOD dans la turbine.<\/p>\n<p>Shockform, en partenariat avec MTU Aero Engines, a con\u00e7u et d\u00e9velopp\u00e9 le Spiker\u00ae pour fournir un outil permettant aux techniciens d\u2019effectuer des r\u00e9parations par grenaillage directement sur la turbine, sans d\u00e9montage pr\u00e9alable de l\u2019aube, de l\u2019\u00e9tage ou de tout autre \u00e9l\u00e9ment qui prendrait du temps.<\/p>\n<p>Le Spiker\u00ae contr\u00f4le tous les param\u00e8tres du processus et permet d\u2019intervenir rapidement et sans risque de laisser des FOD dans le moteur. En limitant le d\u00e9montage\/remontage, un gain de temps consid\u00e9rable peut \u00eatre obtenu.<\/p>\n<p>Shockform travaille en \u00e9troite collaboration avec les principaux fabricants de moteurs (GE, Safran, Rolls Royce, MTU, etc.). Nos outils sont reconnus et qualifi\u00e9s par ces constructeurs.<\/p>\n<p>Constructeurs : GE, Safran, Rolls Royce, MTU.<\/p>\n<p>[\/dsm_card][\/et_pb_column][\/et_pb_row][\/et_pb_section][et_pb_section fb_built=\u00a0\u00bb1&Prime; admin_label=\u00a0\u00bbProducts\u00a0\u00bb _builder_version=\u00a0\u00bb4.24.3&Prime; _module_preset=\u00a0\u00bbdefault\u00a0\u00bb global_colors_info=\u00a0\u00bb{}\u00a0\u00bb][et_pb_row _builder_version=\u00a0\u00bb4.24.3&Prime; _module_preset=\u00a0\u00bbdefault\u00a0\u00bb global_colors_info=\u00a0\u00bb{}\u00a0\u00bb][et_pb_column type=\u00a0\u00bb4_4&Prime; _builder_version=\u00a0\u00bb4.24.3&Prime; _module_preset=\u00a0\u00bbdefault\u00a0\u00bb global_colors_info=\u00a0\u00bb{}\u00a0\u00bb][dsm_card_carousel admin_label=\u00a0\u00bbProducts Carousel\u00a0\u00bb _builder_version=\u00a0\u00bb4.25.2&Prime; _module_preset=\u00a0\u00bbdd54d0fe-230b-48de-9815-647e7b7c0944&Prime; locked=\u00a0\u00bboff\u00a0\u00bb global_colors_info=\u00a0\u00bb{}\u00a0\u00bb disabled_on=\u00a0\u00bbon|on|on\u00a0\u00bb disabled=\u00a0\u00bbon\u00a0\u00bb][dsm_card_carousel_child title=\u00a0\u00bbFlapSpeed&lt;sup&gt;\u00ae&lt;\/sup&gt; PRO pour le roto grenaillage\u00a0\u00bb image=\u00a0\u00bbhttps:\/\/www.shockform.com\/wp-content\/uploads\/2024\/04\/shockform__product__FlapSpeed-Pro_500.png\u00a0\u00bb image_as_background=\u00a0\u00bboff\u00a0\u00bb button_text=\u00a0\u00bben savoir plus\u00a0\u00bb button_url=\u00a0\u00bb@ET-DC@eyJkeW5hbWljIjp0cnVlLCJjb250ZW50IjoicG9zdF9saW5rX3VybF9wYWdlIiwic2V0dGluZ3MiOnsicG9zdF9pZCI6IjI5NDUiLCJlbmFibGVfaHRtbCI6Im9mZiJ9fQ==@\u00a0\u00bb button_url_new_window=\u00a0\u00bb1&Prime; _builder_version=\u00a0\u00bb4.24.3&Prime; _dynamic_attributes=\u00a0\u00bbbutton_url\u00a0\u00bb _module_preset=\u00a0\u00bbdefault\u00a0\u00bb global_colors_info=\u00a0\u00bb{}\u00a0\u00bb]<\/p>\n<p>Le nouveau FlapSpeed&lt;sup &gt;\u00ae&lt;\/sup&gt;PRO , enti\u00e8rement r\u00e9invent\u00e9, offre de nombreuses am\u00e9liorations significatives par rapport \u00e0 nos anciens mod\u00e8les. L&rsquo;am\u00e9lioration la plus notable est l&rsquo;incorporation d&rsquo;un solveur de courbe de saturation Almen dans le logiciel de contr\u00f4le. La g\u00e9n\u00e9ration d&rsquo;une courbe de saturation pour garantir une intensit\u00e9 correcte n&rsquo;a jamais \u00e9t\u00e9 aussi facile et rapide.<\/p>\n<p>[\/dsm_card_carousel_child][dsm_card_carousel_child admin_label=\u00a0\u00bbSpiker\u00ae-ES Needle Peening\u00a0\u00bb title=\u00a0\u00bbSpiker&lt;sup&gt;\u00ae&lt;\/sup&gt;-ES Needle Peening pour le grenaillage \u00e0 aiguille contr\u00f4l\u00e9\u00a0\u00bb image=\u00a0\u00bbhttps:\/\/www.shockform.com\/wp-content\/uploads\/2024\/04\/shockform__product__Spiker-Needle-Peening_500-3.png\u00a0\u00bb image_as_background=\u00a0\u00bboff\u00a0\u00bb button_url_new_window=\u00a0\u00bb1&Prime; _builder_version=\u00a0\u00bb4.24.3&Prime; _module_preset=\u00a0\u00bbdefault\u00a0\u00bb global_colors_info=\u00a0\u00bb{}\u00a0\u00bb]Le Spiker<sup>\u00ae<\/sup>-ES a \u00e9t\u00e9 d\u00e9velopp\u00e9 en collaboration avec des fabricants de moteurs d&rsquo;avion pour des r\u00e9parations directement sur le moteur sans risque de (FOD). Avec le Spiker<sup>\u00ae<\/sup>-ES, le grenaillage est effectu\u00e9 \u00e0 l&rsquo;aide d&rsquo;aiguilles en carbure de tungst\u00e8ne et les param\u00e8tres du proc\u00e9d\u00e9 sont surveill\u00e9s, contr\u00f4l\u00e9s et enregistr\u00e9s en temps r\u00e9el. L&rsquo;E-Strip<sup>\u00ae<\/sup> int\u00e9gr\u00e9 permet la mesure de l&rsquo;intensit\u00e9 de grenaillage en temps r\u00e9el.[\/dsm_card_carousel_child][dsm_card_carousel_child admin_label=\u00a0\u00bbSMARTPEEN\u00ae pour le grenaillage manuel contr\u00f4l\u00e9\u00a0\u00bb title=\u00a0\u00bbSMARTPEEN&lt;sup&gt;\u00ae&lt;\/sup&gt; pour le grenaillage manuel contr\u00f4l\u00e9\u00a0\u00bb image=\u00a0\u00bbhttps:\/\/www.shockform.com\/wp-content\/uploads\/2024\/04\/shockform__product__SmartPeen_500.png\u00a0\u00bb image_as_background=\u00a0\u00bboff\u00a0\u00bb button_url_new_window=\u00a0\u00bb1&Prime; _builder_version=\u00a0\u00bb4.24.3&Prime; _module_preset=\u00a0\u00bbdefault\u00a0\u00bb global_colors_info=\u00a0\u00bb{}\u00a0\u00bb]Le SmartPeen<sup>\u00ae<\/sup> rend le grenaillage manuel beaucoup plus rapide et facile. Il suffit de s\u00e9lectionner la recette dans une liste et le syst\u00e8me am\u00e8ne la pression et le d\u00e9bit du m\u00e9dia \u00e0 l&rsquo;intensit\u00e9 souhait\u00e9e. Plus besoin de d\u2019ajuster manuellement les param\u00e8tres avant de commencer votre travail. Gagnez un temps pr\u00e9cieux au quotidien.[\/dsm_card_carousel_child][dsm_card_carousel_child admin_label=\u00a0\u00bbLe capteur de mesure d&#039;intensit\u00e9 E-Strip\u00ae\u00a0\u00bb title=\u00a0\u00bbLe capteur de mesure d&#039;intensit\u00e9 E-Strip&lt;sup&gt;\u00ae&lt;\/sup&gt;\u00a0\u00bb image=\u00a0\u00bbhttps:\/\/www.shockform.com\/wp-content\/uploads\/2024\/04\/shockform__product_estrip_500.png\u00a0\u00bb image_as_background=\u00a0\u00bboff\u00a0\u00bb button_url_new_window=\u00a0\u00bb1&Prime; _builder_version=\u00a0\u00bb4.24.3&Prime; _module_preset=\u00a0\u00bbdefault\u00a0\u00bb global_colors_info=\u00a0\u00bb{}\u00a0\u00bb]Le capteur de mesure d&rsquo;intensit\u00e9 E-Strip<sup>\u00ae<\/sup> est la prochaine r\u00e9volution dans le domaine du grenaillage. Faites \u00e9voluer votre processus de mesure et de v\u00e9rification de l&rsquo;intensit\u00e9 vers une version \u00e9lectronique plus facile, plus rapide, plus performante et plus \u00e9cologique.[\/dsm_card_carousel_child][\/dsm_card_carousel][dsm_card_carousel admin_label=\u00a0\u00bbProducts Carousel\u00a0\u00bb _builder_version=\u00a0\u00bb4.25.2&Prime; _module_preset=\u00a0\u00bbdd54d0fe-230b-48de-9815-647e7b7c0944&Prime; saved_tabs=\u00a0\u00bball\u00a0\u00bb locked=\u00a0\u00bboff\u00a0\u00bb global_colors_info=\u00a0\u00bb{}\u00a0\u00bb theme_builder_area=\u00a0\u00bbpost_content\u00a0\u00bb][dsm_card_carousel_child title=\u00a0\u00bbFlapSpeed\u00ae PRO pour le roto grenaillage\u00a0\u00bb image=\u00a0\u00bbhttps:\/\/www.shockform.com\/wp-content\/uploads\/2024\/04\/shockform__product__FlapSpeed-Pro_500.png\u00a0\u00bb image_as_background=\u00a0\u00bboff\u00a0\u00bb button_text=\u00a0\u00bben savoir plus\u00a0\u00bb button_url=\u00a0\u00bb@ET-DC@eyJkeW5hbWljIjp0cnVlLCJjb250ZW50IjoicG9zdF9saW5rX3VybF9wYWdlIiwic2V0dGluZ3MiOnsicG9zdF9pZCI6IjI5NDUiLCJlbmFibGVfaHRtbCI6Im9mZiJ9fQ==@\u00a0\u00bb button_url_new_window=\u00a0\u00bb1&Prime; _builder_version=\u00a0\u00bb4.24.3&Prime; _dynamic_attributes=\u00a0\u00bbbutton_url\u00a0\u00bb _module_preset=\u00a0\u00bbdefault\u00a0\u00bb global_colors_info=\u00a0\u00bb{}\u00a0\u00bb theme_builder_area=\u00a0\u00bbpost_content\u00a0\u00bb]<\/p>\n<p>Le nouveau FlapSpeed\u00ae PRO, enti\u00e8rement r\u00e9invent\u00e9, offre de nombreuses am\u00e9liorations significatives par rapport \u00e0 nos anciens mod\u00e8les. L&rsquo;am\u00e9lioration la plus notable est l&rsquo;incorporation d&rsquo;un solveur de courbe de saturation Almen dans le logiciel de contr\u00f4le. La g\u00e9n\u00e9ration d&rsquo;une courbe de saturation pour garantir une intensit\u00e9 correcte n&rsquo;a jamais \u00e9t\u00e9 aussi facile et rapide.<\/p>\n<p>[\/dsm_card_carousel_child][dsm_card_carousel_child admin_label=\u00a0\u00bbSpiker\u00ae-ES Needle Peening\u00a0\u00bb title=\u00a0\u00bbSpiker\u00ae-ES Needle Peening pour le grenaillage \u00e0 aiguille contr\u00f4l\u00e9\u00a0\u00bb image=\u00a0\u00bbhttps:\/\/www.shockform.com\/wp-content\/uploads\/2024\/04\/shockform__product__Spiker-Needle-Peening_500-3.png\u00a0\u00bb image_as_background=\u00a0\u00bboff\u00a0\u00bb button_text=\u00a0\u00bbLearn More\u00a0\u00bb button_url=\u00a0\u00bb@ET-DC@eyJkeW5hbWljIjp0cnVlLCJjb250ZW50IjoicG9zdF9saW5rX3VybF9wYWdlIiwic2V0dGluZ3MiOnsicG9zdF9pZCI6IjQwNjciLCJlbmFibGVfaHRtbCI6Im9mZiJ9fQ==@\u00a0\u00bb button_url_new_window=\u00a0\u00bb1&Prime; _builder_version=\u00a0\u00bb4.25.2&Prime; _dynamic_attributes=\u00a0\u00bbbutton_url\u00a0\u00bb _module_preset=\u00a0\u00bbdefault\u00a0\u00bb global_colors_info=\u00a0\u00bb{}\u00a0\u00bb theme_builder_area=\u00a0\u00bbpost_content\u00a0\u00bb]<\/p>\n<p>Le Spiker\u00ae-ES a \u00e9t\u00e9 d\u00e9velopp\u00e9 en collaboration avec des fabricants de moteurs d&rsquo;avion pour des r\u00e9parations directement sur le moteur sans risque de (FOD). Avec le Spiker\u00ae-ES, le grenaillage est effectu\u00e9 \u00e0 l&rsquo;aide d&rsquo;aiguilles en carbure de tungst\u00e8ne et les param\u00e8tres du proc\u00e9d\u00e9 sont surveill\u00e9s, contr\u00f4l\u00e9s et enregistr\u00e9s en temps r\u00e9el. L&rsquo;E-Strip\u00ae int\u00e9gr\u00e9 permet la mesure de l&rsquo;intensit\u00e9 de grenaillage en temps r\u00e9el.<\/p>\n<p>[\/dsm_card_carousel_child][dsm_card_carousel_child admin_label=\u00a0\u00bbSMARTPEEN\u00ae pour le grenaillage manuel contr\u00f4l\u00e9\u00a0\u00bb title=\u00a0\u00bbSMARTPEEN\u00ae pour le grenaillage manuel contr\u00f4l\u00e9\u00a0\u00bb image=\u00a0\u00bbhttps:\/\/www.shockform.com\/wp-content\/uploads\/2024\/04\/shockform__product__SmartPeen_500.png\u00a0\u00bb image_as_background=\u00a0\u00bboff\u00a0\u00bb button_text=\u00a0\u00bbLearn More\u00a0\u00bb button_url=\u00a0\u00bb@ET-DC@eyJkeW5hbWljIjp0cnVlLCJjb250ZW50IjoicG9zdF9saW5rX3VybF9wYWdlIiwic2V0dGluZ3MiOnsicG9zdF9pZCI6IjQxMzgiLCJlbmFibGVfaHRtbCI6Im9mZiJ9fQ==@\u00a0\u00bb button_url_new_window=\u00a0\u00bb1&Prime; _builder_version=\u00a0\u00bb4.25.2&Prime; _dynamic_attributes=\u00a0\u00bbbutton_url\u00a0\u00bb _module_preset=\u00a0\u00bbdefault\u00a0\u00bb global_colors_info=\u00a0\u00bb{}\u00a0\u00bb theme_builder_area=\u00a0\u00bbpost_content\u00a0\u00bb]<\/p>\n<p>Le SmartPeen\u00ae rend le grenaillage manuel beaucoup plus rapide et facile. Il suffit de s\u00e9lectionner la recette dans une liste et le syst\u00e8me am\u00e8ne la pression et le d\u00e9bit du m\u00e9dia \u00e0 l&rsquo;intensit\u00e9 souhait\u00e9e. Plus besoin de d\u2019ajuster manuellement les param\u00e8tres avant de commencer votre travail. Gagnez un temps pr\u00e9cieux au quotidien.<\/p>\n<p>[\/dsm_card_carousel_child][dsm_card_carousel_child admin_label=\u00a0\u00bbLe capteur de mesure d&#039;intensit\u00e9 E-Strip\u00ae\u00a0\u00bb title=\u00a0\u00bbLe capteur de mesure d&#039;intensit\u00e9 E-Strip\u00ae\u00a0\u00bb image=\u00a0\u00bbhttps:\/\/www.shockform.com\/wp-content\/uploads\/2024\/04\/shockform__product_estrip_500.png\u00a0\u00bb image_as_background=\u00a0\u00bboff\u00a0\u00bb button_text=\u00a0\u00bbLearn More\u00a0\u00bb button_url=\u00a0\u00bb@ET-DC@eyJkeW5hbWljIjp0cnVlLCJjb250ZW50IjoicG9zdF9saW5rX3VybF9wYWdlIiwic2V0dGluZ3MiOnsicG9zdF9pZCI6IjM3ODgiLCJlbmFibGVfaHRtbCI6Im9mZiJ9fQ==@\u00a0\u00bb button_url_new_window=\u00a0\u00bb1&Prime; _builder_version=\u00a0\u00bb4.25.2&Prime; _dynamic_attributes=\u00a0\u00bbbutton_url\u00a0\u00bb _module_preset=\u00a0\u00bbdefault\u00a0\u00bb global_colors_info=\u00a0\u00bb{}\u00a0\u00bb theme_builder_area=\u00a0\u00bbpost_content\u00a0\u00bb]<\/p>\n<p>Le capteur de mesure d&rsquo;intensit\u00e9 E-Strip\u00ae est la prochaine r\u00e9volution dans le domaine du grenaillage. Faites \u00e9voluer votre processus de mesure et de v\u00e9rification de l&rsquo;intensit\u00e9 vers une version \u00e9lectronique plus facile, plus rapide, plus performante et plus \u00e9cologique.<\/p>\n<p>[\/dsm_card_carousel_child][\/dsm_card_carousel][\/et_pb_column][\/et_pb_row][\/et_pb_section]<\/p>\n","protected":false},"excerpt":{"rendered":"<p>D\u00e9couvrez nos derni\u00e8res innovations pour des op\u00e9rations de maintenance sans FOD sur les moteurs \u00e0 turbine et les zones difficiles d&rsquo;acc\u00e8s.<\/p>\n","protected":false},"author":1,"featured_media":3120,"parent":2846,"menu_order":0,"comment_status":"closed","ping_status":"closed","template":"","meta":{"_et_pb_use_builder":"on","_et_pb_old_content":"","_et_gb_content_width":"","footnotes":""},"class_list":["post-3399","page","type-page","status-publish","has-post-thumbnail","hentry"],"yoast_head":"<!-- This site is optimized with the Yoast SEO plugin v27.4 - https:\/\/yoast.com\/product\/yoast-seo-wordpress\/ -->\n<title>Solutions pour moteurs d\u2019avion - Shockform A\u00e9ronautique Inc.<\/title>\n<meta name=\"robots\" content=\"index, follow, max-snippet:-1, max-image-preview:large, max-video-preview:-1\" \/>\n<link rel=\"canonical\" href=\"https:\/\/www.shockform.com\/fr\/applications\/solutions-moteurs-avion\/\" \/>\n<meta property=\"og:locale\" content=\"fr_FR\" \/>\n<meta property=\"og:type\" content=\"article\" \/>\n<meta property=\"og:title\" content=\"Solutions pour moteurs d\u2019avion - Shockform A\u00e9ronautique Inc.\" \/>\n<meta property=\"og:description\" content=\"D\u00e9couvrez nos derni\u00e8res innovations pour des op\u00e9rations de maintenance sans FOD sur les moteurs \u00e0 turbine et les zones difficiles d&#039;acc\u00e8s.\" \/>\n<meta property=\"og:url\" content=\"https:\/\/www.shockform.com\/fr\/applications\/solutions-moteurs-avion\/\" \/>\n<meta property=\"og:site_name\" content=\"Shockform A\u00e9ronautique Inc.\" \/>\n<meta property=\"article:modified_time\" content=\"2024-11-29T15:38:32+00:00\" \/>\n<meta property=\"og:image\" content=\"https:\/\/www.shockform.com\/wp-content\/uploads\/2024\/04\/shockform__banner__application__aero-engines.jpg\" \/>\n\t<meta property=\"og:image:width\" content=\"2000\" \/>\n\t<meta property=\"og:image:height\" content=\"743\" \/>\n\t<meta property=\"og:image:type\" content=\"image\/jpeg\" \/>\n<meta name=\"twitter:card\" content=\"summary_large_image\" \/>\n<meta name=\"twitter:label1\" content=\"Dur\u00e9e de lecture estim\u00e9e\" \/>\n\t<meta name=\"twitter:data1\" content=\"8 minutes\" \/>\n<script type=\"application\/ld+json\" class=\"yoast-schema-graph\">{\"@context\":\"https:\\\/\\\/schema.org\",\"@graph\":[{\"@type\":\"WebPage\",\"@id\":\"https:\\\/\\\/www.shockform.com\\\/fr\\\/applications\\\/solutions-moteurs-avion\\\/\",\"url\":\"https:\\\/\\\/www.shockform.com\\\/fr\\\/applications\\\/solutions-moteurs-avion\\\/\",\"name\":\"Solutions pour moteurs d\u2019avion - Shockform A\u00e9ronautique Inc.\",\"isPartOf\":{\"@id\":\"https:\\\/\\\/www.shockform.com\\\/fr\\\/#website\"},\"primaryImageOfPage\":{\"@id\":\"https:\\\/\\\/www.shockform.com\\\/fr\\\/applications\\\/solutions-moteurs-avion\\\/#primaryimage\"},\"image\":{\"@id\":\"https:\\\/\\\/www.shockform.com\\\/fr\\\/applications\\\/solutions-moteurs-avion\\\/#primaryimage\"},\"thumbnailUrl\":\"https:\\\/\\\/www.shockform.com\\\/wp-content\\\/uploads\\\/2024\\\/04\\\/shockform__banner__application__aero-engines.jpg\",\"datePublished\":\"2024-04-09T14:02:11+00:00\",\"dateModified\":\"2024-11-29T15:38:32+00:00\",\"breadcrumb\":{\"@id\":\"https:\\\/\\\/www.shockform.com\\\/fr\\\/applications\\\/solutions-moteurs-avion\\\/#breadcrumb\"},\"inLanguage\":\"fr-FR\",\"potentialAction\":[{\"@type\":\"ReadAction\",\"target\":[\"https:\\\/\\\/www.shockform.com\\\/fr\\\/applications\\\/solutions-moteurs-avion\\\/\"]}]},{\"@type\":\"ImageObject\",\"inLanguage\":\"fr-FR\",\"@id\":\"https:\\\/\\\/www.shockform.com\\\/fr\\\/applications\\\/solutions-moteurs-avion\\\/#primaryimage\",\"url\":\"https:\\\/\\\/www.shockform.com\\\/wp-content\\\/uploads\\\/2024\\\/04\\\/shockform__banner__application__aero-engines.jpg\",\"contentUrl\":\"https:\\\/\\\/www.shockform.com\\\/wp-content\\\/uploads\\\/2024\\\/04\\\/shockform__banner__application__aero-engines.jpg\",\"width\":2000,\"height\":743},{\"@type\":\"BreadcrumbList\",\"@id\":\"https:\\\/\\\/www.shockform.com\\\/fr\\\/applications\\\/solutions-moteurs-avion\\\/#breadcrumb\",\"itemListElement\":[{\"@type\":\"ListItem\",\"position\":1,\"name\":\"Home\",\"item\":\"https:\\\/\\\/www.shockform.com\\\/fr\\\/\"},{\"@type\":\"ListItem\",\"position\":2,\"name\":\"Applications\",\"item\":\"https:\\\/\\\/www.shockform.com\\\/fr\\\/applications\\\/\"},{\"@type\":\"ListItem\",\"position\":3,\"name\":\"Solutions pour moteurs d\u2019avion\"}]},{\"@type\":\"WebSite\",\"@id\":\"https:\\\/\\\/www.shockform.com\\\/fr\\\/#website\",\"url\":\"https:\\\/\\\/www.shockform.com\\\/fr\\\/\",\"name\":\"Shockform A\u00e9ronautique Inc.\",\"description\":\"Shockform | Innovative Products \u2013 Expert Peening Advice\",\"publisher\":{\"@id\":\"https:\\\/\\\/www.shockform.com\\\/fr\\\/#organization\"},\"potentialAction\":[{\"@type\":\"SearchAction\",\"target\":{\"@type\":\"EntryPoint\",\"urlTemplate\":\"https:\\\/\\\/www.shockform.com\\\/fr\\\/?s={search_term_string}\"},\"query-input\":{\"@type\":\"PropertyValueSpecification\",\"valueRequired\":true,\"valueName\":\"search_term_string\"}}],\"inLanguage\":\"fr-FR\"},{\"@type\":\"Organization\",\"@id\":\"https:\\\/\\\/www.shockform.com\\\/fr\\\/#organization\",\"name\":\"Shockform A\u00e9ronautique Inc.\",\"url\":\"https:\\\/\\\/www.shockform.com\\\/fr\\\/\",\"logo\":{\"@type\":\"ImageObject\",\"inLanguage\":\"fr-FR\",\"@id\":\"https:\\\/\\\/www.shockform.com\\\/fr\\\/#\\\/schema\\\/logo\\\/image\\\/\",\"url\":\"https:\\\/\\\/www.shockform.com\\\/wp-content\\\/uploads\\\/2024\\\/03\\\/shockform_logo.svg\",\"contentUrl\":\"https:\\\/\\\/www.shockform.com\\\/wp-content\\\/uploads\\\/2024\\\/03\\\/shockform_logo.svg\",\"width\":339,\"height\":46,\"caption\":\"Shockform A\u00e9ronautique Inc.\"},\"image\":{\"@id\":\"https:\\\/\\\/www.shockform.com\\\/fr\\\/#\\\/schema\\\/logo\\\/image\\\/\"},\"sameAs\":[\"https:\\\/\\\/www.youtube.com\\\/channel\\\/UC7sStPqtcJVo_Jj_WnkCjFw\",\"https:\\\/\\\/www.linkedin.com\\\/company\\\/shockform\\\/?originalSubdomain=ca\"]}]}<\/script>\n<!-- \/ Yoast SEO plugin. -->","yoast_head_json":{"title":"Solutions pour moteurs d\u2019avion - Shockform A\u00e9ronautique Inc.","robots":{"index":"index","follow":"follow","max-snippet":"max-snippet:-1","max-image-preview":"max-image-preview:large","max-video-preview":"max-video-preview:-1"},"canonical":"https:\/\/www.shockform.com\/fr\/applications\/solutions-moteurs-avion\/","og_locale":"fr_FR","og_type":"article","og_title":"Solutions pour moteurs d\u2019avion - Shockform A\u00e9ronautique Inc.","og_description":"D\u00e9couvrez nos derni\u00e8res innovations pour des op\u00e9rations de maintenance sans FOD sur les moteurs \u00e0 turbine et les zones difficiles d'acc\u00e8s.","og_url":"https:\/\/www.shockform.com\/fr\/applications\/solutions-moteurs-avion\/","og_site_name":"Shockform A\u00e9ronautique Inc.","article_modified_time":"2024-11-29T15:38:32+00:00","og_image":[{"width":2000,"height":743,"url":"https:\/\/www.shockform.com\/wp-content\/uploads\/2024\/04\/shockform__banner__application__aero-engines.jpg","type":"image\/jpeg"}],"twitter_card":"summary_large_image","twitter_misc":{"Dur\u00e9e de lecture estim\u00e9e":"8 minutes"},"schema":{"@context":"https:\/\/schema.org","@graph":[{"@type":"WebPage","@id":"https:\/\/www.shockform.com\/fr\/applications\/solutions-moteurs-avion\/","url":"https:\/\/www.shockform.com\/fr\/applications\/solutions-moteurs-avion\/","name":"Solutions pour moteurs d\u2019avion - Shockform A\u00e9ronautique Inc.","isPartOf":{"@id":"https:\/\/www.shockform.com\/fr\/#website"},"primaryImageOfPage":{"@id":"https:\/\/www.shockform.com\/fr\/applications\/solutions-moteurs-avion\/#primaryimage"},"image":{"@id":"https:\/\/www.shockform.com\/fr\/applications\/solutions-moteurs-avion\/#primaryimage"},"thumbnailUrl":"https:\/\/www.shockform.com\/wp-content\/uploads\/2024\/04\/shockform__banner__application__aero-engines.jpg","datePublished":"2024-04-09T14:02:11+00:00","dateModified":"2024-11-29T15:38:32+00:00","breadcrumb":{"@id":"https:\/\/www.shockform.com\/fr\/applications\/solutions-moteurs-avion\/#breadcrumb"},"inLanguage":"fr-FR","potentialAction":[{"@type":"ReadAction","target":["https:\/\/www.shockform.com\/fr\/applications\/solutions-moteurs-avion\/"]}]},{"@type":"ImageObject","inLanguage":"fr-FR","@id":"https:\/\/www.shockform.com\/fr\/applications\/solutions-moteurs-avion\/#primaryimage","url":"https:\/\/www.shockform.com\/wp-content\/uploads\/2024\/04\/shockform__banner__application__aero-engines.jpg","contentUrl":"https:\/\/www.shockform.com\/wp-content\/uploads\/2024\/04\/shockform__banner__application__aero-engines.jpg","width":2000,"height":743},{"@type":"BreadcrumbList","@id":"https:\/\/www.shockform.com\/fr\/applications\/solutions-moteurs-avion\/#breadcrumb","itemListElement":[{"@type":"ListItem","position":1,"name":"Home","item":"https:\/\/www.shockform.com\/fr\/"},{"@type":"ListItem","position":2,"name":"Applications","item":"https:\/\/www.shockform.com\/fr\/applications\/"},{"@type":"ListItem","position":3,"name":"Solutions pour moteurs d\u2019avion"}]},{"@type":"WebSite","@id":"https:\/\/www.shockform.com\/fr\/#website","url":"https:\/\/www.shockform.com\/fr\/","name":"Shockform A\u00e9ronautique Inc.","description":"Shockform | Innovative Products \u2013 Expert Peening Advice","publisher":{"@id":"https:\/\/www.shockform.com\/fr\/#organization"},"potentialAction":[{"@type":"SearchAction","target":{"@type":"EntryPoint","urlTemplate":"https:\/\/www.shockform.com\/fr\/?s={search_term_string}"},"query-input":{"@type":"PropertyValueSpecification","valueRequired":true,"valueName":"search_term_string"}}],"inLanguage":"fr-FR"},{"@type":"Organization","@id":"https:\/\/www.shockform.com\/fr\/#organization","name":"Shockform A\u00e9ronautique Inc.","url":"https:\/\/www.shockform.com\/fr\/","logo":{"@type":"ImageObject","inLanguage":"fr-FR","@id":"https:\/\/www.shockform.com\/fr\/#\/schema\/logo\/image\/","url":"https:\/\/www.shockform.com\/wp-content\/uploads\/2024\/03\/shockform_logo.svg","contentUrl":"https:\/\/www.shockform.com\/wp-content\/uploads\/2024\/03\/shockform_logo.svg","width":339,"height":46,"caption":"Shockform A\u00e9ronautique Inc."},"image":{"@id":"https:\/\/www.shockform.com\/fr\/#\/schema\/logo\/image\/"},"sameAs":["https:\/\/www.youtube.com\/channel\/UC7sStPqtcJVo_Jj_WnkCjFw","https:\/\/www.linkedin.com\/company\/shockform\/?originalSubdomain=ca"]}]}},"_links":{"self":[{"href":"https:\/\/www.shockform.com\/fr\/wp-json\/wp\/v2\/pages\/3399","targetHints":{"allow":["GET"]}}],"collection":[{"href":"https:\/\/www.shockform.com\/fr\/wp-json\/wp\/v2\/pages"}],"about":[{"href":"https:\/\/www.shockform.com\/fr\/wp-json\/wp\/v2\/types\/page"}],"author":[{"embeddable":true,"href":"https:\/\/www.shockform.com\/fr\/wp-json\/wp\/v2\/users\/1"}],"replies":[{"embeddable":true,"href":"https:\/\/www.shockform.com\/fr\/wp-json\/wp\/v2\/comments?post=3399"}],"version-history":[{"count":5,"href":"https:\/\/www.shockform.com\/fr\/wp-json\/wp\/v2\/pages\/3399\/revisions"}],"predecessor-version":[{"id":4748,"href":"https:\/\/www.shockform.com\/fr\/wp-json\/wp\/v2\/pages\/3399\/revisions\/4748"}],"up":[{"embeddable":true,"href":"https:\/\/www.shockform.com\/fr\/wp-json\/wp\/v2\/pages\/2846"}],"wp:featuredmedia":[{"embeddable":true,"href":"https:\/\/www.shockform.com\/fr\/wp-json\/wp\/v2\/media\/3120"}],"wp:attachment":[{"href":"https:\/\/www.shockform.com\/fr\/wp-json\/wp\/v2\/media?parent=3399"}],"curies":[{"name":"wp","href":"https:\/\/api.w.org\/{rel}","templated":true}]}}