{"id":3747,"date":"2024-04-11T15:49:02","date_gmt":"2024-04-11T19:49:02","guid":{"rendered":"https:\/\/www.shockform.com\/formations\/formation-sur-le-needle-peening-spiker\/"},"modified":"2024-04-23T13:39:44","modified_gmt":"2024-04-23T17:39:44","slug":"needle-peening-spiker","status":"publish","type":"page","link":"https:\/\/www.shockform.com\/fr\/formations\/needle-peening-spiker\/","title":{"rendered":"Formation sur le needle peening \u2013 SPIKER\u00ae"},"content":{"rendered":"<p>[et_pb_section fb_built=\u00a0\u00bb1&Prime; fullwidth=\u00a0\u00bbon\u00a0\u00bb admin_label=\u00a0\u00bbHeader\u00a0\u00bb _builder_version=\u00a0\u00bb4.24.3&Prime; _module_preset=\u00a0\u00bbdefault\u00a0\u00bb global_colors_info=\u00a0\u00bb{}\u00a0\u00bb][et_pb_fullwidth_header title=\u00a0\u00bb@ET-DC@eyJkeW5hbWljIjp0cnVlLCJjb250ZW50IjoicG9zdF90aXRsZSIsInNldHRpbmdzIjp7ImJlZm9yZSI6IiIsImFmdGVyIjoiIn19@\u00a0\u00bb _builder_version=\u00a0\u00bb4.24.3&Prime; _dynamic_attributes=\u00a0\u00bbtitle,background_image,content\u00a0\u00bb _module_preset=\u00a0\u00bbdefault\u00a0\u00bb background_image=\u00a0\u00bb@ET-DC@eyJkeW5hbWljIjp0cnVlLCJjb250ZW50IjoicG9zdF9mZWF0dXJlZF9pbWFnZSIsInNldHRpbmdzIjp7fX0=@\u00a0\u00bb height=\u00a0\u00bb50vh\u00a0\u00bb custom_padding=\u00a0\u00bb0px|0px|0px|0px|false|false\u00a0\u00bb custom_css_header_container=\u00a0\u00bbmax-width: 50% !important;||margin: 0;||padding: 3em;||height: 100%;||background: linear-gradient(to right, rgba(0, 0, 0, .7), rgba(0, 0, 0, .35) 35.94%, transparent 67.55%)\u00a0\u00bb global_colors_info=\u00a0\u00bb{}\u00a0\u00bb]@ET-DC@eyJkeW5hbWljIjp0cnVlLCJjb250ZW50IjoicG9zdF9leGNlcnB0Iiwic2V0dGluZ3MiOnsiYmVmb3JlIjoiIiwiYWZ0ZXIiOiIiLCJ3b3JkcyI6IiIsInJlYWRfbW9yZV9sYWJlbCI6IiJ9fQ==@[\/et_pb_fullwidth_header][\/et_pb_section][et_pb_section fb_built=\u00a0\u00bb1&Prime; admin_label=\u00a0\u00bbContent\u00a0\u00bb _builder_version=\u00a0\u00bb4.24.3&Prime; _module_preset=\u00a0\u00bbdefault\u00a0\u00bb global_colors_info=\u00a0\u00bb{}\u00a0\u00bb][et_pb_row _builder_version=\u00a0\u00bb4.24.3&Prime; _module_preset=\u00a0\u00bbdefault\u00a0\u00bb global_colors_info=\u00a0\u00bb{}\u00a0\u00bb][et_pb_column type=\u00a0\u00bb4_4&Prime; _builder_version=\u00a0\u00bb4.24.3&Prime; _module_preset=\u00a0\u00bbdefault\u00a0\u00bb global_colors_info=\u00a0\u00bb{}\u00a0\u00bb][dsm_card title=\u00a0\u00bbSommaire\u00a0\u00bb image=\u00a0\u00bbhttps:\/\/www.shockform.com\/wp-content\/uploads\/2024\/04\/shockform-training-spiker-intro.jpg\u00a0\u00bb image_as_background=\u00a0\u00bboff\u00a0\u00bb admin_label=\u00a0\u00bbApplication Card\u00a0\u00bb _builder_version=\u00a0\u00bb4.24.3&Prime; _module_preset=\u00a0\u00bb9d83eda1-267c-4d5a-8833-4625f0b104cc\u00a0\u00bb hover_enabled=\u00a0\u00bb0&Prime; global_colors_info=\u00a0\u00bb{}\u00a0\u00bb sticky_enabled=\u00a0\u00bb0&Prime;]<\/p>\n<div class=\"vy_text uk-panel vy_single_intro_text\">\n<div class=\"vy_text uk-panel vy_single_intro_text\">\n<p><strong>Introduction au grenaillage<\/strong><\/p>\n<ul>\n<li>Pourquoi le grenaillage?<\/li>\n<li>Applications dans l\u2019a\u00e9rospatiale<\/li>\n<li>Comment fonctionne le grenaillage de pr\u00e9contrainte<\/li>\n<li>Importance d\u2019un grenaillage de qualit\u00e9<\/li>\n<li>Consid\u00e9rations avant le grenaillage<\/li>\n<\/ul>\n<p><strong>Intensit\u00e9 du grenaillage<\/strong><\/p>\n<ul>\n<li>Intensit\u00e9 = Force d\u2019impact<\/li>\n<li>\u00c9paisseur de la couche de compression<\/li>\n<li>Trouver l\u2019intensit\u00e9<\/li>\n<li>G\u00e9n\u00e9rer une courbe de saturation<\/li>\n<li>Courbe de saturation pratique<\/li>\n<\/ul>\n<p><strong>Recouvrement du grenaillage<\/strong><\/p>\n<ul>\n<li>Qu\u2019est-ce que la recouvrement ?<\/li>\n<li>Comment mesurer la recouvrement ?<\/li>\n<li>Recouvrement \u00e0 100<\/li>\n<li>Recouvrement \u00e0 200<\/li>\n<\/ul>\n<p><strong>Utiliser le Spiker\u00ae Tool<\/strong><\/p>\n<ul>\n<li>Caract\u00e9ristiques<\/li>\n<li>T\u00eate lin\u00e9aire<\/li>\n<li>T\u00eate \u00e0 aiguille unique<\/li>\n<li>Connecteurs Spiker\u00ae<\/li>\n<li>Menus de Spiker\u00ae &#8211; Journal de bord<\/li>\n<\/ul>\n<p><strong>Spiker\u00ae Peening Sp\u00e9cifications<\/strong><\/p>\n<ul>\n<li>Applications de grenaillage \u00e0 aiguille<\/li>\n<li>Limites<\/li>\n<li>Mouvement de la t\u00eate<\/li>\n<li>V\u00e9rification de l\u2019usure de l\u2019embout<\/li>\n<li>Retrait de l\u2019embout<\/li>\n<li>Changement des aiguilles<\/li>\n<li>V\u00e9rification de l\u2019usure de l\u2019aiguille<\/li>\n<\/ul>\n<p><strong>Spiker\u00ae Pratique<\/strong><\/p>\n<p>Chaque participant configurera l\u2019appareil et g\u00e9n\u00e9rera une courbe de saturation. L\u2019instructeur v\u00e9rifiera la technique et l\u2019intensit\u00e9 obtenue avec le Spiker\u00ae en utilisant le solveur de courbe de saturation int\u00e9gr\u00e9.<\/p>\n<p><strong>Examen<\/strong><\/p>\n<p>L\u2019\u00e9tudiant qui termine l\u2019examen avec une note de 70% et plus obtiendra un certificat de r\u00e9ussite.<\/p>\n<p><strong>Dur\u00e9e de la formation<\/strong><\/p>\n<p>6-8 heures<\/p>\n<\/div>\n<\/div>\n<p>[\/dsm_card][\/et_pb_column][\/et_pb_row][\/et_pb_section][et_pb_section fb_built=\u00a0\u00bb1&Prime; admin_label=\u00a0\u00bbProducts\u00a0\u00bb _builder_version=\u00a0\u00bb4.24.3&Prime; _module_preset=\u00a0\u00bbdefault\u00a0\u00bb global_colors_info=\u00a0\u00bb{}\u00a0\u00bb][et_pb_row _builder_version=\u00a0\u00bb4.24.3&Prime; _module_preset=\u00a0\u00bbdefault\u00a0\u00bb global_colors_info=\u00a0\u00bb{}\u00a0\u00bb][et_pb_column type=\u00a0\u00bb4_4&Prime; _builder_version=\u00a0\u00bb4.24.3&Prime; _module_preset=\u00a0\u00bbdefault\u00a0\u00bb global_colors_info=\u00a0\u00bb{}\u00a0\u00bb][dsm_card_carousel autoplay=\u00a0\u00bboff\u00a0\u00bb space_between=\u00a0\u00bb50&Prime; equal_height=\u00a0\u00bbon\u00a0\u00bb arrow_prev=\u00a0\u00bbon\u00a0\u00bb arrow_prev_font_icon=\u00a0\u00bb&#xe045;||divi||400&Prime; arrow_next=\u00a0\u00bbon\u00a0\u00bb arrow_next_font_icon=\u00a0\u00bb&#xe046;||divi||400&Prime; arrow_size=\u00a0\u00bb60px\u00a0\u00bb arrow_color=\u00a0\u00bb#33a4d6&Prime; dots=\u00a0\u00bboff\u00a0\u00bb image_width=\u00a0\u00bb80%\u00a0\u00bb image_alignment=\u00a0\u00bbcenter\u00a0\u00bb admin_label=\u00a0\u00bbProducts Carousel\u00a0\u00bb _builder_version=\u00a0\u00bb4.24.3&Prime; _module_preset=\u00a0\u00bbdefault\u00a0\u00bb header_text_align=\u00a0\u00bbcenter\u00a0\u00bb background_enable_image=\u00a0\u00bboff\u00a0\u00bb background_size=\u00a0\u00bbcontain\u00a0\u00bb text_orientation=\u00a0\u00bbcenter\u00a0\u00bb locked=\u00a0\u00bboff\u00a0\u00bb global_colors_info=\u00a0\u00bb{}\u00a0\u00bb][dsm_card_carousel_child title=\u00a0\u00bbFlapSpeed&lt;sup&gt;\u00ae&lt;\/sup&gt; PRO pour le roto grenaillage\u00a0\u00bb image=\u00a0\u00bbhttps:\/\/www.shockform.com\/wp-content\/uploads\/2024\/04\/shockform__product__FlapSpeed-Pro_500.png\u00a0\u00bb image_as_background=\u00a0\u00bboff\u00a0\u00bb button_text=\u00a0\u00bben savoir plus\u00a0\u00bb button_url=\u00a0\u00bb@ET-DC@eyJkeW5hbWljIjp0cnVlLCJjb250ZW50IjoicG9zdF9saW5rX3VybF9wYWdlIiwic2V0dGluZ3MiOnsicG9zdF9pZCI6IjI5NDUifX0=@\u00a0\u00bb button_url_new_window=\u00a0\u00bb1&Prime; _builder_version=\u00a0\u00bb4.24.3&Prime; _dynamic_attributes=\u00a0\u00bbbutton_url\u00a0\u00bb _module_preset=\u00a0\u00bbdefault\u00a0\u00bb global_colors_info=\u00a0\u00bb{}\u00a0\u00bb]<\/p>\n<p>Le nouveau FlapSpeed&lt;sup &gt;\u00ae&lt;\/sup&gt;PRO , enti\u00e8rement r\u00e9invent\u00e9, offre de nombreuses am\u00e9liorations significatives par rapport \u00e0 nos anciens mod\u00e8les. L&rsquo;am\u00e9lioration la plus notable est l&rsquo;incorporation d&rsquo;un solveur de courbe de saturation Almen dans le logiciel de contr\u00f4le. La g\u00e9n\u00e9ration d&rsquo;une courbe de saturation pour garantir une intensit\u00e9 correcte n&rsquo;a jamais \u00e9t\u00e9 aussi facile et rapide.<\/p>\n<p>[\/dsm_card_carousel_child][dsm_card_carousel_child admin_label=\u00a0\u00bbSpiker\u00ae-ES Needle Peening\u00a0\u00bb title=\u00a0\u00bbSpiker&lt;sup&gt;\u00ae&lt;\/sup&gt;-ES Needle Peening pour le grenaillage \u00e0 aiguille contr\u00f4l\u00e9\u00a0\u00bb image=\u00a0\u00bbhttps:\/\/www.shockform.com\/wp-content\/uploads\/2024\/04\/shockform__product__Spiker-Needle-Peening_500-3.png\u00a0\u00bb image_as_background=\u00a0\u00bboff\u00a0\u00bb button_url_new_window=\u00a0\u00bb1&Prime; _builder_version=\u00a0\u00bb4.24.3&Prime; _module_preset=\u00a0\u00bbdefault\u00a0\u00bb global_colors_info=\u00a0\u00bb{}\u00a0\u00bb]Le Spiker<sup>\u00ae<\/sup>-ES a \u00e9t\u00e9 d\u00e9velopp\u00e9 en collaboration avec des fabricants de moteurs d&rsquo;avion pour des r\u00e9parations directement sur le moteur sans risque de (FOD). Avec le Spiker<sup>\u00ae<\/sup>-ES, le grenaillage est effectu\u00e9 \u00e0 l&rsquo;aide d&rsquo;aiguilles en carbure de tungst\u00e8ne et les param\u00e8tres du proc\u00e9d\u00e9 sont surveill\u00e9s, contr\u00f4l\u00e9s et enregistr\u00e9s en temps r\u00e9el. L&rsquo;E-Strip<sup>\u00ae<\/sup> int\u00e9gr\u00e9 permet la mesure de l&rsquo;intensit\u00e9 de grenaillage en temps r\u00e9el.[\/dsm_card_carousel_child][dsm_card_carousel_child admin_label=\u00a0\u00bbSMARTPEEN\u00ae pour le grenaillage manuel contr\u00f4l\u00e9\u00a0\u00bb title=\u00a0\u00bbSMARTPEEN&lt;sup&gt;\u00ae&lt;\/sup&gt; pour le grenaillage manuel contr\u00f4l\u00e9\u00a0\u00bb image=\u00a0\u00bbhttps:\/\/www.shockform.com\/wp-content\/uploads\/2024\/04\/shockform__product__SmartPeen_500.png\u00a0\u00bb image_as_background=\u00a0\u00bboff\u00a0\u00bb button_url_new_window=\u00a0\u00bb1&Prime; _builder_version=\u00a0\u00bb4.24.3&Prime; _module_preset=\u00a0\u00bbdefault\u00a0\u00bb global_colors_info=\u00a0\u00bb{}\u00a0\u00bb]Le SmartPeen<sup>\u00ae<\/sup> rend le grenaillage manuel beaucoup plus rapide et facile. Il suffit de s\u00e9lectionner la recette dans une liste et le syst\u00e8me am\u00e8ne la pression et le d\u00e9bit du m\u00e9dia \u00e0 l&rsquo;intensit\u00e9 souhait\u00e9e. Plus besoin de d\u2019ajuster manuellement les param\u00e8tres avant de commencer votre travail. Gagnez un temps pr\u00e9cieux au quotidien.[\/dsm_card_carousel_child][dsm_card_carousel_child admin_label=\u00a0\u00bbLe capteur de mesure d&#039;intensit\u00e9 E-Strip\u00ae\u00a0\u00bb title=\u00a0\u00bbLe capteur de mesure d&#039;intensit\u00e9 E-Strip&lt;sup&gt;\u00ae&lt;\/sup&gt;\u00a0\u00bb image=\u00a0\u00bbhttps:\/\/www.shockform.com\/wp-content\/uploads\/2024\/04\/shockform__product_estrip_500.png\u00a0\u00bb image_as_background=\u00a0\u00bboff\u00a0\u00bb button_url_new_window=\u00a0\u00bb1&Prime; _builder_version=\u00a0\u00bb4.24.3&Prime; _module_preset=\u00a0\u00bbdefault\u00a0\u00bb global_colors_info=\u00a0\u00bb{}\u00a0\u00bb]Le capteur de mesure d&rsquo;intensit\u00e9 E-Strip<sup>\u00ae<\/sup> est la prochaine r\u00e9volution dans le domaine du grenaillage. Faites \u00e9voluer votre processus de mesure et de v\u00e9rification de l&rsquo;intensit\u00e9 vers une version \u00e9lectronique plus facile, plus rapide, plus performante et plus \u00e9cologique.[\/dsm_card_carousel_child][\/dsm_card_carousel][\/et_pb_column][\/et_pb_row][\/et_pb_section]<\/p>\n","protected":false},"excerpt":{"rendered":"<p>Ce cours couvre les aspects th\u00e9oriques et pratiques du Needle Peening avec le Spiker\u00ae. Les participants apprendront les bases du grenaillage de pr\u00e9contrainte et les sp\u00e9cificit\u00e9s li\u00e9es au grenaillage \u00e0 aiguille. Dans la session pratique, les participants utiliseront un outil Spiker\u00ae pour acqu\u00e9rir une exp\u00e9rience pratique du processus tout en g\u00e9n\u00e9rant une courbe de saturation. Un examen \u00e9crit est donn\u00e9 aux participants et une note de passage de 70% leur permettra d&rsquo;obtenir un certificat de r\u00e9ussite. <\/p>\n","protected":false},"author":1,"featured_media":3529,"parent":2863,"menu_order":0,"comment_status":"closed","ping_status":"closed","template":"","meta":{"_et_pb_use_builder":"on","_et_pb_old_content":"","_et_gb_content_width":"","footnotes":""},"class_list":["post-3747","page","type-page","status-publish","has-post-thumbnail","hentry"],"yoast_head":"<!-- This site is optimized with the Yoast SEO plugin v27.4 - https:\/\/yoast.com\/product\/yoast-seo-wordpress\/ -->\n<title>Formation sur le needle peening \u2013 SPIKER\u00ae - Shockform A\u00e9ronautique Inc.<\/title>\n<meta name=\"robots\" content=\"index, follow, max-snippet:-1, max-image-preview:large, max-video-preview:-1\" \/>\n<link rel=\"canonical\" href=\"https:\/\/www.shockform.com\/fr\/formations\/needle-peening-spiker\/\" \/>\n<meta property=\"og:locale\" content=\"fr_FR\" \/>\n<meta property=\"og:type\" content=\"article\" \/>\n<meta property=\"og:title\" content=\"Formation sur le needle peening \u2013 SPIKER\u00ae - Shockform A\u00e9ronautique Inc.\" \/>\n<meta property=\"og:description\" content=\"Ce cours couvre les aspects th\u00e9oriques et pratiques du Needle Peening avec le Spiker\u00ae. Les participants apprendront les bases du grenaillage de pr\u00e9contrainte et les sp\u00e9cificit\u00e9s li\u00e9es au grenaillage \u00e0 aiguille. Dans la session pratique, les participants utiliseront un outil Spiker\u00ae pour acqu\u00e9rir une exp\u00e9rience pratique du processus tout en g\u00e9n\u00e9rant une courbe de saturation. Un examen \u00e9crit est donn\u00e9 aux participants et une note de passage de 70% leur permettra d&#039;obtenir un certificat de r\u00e9ussite.\" \/>\n<meta property=\"og:url\" content=\"https:\/\/www.shockform.com\/fr\/formations\/needle-peening-spiker\/\" \/>\n<meta property=\"og:site_name\" content=\"Shockform A\u00e9ronautique Inc.\" \/>\n<meta property=\"article:modified_time\" content=\"2024-04-23T17:39:44+00:00\" \/>\n<meta property=\"og:image\" content=\"https:\/\/www.shockform.com\/wp-content\/uploads\/2024\/04\/shockform-training-spiker-banner.jpg\" \/>\n\t<meta property=\"og:image:width\" content=\"2000\" \/>\n\t<meta property=\"og:image:height\" content=\"743\" \/>\n\t<meta property=\"og:image:type\" content=\"image\/jpeg\" \/>\n<meta name=\"twitter:card\" content=\"summary_large_image\" \/>\n<meta name=\"twitter:label1\" content=\"Dur\u00e9e de lecture estim\u00e9e\" \/>\n\t<meta name=\"twitter:data1\" content=\"5 minutes\" \/>\n<script type=\"application\/ld+json\" class=\"yoast-schema-graph\">{\"@context\":\"https:\\\/\\\/schema.org\",\"@graph\":[{\"@type\":\"WebPage\",\"@id\":\"https:\\\/\\\/www.shockform.com\\\/fr\\\/formations\\\/needle-peening-spiker\\\/\",\"url\":\"https:\\\/\\\/www.shockform.com\\\/fr\\\/formations\\\/needle-peening-spiker\\\/\",\"name\":\"Formation sur le needle peening \u2013 SPIKER\u00ae - Shockform A\u00e9ronautique Inc.\",\"isPartOf\":{\"@id\":\"https:\\\/\\\/www.shockform.com\\\/fr\\\/#website\"},\"primaryImageOfPage\":{\"@id\":\"https:\\\/\\\/www.shockform.com\\\/fr\\\/formations\\\/needle-peening-spiker\\\/#primaryimage\"},\"image\":{\"@id\":\"https:\\\/\\\/www.shockform.com\\\/fr\\\/formations\\\/needle-peening-spiker\\\/#primaryimage\"},\"thumbnailUrl\":\"https:\\\/\\\/www.shockform.com\\\/wp-content\\\/uploads\\\/2024\\\/04\\\/shockform-training-spiker-banner.jpg\",\"datePublished\":\"2024-04-11T19:49:02+00:00\",\"dateModified\":\"2024-04-23T17:39:44+00:00\",\"breadcrumb\":{\"@id\":\"https:\\\/\\\/www.shockform.com\\\/fr\\\/formations\\\/needle-peening-spiker\\\/#breadcrumb\"},\"inLanguage\":\"fr-FR\",\"potentialAction\":[{\"@type\":\"ReadAction\",\"target\":[\"https:\\\/\\\/www.shockform.com\\\/fr\\\/formations\\\/needle-peening-spiker\\\/\"]}]},{\"@type\":\"ImageObject\",\"inLanguage\":\"fr-FR\",\"@id\":\"https:\\\/\\\/www.shockform.com\\\/fr\\\/formations\\\/needle-peening-spiker\\\/#primaryimage\",\"url\":\"https:\\\/\\\/www.shockform.com\\\/wp-content\\\/uploads\\\/2024\\\/04\\\/shockform-training-spiker-banner.jpg\",\"contentUrl\":\"https:\\\/\\\/www.shockform.com\\\/wp-content\\\/uploads\\\/2024\\\/04\\\/shockform-training-spiker-banner.jpg\",\"width\":2000,\"height\":743},{\"@type\":\"BreadcrumbList\",\"@id\":\"https:\\\/\\\/www.shockform.com\\\/fr\\\/formations\\\/needle-peening-spiker\\\/#breadcrumb\",\"itemListElement\":[{\"@type\":\"ListItem\",\"position\":1,\"name\":\"Home\",\"item\":\"https:\\\/\\\/www.shockform.com\\\/fr\\\/\"},{\"@type\":\"ListItem\",\"position\":2,\"name\":\"Formations\",\"item\":\"https:\\\/\\\/www.shockform.com\\\/fr\\\/formations\\\/\"},{\"@type\":\"ListItem\",\"position\":3,\"name\":\"Formation sur le needle peening \u2013 SPIKER\u00ae\"}]},{\"@type\":\"WebSite\",\"@id\":\"https:\\\/\\\/www.shockform.com\\\/fr\\\/#website\",\"url\":\"https:\\\/\\\/www.shockform.com\\\/fr\\\/\",\"name\":\"Shockform A\u00e9ronautique Inc.\",\"description\":\"Shockform | Innovative Products \u2013 Expert Peening Advice\",\"publisher\":{\"@id\":\"https:\\\/\\\/www.shockform.com\\\/fr\\\/#organization\"},\"potentialAction\":[{\"@type\":\"SearchAction\",\"target\":{\"@type\":\"EntryPoint\",\"urlTemplate\":\"https:\\\/\\\/www.shockform.com\\\/fr\\\/?s={search_term_string}\"},\"query-input\":{\"@type\":\"PropertyValueSpecification\",\"valueRequired\":true,\"valueName\":\"search_term_string\"}}],\"inLanguage\":\"fr-FR\"},{\"@type\":\"Organization\",\"@id\":\"https:\\\/\\\/www.shockform.com\\\/fr\\\/#organization\",\"name\":\"Shockform A\u00e9ronautique Inc.\",\"url\":\"https:\\\/\\\/www.shockform.com\\\/fr\\\/\",\"logo\":{\"@type\":\"ImageObject\",\"inLanguage\":\"fr-FR\",\"@id\":\"https:\\\/\\\/www.shockform.com\\\/fr\\\/#\\\/schema\\\/logo\\\/image\\\/\",\"url\":\"https:\\\/\\\/www.shockform.com\\\/wp-content\\\/uploads\\\/2024\\\/03\\\/shockform_logo.svg\",\"contentUrl\":\"https:\\\/\\\/www.shockform.com\\\/wp-content\\\/uploads\\\/2024\\\/03\\\/shockform_logo.svg\",\"width\":339,\"height\":46,\"caption\":\"Shockform A\u00e9ronautique Inc.\"},\"image\":{\"@id\":\"https:\\\/\\\/www.shockform.com\\\/fr\\\/#\\\/schema\\\/logo\\\/image\\\/\"},\"sameAs\":[\"https:\\\/\\\/www.youtube.com\\\/channel\\\/UC7sStPqtcJVo_Jj_WnkCjFw\",\"https:\\\/\\\/www.linkedin.com\\\/company\\\/shockform\\\/?originalSubdomain=ca\"]}]}<\/script>\n<!-- \/ Yoast SEO plugin. -->","yoast_head_json":{"title":"Formation sur le needle peening \u2013 SPIKER\u00ae - Shockform A\u00e9ronautique Inc.","robots":{"index":"index","follow":"follow","max-snippet":"max-snippet:-1","max-image-preview":"max-image-preview:large","max-video-preview":"max-video-preview:-1"},"canonical":"https:\/\/www.shockform.com\/fr\/formations\/needle-peening-spiker\/","og_locale":"fr_FR","og_type":"article","og_title":"Formation sur le needle peening \u2013 SPIKER\u00ae - Shockform A\u00e9ronautique Inc.","og_description":"Ce cours couvre les aspects th\u00e9oriques et pratiques du Needle Peening avec le Spiker\u00ae. Les participants apprendront les bases du grenaillage de pr\u00e9contrainte et les sp\u00e9cificit\u00e9s li\u00e9es au grenaillage \u00e0 aiguille. Dans la session pratique, les participants utiliseront un outil Spiker\u00ae pour acqu\u00e9rir une exp\u00e9rience pratique du processus tout en g\u00e9n\u00e9rant une courbe de saturation. Un examen \u00e9crit est donn\u00e9 aux participants et une note de passage de 70% leur permettra d'obtenir un certificat de r\u00e9ussite.","og_url":"https:\/\/www.shockform.com\/fr\/formations\/needle-peening-spiker\/","og_site_name":"Shockform A\u00e9ronautique Inc.","article_modified_time":"2024-04-23T17:39:44+00:00","og_image":[{"width":2000,"height":743,"url":"https:\/\/www.shockform.com\/wp-content\/uploads\/2024\/04\/shockform-training-spiker-banner.jpg","type":"image\/jpeg"}],"twitter_card":"summary_large_image","twitter_misc":{"Dur\u00e9e de lecture estim\u00e9e":"5 minutes"},"schema":{"@context":"https:\/\/schema.org","@graph":[{"@type":"WebPage","@id":"https:\/\/www.shockform.com\/fr\/formations\/needle-peening-spiker\/","url":"https:\/\/www.shockform.com\/fr\/formations\/needle-peening-spiker\/","name":"Formation sur le needle peening \u2013 SPIKER\u00ae - Shockform A\u00e9ronautique Inc.","isPartOf":{"@id":"https:\/\/www.shockform.com\/fr\/#website"},"primaryImageOfPage":{"@id":"https:\/\/www.shockform.com\/fr\/formations\/needle-peening-spiker\/#primaryimage"},"image":{"@id":"https:\/\/www.shockform.com\/fr\/formations\/needle-peening-spiker\/#primaryimage"},"thumbnailUrl":"https:\/\/www.shockform.com\/wp-content\/uploads\/2024\/04\/shockform-training-spiker-banner.jpg","datePublished":"2024-04-11T19:49:02+00:00","dateModified":"2024-04-23T17:39:44+00:00","breadcrumb":{"@id":"https:\/\/www.shockform.com\/fr\/formations\/needle-peening-spiker\/#breadcrumb"},"inLanguage":"fr-FR","potentialAction":[{"@type":"ReadAction","target":["https:\/\/www.shockform.com\/fr\/formations\/needle-peening-spiker\/"]}]},{"@type":"ImageObject","inLanguage":"fr-FR","@id":"https:\/\/www.shockform.com\/fr\/formations\/needle-peening-spiker\/#primaryimage","url":"https:\/\/www.shockform.com\/wp-content\/uploads\/2024\/04\/shockform-training-spiker-banner.jpg","contentUrl":"https:\/\/www.shockform.com\/wp-content\/uploads\/2024\/04\/shockform-training-spiker-banner.jpg","width":2000,"height":743},{"@type":"BreadcrumbList","@id":"https:\/\/www.shockform.com\/fr\/formations\/needle-peening-spiker\/#breadcrumb","itemListElement":[{"@type":"ListItem","position":1,"name":"Home","item":"https:\/\/www.shockform.com\/fr\/"},{"@type":"ListItem","position":2,"name":"Formations","item":"https:\/\/www.shockform.com\/fr\/formations\/"},{"@type":"ListItem","position":3,"name":"Formation sur le needle peening \u2013 SPIKER\u00ae"}]},{"@type":"WebSite","@id":"https:\/\/www.shockform.com\/fr\/#website","url":"https:\/\/www.shockform.com\/fr\/","name":"Shockform A\u00e9ronautique Inc.","description":"Shockform | Innovative Products \u2013 Expert Peening Advice","publisher":{"@id":"https:\/\/www.shockform.com\/fr\/#organization"},"potentialAction":[{"@type":"SearchAction","target":{"@type":"EntryPoint","urlTemplate":"https:\/\/www.shockform.com\/fr\/?s={search_term_string}"},"query-input":{"@type":"PropertyValueSpecification","valueRequired":true,"valueName":"search_term_string"}}],"inLanguage":"fr-FR"},{"@type":"Organization","@id":"https:\/\/www.shockform.com\/fr\/#organization","name":"Shockform A\u00e9ronautique Inc.","url":"https:\/\/www.shockform.com\/fr\/","logo":{"@type":"ImageObject","inLanguage":"fr-FR","@id":"https:\/\/www.shockform.com\/fr\/#\/schema\/logo\/image\/","url":"https:\/\/www.shockform.com\/wp-content\/uploads\/2024\/03\/shockform_logo.svg","contentUrl":"https:\/\/www.shockform.com\/wp-content\/uploads\/2024\/03\/shockform_logo.svg","width":339,"height":46,"caption":"Shockform A\u00e9ronautique Inc."},"image":{"@id":"https:\/\/www.shockform.com\/fr\/#\/schema\/logo\/image\/"},"sameAs":["https:\/\/www.youtube.com\/channel\/UC7sStPqtcJVo_Jj_WnkCjFw","https:\/\/www.linkedin.com\/company\/shockform\/?originalSubdomain=ca"]}]}},"_links":{"self":[{"href":"https:\/\/www.shockform.com\/fr\/wp-json\/wp\/v2\/pages\/3747","targetHints":{"allow":["GET"]}}],"collection":[{"href":"https:\/\/www.shockform.com\/fr\/wp-json\/wp\/v2\/pages"}],"about":[{"href":"https:\/\/www.shockform.com\/fr\/wp-json\/wp\/v2\/types\/page"}],"author":[{"embeddable":true,"href":"https:\/\/www.shockform.com\/fr\/wp-json\/wp\/v2\/users\/1"}],"replies":[{"embeddable":true,"href":"https:\/\/www.shockform.com\/fr\/wp-json\/wp\/v2\/comments?post=3747"}],"version-history":[{"count":6,"href":"https:\/\/www.shockform.com\/fr\/wp-json\/wp\/v2\/pages\/3747\/revisions"}],"predecessor-version":[{"id":4545,"href":"https:\/\/www.shockform.com\/fr\/wp-json\/wp\/v2\/pages\/3747\/revisions\/4545"}],"up":[{"embeddable":true,"href":"https:\/\/www.shockform.com\/fr\/wp-json\/wp\/v2\/pages\/2863"}],"wp:featuredmedia":[{"embeddable":true,"href":"https:\/\/www.shockform.com\/fr\/wp-json\/wp\/v2\/media\/3529"}],"wp:attachment":[{"href":"https:\/\/www.shockform.com\/fr\/wp-json\/wp\/v2\/media?parent=3747"}],"curies":[{"name":"wp","href":"https:\/\/api.w.org\/{rel}","templated":true}]}}