{"id":3757,"date":"2024-04-10T00:22:03","date_gmt":"2024-04-10T04:22:03","guid":{"rendered":"https:\/\/www.shockform.com\/innovations\/spedron\/"},"modified":"2024-04-17T10:01:59","modified_gmt":"2024-04-17T14:01:59","slug":"spedron","status":"publish","type":"page","link":"https:\/\/www.shockform.com\/fr\/innovations\/spedron\/","title":{"rendered":"Spedron\u00ae"},"content":{"rendered":"<p>[et_pb_section fb_built=\u00a0\u00bb1&Prime; fullwidth=\u00a0\u00bbon\u00a0\u00bb _builder_version=\u00a0\u00bb4.24.3&Prime; _module_preset=\u00a0\u00bbdefault\u00a0\u00bb global_module=\u00a0\u00bb2569&Prime; global_colors_info=\u00a0\u00bb{}\u00a0\u00bb][et_pb_fullwidth_post_title meta=\u00a0\u00bboff\u00a0\u00bb featured_image=\u00a0\u00bboff\u00a0\u00bb text_color=\u00a0\u00bblight\u00a0\u00bb _builder_version=\u00a0\u00bb4.24.3&Prime; _module_preset=\u00a0\u00bbdefault\u00a0\u00bb background_color=\u00a0\u00bb#132989&Prime; background_image=\u00a0\u00bbhttps:\/\/www.shockform.com\/wp-content\/uploads\/2024\/04\/bg_waves_internal_pages.png\u00a0\u00bb custom_padding=\u00a0\u00bb4vw||4vw||true|false\u00a0\u00bb custom_css_post_title=\u00a0\u00bbmax-width: 600px;||padding: 0;\u00a0\u00bb global_colors_info=\u00a0\u00bb{}\u00a0\u00bb][\/et_pb_fullwidth_post_title][\/et_pb_section][et_pb_section fb_built=\u00a0\u00bb1&Prime; next_background_color=\u00a0\u00bb#ffffff\u00a0\u00bb _builder_version=\u00a0\u00bb4.24.3&Prime; _module_preset=\u00a0\u00bbdefault\u00a0\u00bb background_color=\u00a0\u00bbgcid-4a1179ed-f9ed-44df-8534-c29c3050faca\u00a0\u00bb custom_margin=\u00a0\u00bb||||false|false\u00a0\u00bb custom_padding=\u00a0\u00bb0px||||false|false\u00a0\u00bb bottom_divider_style=\u00a0\u00bbcurve\u00a0\u00bb bottom_divider_height=\u00a0\u00bb4vw\u00a0\u00bb bottom_divider_style_tablet=\u00a0\u00bbcurve\u00a0\u00bb bottom_divider_style_phone=\u00a0\u00bbnone\u00a0\u00bb bottom_divider_style_last_edited=\u00a0\u00bbon|phone\u00a0\u00bb locked=\u00a0\u00bboff\u00a0\u00bb global_colors_info=\u00a0\u00bb{%22gcid-4a1179ed-f9ed-44df-8534-c29c3050faca%22:%91%22background_color%22%93}\u00a0\u00bb][et_pb_row _builder_version=\u00a0\u00bb4.24.3&Prime; _module_preset=\u00a0\u00bbdefault\u00a0\u00bb global_colors_info=\u00a0\u00bb{}\u00a0\u00bb][et_pb_column type=\u00a0\u00bb4_4&Prime; _builder_version=\u00a0\u00bb4.24.3&Prime; _module_preset=\u00a0\u00bbdefault\u00a0\u00bb global_colors_info=\u00a0\u00bb{}\u00a0\u00bb][dsm_card title=\u00a0\u00bbObjectif\u00a0\u00bb layout=\u00a0\u00bbinline\u00a0\u00bb layout_inline_image_width=\u00a0\u00bb20%\u00a0\u00bb layout_inline_order=\u00a0\u00bbright\u00a0\u00bb image=\u00a0\u00bbhttps:\/\/www.shockform.com\/wp-content\/uploads\/2024\/04\/Shockform-Spedron-small.jpg\u00a0\u00bb image_as_background=\u00a0\u00bboff\u00a0\u00bb image_alignment=\u00a0\u00bbcenter\u00a0\u00bb button_url_new_window=\u00a0\u00bb1&Prime; layout_tablet=\u00a0\u00bbstacked\u00a0\u00bb layout_phone=\u00a0\u00bbstacked\u00a0\u00bb layout_last_edited=\u00a0\u00bbon|tablet\u00a0\u00bb admin_label=\u00a0\u00bbObjective\u00a0\u00bb _builder_version=\u00a0\u00bb4.24.3&Prime; _module_preset=\u00a0\u00bbdefault\u00a0\u00bb header_level=\u00a0\u00bbh2&Prime; body_font_size=\u00a0\u00bb18px\u00a0\u00bb body_line_height=\u00a0\u00bb1.6em\u00a0\u00bb background_layout=\u00a0\u00bbdark\u00a0\u00bb custom_css_free_form=\u00a0\u00bbselector .dsm_card_img {||  border-radius: 10px;||}\u00a0\u00bb border_radii_image=\u00a0\u00bbon|10px|10px|10px|10px\u00a0\u00bb]<\/p>\n<p>L&rsquo;\u00e9quipe de Shockform travaille actuellement sur un nouvel appareil appel\u00e9 \u00ab\u00a0Syst\u00e8me intelligent d&rsquo;outils et d&rsquo;abrasifs\u00a0\u00bb qui r\u00e9volutionnera la fa\u00e7on dont les abrasifs et les outils \u00e9lectriques sont utilis\u00e9s pour effectuer un travail de pr\u00e9cision sur des composants de grande valeur.<\/p>\n<p>[\/dsm_card][\/et_pb_column][\/et_pb_row][\/et_pb_section][et_pb_section fb_built=\u00a0\u00bb1&Prime; _builder_version=\u00a0\u00bb4.24.3&Prime; _module_preset=\u00a0\u00bbdefault\u00a0\u00bb hover_enabled=\u00a0\u00bb0&Prime; global_colors_info=\u00a0\u00bb{}\u00a0\u00bb custom_padding_last_edited=\u00a0\u00bbon|phone\u00a0\u00bb custom_padding=\u00a0\u00bb0px||||false|false\u00a0\u00bb sticky_enabled=\u00a0\u00bb0&Prime; custom_padding_tablet=\u00a0\u00bb||||false|false\u00a0\u00bb custom_padding_phone=\u00a0\u00bb||||false|false\u00a0\u00bb][et_pb_row _builder_version=\u00a0\u00bb4.24.3&Prime; _module_preset=\u00a0\u00bbdefault\u00a0\u00bb global_colors_info=\u00a0\u00bb{}\u00a0\u00bb][et_pb_column type=\u00a0\u00bb4_4&Prime; _builder_version=\u00a0\u00bb4.24.3&Prime; _module_preset=\u00a0\u00bbdefault\u00a0\u00bb global_colors_info=\u00a0\u00bb{}\u00a0\u00bb][dsm_card title=\u00a0\u00bbLes d\u00e9fis\u00a0\u00bb layout=\u00a0\u00bbinline\u00a0\u00bb layout_inline_image_width=\u00a0\u00bb35%\u00a0\u00bb content_horizontal_alignment=\u00a0\u00bbflex-end\u00a0\u00bb image=\u00a0\u00bbhttps:\/\/www.shockform.com\/wp-content\/uploads\/2024\/04\/shockform__innovation__spedron_377x600.jpg\u00a0\u00bb image_as_background=\u00a0\u00bboff\u00a0\u00bb button_url_new_window=\u00a0\u00bb1&Prime; layout_tablet=\u00a0\u00bbstacked\u00a0\u00bb layout_phone=\u00a0\u00bbstacked\u00a0\u00bb layout_last_edited=\u00a0\u00bbon|tablet\u00a0\u00bb admin_label=\u00a0\u00bbCard &#8211; The Challenges\u00a0\u00bb _builder_version=\u00a0\u00bb4.24.3&Prime; _module_preset=\u00a0\u00bbdefault\u00a0\u00bb header_level=\u00a0\u00bbh2&Prime; hover_enabled=\u00a0\u00bb0&Prime; global_colors_info=\u00a0\u00bb{}\u00a0\u00bb image_width=\u00a0\u00bb400px\u00a0\u00bb sticky_enabled=\u00a0\u00bb0&Prime; title_text=\u00a0\u00bbshockform__innovation__spedron_377x600&Prime; image_alignment_last_edited=\u00a0\u00bbon|phone\u00a0\u00bb image_alignment_tablet=\u00a0\u00bbcenter\u00a0\u00bb image_width_last_edited=\u00a0\u00bbon|phone\u00a0\u00bb image_width_phone=\u00a0\u00bb90%\u00a0\u00bb image_alignment_phone=\u00a0\u00bbleft\u00a0\u00bb image_width_tablet=\u00a0\u00bb400px\u00a0\u00bb]<\/p>\n<p>L&rsquo;utilisation d&rsquo;outils \u00e9lectriques pneumatiques et d&rsquo;abrasifs pour meuler, polir ou modifier la surface des composants n&rsquo;a pas fondamentalement \u00e9volu\u00e9 depuis les premiers d\u00e9veloppements des outils \u00e9lectriques manuels.<\/p>\n<p>Les op\u00e9rateurs dans l&rsquo;atelier n&rsquo;ont souvent acc\u00e8s qu&rsquo;\u00e0 un seul outil \u00e9lectrique qui est utilis\u00e9 \u00e0 sa vitesse maximale avec tous les diff\u00e9rents abrasifs. Cependant, chaque abrasif a sa propre vitesse optimale pour une performance maximale. Un disque \u00ab\u00a0XYZ\u00a0\u00bb doit tourner \u00e0 3 000 tr\/min tandis qu&rsquo;un tampon \u00ab\u00a0ABC\u00a0\u00bb est plus performant \u00e0 12 000 tr\/min. Malheureusement, cette information est rarement disponible pour l&rsquo;op\u00e9rateur et s&rsquo;il l&rsquo;\u00e9tait, il serait incapable d&rsquo;utiliser l&rsquo;abrasif \u00e0 la vitesse optimale puisque son outil est limit\u00e9 \u00e0 une seule vitesse.<\/p>\n<p>L&rsquo;utilisation inad\u00e9quate des abrasifs entra\u00eene trois principaux probl\u00e8mes co\u00fbteux :<\/p>\n<ul>\n<li>&#8211; Le premier est un probl\u00e8me de qualit\u00e9, les composants \u00e9tant surchauff\u00e9s, ray\u00e9s ou endommag\u00e9s,<\/li>\n<li>&#8211; Le deuxi\u00e8me est un probl\u00e8me de productivit\u00e9 car les op\u00e9rateurs doivent r\u00e9parer les composants endommag\u00e9s ou recommencer sur un nouveau composant,<\/li>\n<li>&#8211; Le troisi\u00e8me est un probl\u00e8me de s\u00e9curit\u00e9, l&rsquo;abrasif fonctionnant trop vite et \u00e9clatant pendant l&rsquo;utilisation, blessant les op\u00e9rateurs ou leurs coll\u00e8gues.<\/li>\n<\/ul>\n<p>[\/dsm_card][\/et_pb_column][\/et_pb_row][\/et_pb_section][et_pb_section fb_built=\u00a0\u00bb1&Prime; _builder_version=\u00a0\u00bb4.24.3&Prime; _module_preset=\u00a0\u00bbdefault\u00a0\u00bb background_color=\u00a0\u00bbgcid-22034262-2a61-4e1c-add3-b08e3511f36a\u00a0\u00bb global_colors_info=\u00a0\u00bb{%22gcid-22034262-2a61-4e1c-add3-b08e3511f36a%22:%91%22background_color%22%93}\u00a0\u00bb][et_pb_row _builder_version=\u00a0\u00bb4.24.3&Prime; _module_preset=\u00a0\u00bbdefault\u00a0\u00bb global_colors_info=\u00a0\u00bb{}\u00a0\u00bb][et_pb_column type=\u00a0\u00bb4_4&Prime; _builder_version=\u00a0\u00bb4.24.3&Prime; _module_preset=\u00a0\u00bbdefault\u00a0\u00bb global_colors_info=\u00a0\u00bb{}\u00a0\u00bb][et_pb_heading title=\u00a0\u00bbLa Solution\u00a0\u00bb admin_label=\u00a0\u00bbHD &#8211; The Solution\u00a0\u00bb _builder_version=\u00a0\u00bb4.24.3&Prime; _module_preset=\u00a0\u00bbdefault\u00a0\u00bb title_level=\u00a0\u00bbh2&Prime; global_colors_info=\u00a0\u00bb{}\u00a0\u00bb][\/et_pb_heading][et_pb_text admin_label=\u00a0\u00bbShockform is developing an intelligent\u00a0\u00bb _builder_version=\u00a0\u00bb4.24.3&Prime; _module_preset=\u00a0\u00bbdefault\u00a0\u00bb global_colors_info=\u00a0\u00bb{}\u00a0\u00bb]<\/p>\n<h3><\/h3>\n<p>Shockform d\u00e9veloppe un syst\u00e8me intelligent bas\u00e9 sur une communication en boucle ferm\u00e9e entre les abrasifs, l&rsquo;outil \u00e9lectrique et l&rsquo;op\u00e9rateur.<\/p>\n<p>Chaque abrasif comprendra un code-barres contenant des informations telles que le r\u00e9gime optimal pour l&rsquo;utilisation de l&rsquo;abrasif sur diff\u00e9rents mat\u00e9riaux. Ce code \u00e0 barres sera lu par un lecteur de codes \u00e0 barres sur l&rsquo;outil \u00e9lectrique. L&rsquo;op\u00e9rateur n&rsquo;aura qu&rsquo;\u00e0 choisir le mat\u00e9riau dans une liste sur le moniteur de l&rsquo;outil et l&rsquo;outil \u00e9lectrique s&rsquo;ajustera automatiquement \u00e0 la vitesse de rotation optimale pour l&rsquo;abrasif et le mat\u00e9riau de la pi\u00e8ce. Il sera \u00e9galement possible de limiter la sortie de l&rsquo;outil \u00e9lectrique \u00e0 un certain niveau de puissance, comme l&rsquo;exigent actuellement les \u00e9quipementiers pour le traitement de surface des mat\u00e9riaux plus exotiques.<\/p>\n<p>Ce nouveau \u00ab\u00a0syst\u00e8me intelligent d&rsquo;outils et d&rsquo;abrasifs\u00a0\u00bb augmentera la qualit\u00e9, la productivit\u00e9 et la s\u00e9curit\u00e9 des op\u00e9rations de surface. Ces trois propositions de valeur sont essentielles pour toutes les entreprises dont les op\u00e9rateurs effectuent des travaux de pr\u00e9cision sur des composants co\u00fbteux.<\/p>\n<p>[\/et_pb_text][\/et_pb_column][\/et_pb_row][\/et_pb_section]<\/p>\n","protected":false},"excerpt":{"rendered":"<p><div class=\"et_pb_module dsm_card dsm_card_0 et_pb_bg_layout_dark  dsm_card_layout_inline dsm_card_tablet_layout_stacked\">\n\t\t\t\t\n\t\t\t\t\n\t\t\t\t\n\t\t\t\t\n\t\t\t\t\n\t\t\t\t\n\t\t\t\t<div class=\"et_pb_module_inner\">\n\t\t\t\t\t\n\t\t\t\n\t\t\t<figure class=\"dsm_card_image_wrapper dsm_card_badge_top_right\"><img decoding=\"async\" src=\"https:\/\/www.shockform.com\/wp-content\/uploads\/2024\/04\/Shockform-Spedron-small.jpg\" alt=\"\" class=\"dsm_card_img dsm_card_image_stretch\" \/><\/figure>\n\t\t\t<div class=\"et_pb_module dsm_card_wrapper et_pb_text_align_left\">\n\t\t\t\t\t\n\t\t\t\t\t<h2 class=\"dsm_card_title et_pb_module_header\">Objectif<\/h2>\n\t\t\t\t\t\n\t\t\t\t\t<div class=\"dsm_card_description\">L&rsquo;\u00e9quipe de Shockform travaille actuellement sur un nouvel appareil appel\u00e9 \u00ab\u00a0Syst\u00e8me intelligent d&rsquo;outils et d&rsquo;abrasifs\u00a0\u00bb qui r\u00e9volutionnera la fa\u00e7on dont les abrasifs et les outils \u00e9lectriques sont utilis\u00e9s pour effectuer un travail de pr\u00e9cision sur des composants de grande valeur.<\/div>\n\t\t\t\t\t\n\t\t\t\t<\/div>\n\t\t\t\n\t\t\t\t<\/div>\n\t\t\t<\/div><div class=\"et_pb_module dsm_card dsm_card_1 et_pb_bg_layout_light  dsm_card_layout_inline dsm_card_tablet_layout_stacked\">\n\t\t\t\t\n\t\t\t\t\n\t\t\t\t\n\t\t\t\t\n\t\t\t\t\n\t\t\t\t\n\t\t\t\t<div class=\"et_pb_module_inner\">\n\t\t\t\t\t\n\t\t\t\n\t\t\t<figure class=\"dsm_card_image_wrapper dsm_card_badge_top_right\"><img decoding=\"async\" src=\"https:\/\/www.shockform.com\/wp-content\/uploads\/2024\/04\/shockform__innovation__spedron_377x600.jpg\" alt=\"\" srcset=\"https:\/\/www.shockform.com\/wp-content\/uploads\/2024\/04\/shockform__innovation__spedron_377x600.jpg 377w, https:\/\/www.shockform.com\/wp-content\/uploads\/2024\/04\/shockform__innovation__spedron_377x600-189x300.jpg 189w\" sizes=\"(max-width: 377px) 100vw, 377px\" class=\"dsm_card_img dsm_card_image_stretch\" \/><\/figure>\n\t\t\t<div class=\"et_pb_module dsm_card_wrapper et_pb_text_align_left\">\n\t\t\t\t\t\n\t\t\t\t\t<h2 class=\"dsm_card_title et_pb_module_header\">Les d\u00e9fis<\/h2>\n\t\t\t\t\t\n\t\t\t\t\t\n\t\t\t\t\t\n\t\t\t\t<\/div>\n\t\t\t\n\t\t\t\t<\/div>\n\t\t\t<\/div>L&rsquo;utilisation d&rsquo;outils \u00e9lectriques pneumatiques et d&rsquo;abrasifs pour meuler, polir ou modifier la surface des composants n&rsquo;a pas fondamentalement \u00e9volu\u00e9 depuis les premiers d\u00e9veloppements des outils \u00e9lectriques manuels. Les op\u00e9rateurs dans l&rsquo;atelier n&rsquo;ont souvent acc\u00e8s qu&rsquo;\u00e0 un seul outil \u00e9lectrique qui est utilis\u00e9 \u00e0 sa vitesse maximale avec tous les diff\u00e9rents abrasifs. Cependant, chaque abrasif a sa propre vitesse optimale pour une performance maximale. Un disque \u00ab\u00a0XYZ\u00a0\u00bb doit tourner \u00e0 3 000 tr\/min tandis qu&rsquo;un tampon \u00ab\u00a0ABC\u00a0\u00bb est plus performant \u00e0 12 000 tr\/min. Malheureusement, cette information est rarement disponible pour l&rsquo;op\u00e9rateur et s&rsquo;il l&rsquo;\u00e9tait, il serait incapable d&rsquo;utiliser l&rsquo;abrasif \u00e0 la vitesse optimale puisque son outil est limit\u00e9 [&hellip;]<\/p>\n","protected":false},"author":1,"featured_media":0,"parent":2852,"menu_order":0,"comment_status":"closed","ping_status":"closed","template":"","meta":{"_et_pb_use_builder":"on","_et_pb_old_content":"","_et_gb_content_width":"","footnotes":""},"class_list":["post-3757","page","type-page","status-publish","hentry"],"yoast_head":"<!-- This site is optimized with the Yoast SEO plugin v27.4 - https:\/\/yoast.com\/product\/yoast-seo-wordpress\/ -->\n<title>Spedron\u00ae - Shockform A\u00e9ronautique Inc.<\/title>\n<meta name=\"robots\" content=\"index, follow, max-snippet:-1, max-image-preview:large, max-video-preview:-1\" \/>\n<link rel=\"canonical\" href=\"https:\/\/www.shockform.com\/fr\/innovations\/spedron\/\" \/>\n<meta property=\"og:locale\" content=\"fr_FR\" \/>\n<meta property=\"og:type\" content=\"article\" \/>\n<meta property=\"og:title\" content=\"Spedron\u00ae - Shockform A\u00e9ronautique Inc.\" \/>\n<meta property=\"og:description\" content=\"L&#039;utilisation d&#039;outils \u00e9lectriques pneumatiques et d&#039;abrasifs pour meuler, polir ou modifier la surface des composants n&#039;a pas fondamentalement \u00e9volu\u00e9 depuis les premiers d\u00e9veloppements des outils \u00e9lectriques manuels. Les op\u00e9rateurs dans l&#039;atelier n&#039;ont souvent acc\u00e8s qu&#039;\u00e0 un seul outil \u00e9lectrique qui est utilis\u00e9 \u00e0 sa vitesse maximale avec tous les diff\u00e9rents abrasifs. Cependant, chaque abrasif a sa propre vitesse optimale pour une performance maximale. Un disque &quot;XYZ&quot; doit tourner \u00e0 3 000 tr\/min tandis qu&#039;un tampon &quot;ABC&quot; est plus performant \u00e0 12 000 tr\/min. Malheureusement, cette information est rarement disponible pour l&#039;op\u00e9rateur et s&#039;il l&#039;\u00e9tait, il serait incapable d&#039;utiliser l&#039;abrasif \u00e0 la vitesse optimale puisque son outil est limit\u00e9 [&hellip;]\" \/>\n<meta property=\"og:url\" content=\"https:\/\/www.shockform.com\/fr\/innovations\/spedron\/\" \/>\n<meta property=\"og:site_name\" content=\"Shockform A\u00e9ronautique Inc.\" \/>\n<meta property=\"article:modified_time\" content=\"2024-04-17T14:01:59+00:00\" \/>\n<meta name=\"twitter:card\" content=\"summary_large_image\" \/>\n<meta name=\"twitter:label1\" content=\"Dur\u00e9e de lecture estim\u00e9e\" \/>\n\t<meta name=\"twitter:data1\" content=\"5 minutes\" \/>\n<script type=\"application\/ld+json\" class=\"yoast-schema-graph\">{\"@context\":\"https:\\\/\\\/schema.org\",\"@graph\":[{\"@type\":\"WebPage\",\"@id\":\"https:\\\/\\\/www.shockform.com\\\/fr\\\/innovations\\\/spedron\\\/\",\"url\":\"https:\\\/\\\/www.shockform.com\\\/fr\\\/innovations\\\/spedron\\\/\",\"name\":\"Spedron\u00ae - Shockform A\u00e9ronautique Inc.\",\"isPartOf\":{\"@id\":\"https:\\\/\\\/www.shockform.com\\\/fr\\\/#website\"},\"datePublished\":\"2024-04-10T04:22:03+00:00\",\"dateModified\":\"2024-04-17T14:01:59+00:00\",\"breadcrumb\":{\"@id\":\"https:\\\/\\\/www.shockform.com\\\/fr\\\/innovations\\\/spedron\\\/#breadcrumb\"},\"inLanguage\":\"fr-FR\",\"potentialAction\":[{\"@type\":\"ReadAction\",\"target\":[\"https:\\\/\\\/www.shockform.com\\\/fr\\\/innovations\\\/spedron\\\/\"]}]},{\"@type\":\"BreadcrumbList\",\"@id\":\"https:\\\/\\\/www.shockform.com\\\/fr\\\/innovations\\\/spedron\\\/#breadcrumb\",\"itemListElement\":[{\"@type\":\"ListItem\",\"position\":1,\"name\":\"Home\",\"item\":\"https:\\\/\\\/www.shockform.com\\\/fr\\\/\"},{\"@type\":\"ListItem\",\"position\":2,\"name\":\"Innovations\",\"item\":\"https:\\\/\\\/www.shockform.com\\\/fr\\\/innovations\\\/\"},{\"@type\":\"ListItem\",\"position\":3,\"name\":\"Spedron\u00ae\"}]},{\"@type\":\"WebSite\",\"@id\":\"https:\\\/\\\/www.shockform.com\\\/fr\\\/#website\",\"url\":\"https:\\\/\\\/www.shockform.com\\\/fr\\\/\",\"name\":\"Shockform A\u00e9ronautique Inc.\",\"description\":\"Shockform | Innovative Products \u2013 Expert Peening Advice\",\"publisher\":{\"@id\":\"https:\\\/\\\/www.shockform.com\\\/fr\\\/#organization\"},\"potentialAction\":[{\"@type\":\"SearchAction\",\"target\":{\"@type\":\"EntryPoint\",\"urlTemplate\":\"https:\\\/\\\/www.shockform.com\\\/fr\\\/?s={search_term_string}\"},\"query-input\":{\"@type\":\"PropertyValueSpecification\",\"valueRequired\":true,\"valueName\":\"search_term_string\"}}],\"inLanguage\":\"fr-FR\"},{\"@type\":\"Organization\",\"@id\":\"https:\\\/\\\/www.shockform.com\\\/fr\\\/#organization\",\"name\":\"Shockform A\u00e9ronautique Inc.\",\"url\":\"https:\\\/\\\/www.shockform.com\\\/fr\\\/\",\"logo\":{\"@type\":\"ImageObject\",\"inLanguage\":\"fr-FR\",\"@id\":\"https:\\\/\\\/www.shockform.com\\\/fr\\\/#\\\/schema\\\/logo\\\/image\\\/\",\"url\":\"https:\\\/\\\/www.shockform.com\\\/wp-content\\\/uploads\\\/2024\\\/03\\\/shockform_logo.svg\",\"contentUrl\":\"https:\\\/\\\/www.shockform.com\\\/wp-content\\\/uploads\\\/2024\\\/03\\\/shockform_logo.svg\",\"width\":339,\"height\":46,\"caption\":\"Shockform A\u00e9ronautique Inc.\"},\"image\":{\"@id\":\"https:\\\/\\\/www.shockform.com\\\/fr\\\/#\\\/schema\\\/logo\\\/image\\\/\"},\"sameAs\":[\"https:\\\/\\\/www.youtube.com\\\/channel\\\/UC7sStPqtcJVo_Jj_WnkCjFw\",\"https:\\\/\\\/www.linkedin.com\\\/company\\\/shockform\\\/?originalSubdomain=ca\"]}]}<\/script>\n<!-- \/ Yoast SEO plugin. -->","yoast_head_json":{"title":"Spedron\u00ae - Shockform A\u00e9ronautique Inc.","robots":{"index":"index","follow":"follow","max-snippet":"max-snippet:-1","max-image-preview":"max-image-preview:large","max-video-preview":"max-video-preview:-1"},"canonical":"https:\/\/www.shockform.com\/fr\/innovations\/spedron\/","og_locale":"fr_FR","og_type":"article","og_title":"Spedron\u00ae - Shockform A\u00e9ronautique Inc.","og_description":"L'utilisation d'outils \u00e9lectriques pneumatiques et d'abrasifs pour meuler, polir ou modifier la surface des composants n'a pas fondamentalement \u00e9volu\u00e9 depuis les premiers d\u00e9veloppements des outils \u00e9lectriques manuels. Les op\u00e9rateurs dans l'atelier n'ont souvent acc\u00e8s qu'\u00e0 un seul outil \u00e9lectrique qui est utilis\u00e9 \u00e0 sa vitesse maximale avec tous les diff\u00e9rents abrasifs. Cependant, chaque abrasif a sa propre vitesse optimale pour une performance maximale. Un disque \"XYZ\" doit tourner \u00e0 3 000 tr\/min tandis qu'un tampon \"ABC\" est plus performant \u00e0 12 000 tr\/min. Malheureusement, cette information est rarement disponible pour l'op\u00e9rateur et s'il l'\u00e9tait, il serait incapable d'utiliser l'abrasif \u00e0 la vitesse optimale puisque son outil est limit\u00e9 [&hellip;]","og_url":"https:\/\/www.shockform.com\/fr\/innovations\/spedron\/","og_site_name":"Shockform A\u00e9ronautique Inc.","article_modified_time":"2024-04-17T14:01:59+00:00","twitter_card":"summary_large_image","twitter_misc":{"Dur\u00e9e de lecture estim\u00e9e":"5 minutes"},"schema":{"@context":"https:\/\/schema.org","@graph":[{"@type":"WebPage","@id":"https:\/\/www.shockform.com\/fr\/innovations\/spedron\/","url":"https:\/\/www.shockform.com\/fr\/innovations\/spedron\/","name":"Spedron\u00ae - Shockform A\u00e9ronautique Inc.","isPartOf":{"@id":"https:\/\/www.shockform.com\/fr\/#website"},"datePublished":"2024-04-10T04:22:03+00:00","dateModified":"2024-04-17T14:01:59+00:00","breadcrumb":{"@id":"https:\/\/www.shockform.com\/fr\/innovations\/spedron\/#breadcrumb"},"inLanguage":"fr-FR","potentialAction":[{"@type":"ReadAction","target":["https:\/\/www.shockform.com\/fr\/innovations\/spedron\/"]}]},{"@type":"BreadcrumbList","@id":"https:\/\/www.shockform.com\/fr\/innovations\/spedron\/#breadcrumb","itemListElement":[{"@type":"ListItem","position":1,"name":"Home","item":"https:\/\/www.shockform.com\/fr\/"},{"@type":"ListItem","position":2,"name":"Innovations","item":"https:\/\/www.shockform.com\/fr\/innovations\/"},{"@type":"ListItem","position":3,"name":"Spedron\u00ae"}]},{"@type":"WebSite","@id":"https:\/\/www.shockform.com\/fr\/#website","url":"https:\/\/www.shockform.com\/fr\/","name":"Shockform A\u00e9ronautique Inc.","description":"Shockform | Innovative Products \u2013 Expert Peening Advice","publisher":{"@id":"https:\/\/www.shockform.com\/fr\/#organization"},"potentialAction":[{"@type":"SearchAction","target":{"@type":"EntryPoint","urlTemplate":"https:\/\/www.shockform.com\/fr\/?s={search_term_string}"},"query-input":{"@type":"PropertyValueSpecification","valueRequired":true,"valueName":"search_term_string"}}],"inLanguage":"fr-FR"},{"@type":"Organization","@id":"https:\/\/www.shockform.com\/fr\/#organization","name":"Shockform A\u00e9ronautique Inc.","url":"https:\/\/www.shockform.com\/fr\/","logo":{"@type":"ImageObject","inLanguage":"fr-FR","@id":"https:\/\/www.shockform.com\/fr\/#\/schema\/logo\/image\/","url":"https:\/\/www.shockform.com\/wp-content\/uploads\/2024\/03\/shockform_logo.svg","contentUrl":"https:\/\/www.shockform.com\/wp-content\/uploads\/2024\/03\/shockform_logo.svg","width":339,"height":46,"caption":"Shockform A\u00e9ronautique Inc."},"image":{"@id":"https:\/\/www.shockform.com\/fr\/#\/schema\/logo\/image\/"},"sameAs":["https:\/\/www.youtube.com\/channel\/UC7sStPqtcJVo_Jj_WnkCjFw","https:\/\/www.linkedin.com\/company\/shockform\/?originalSubdomain=ca"]}]}},"_links":{"self":[{"href":"https:\/\/www.shockform.com\/fr\/wp-json\/wp\/v2\/pages\/3757","targetHints":{"allow":["GET"]}}],"collection":[{"href":"https:\/\/www.shockform.com\/fr\/wp-json\/wp\/v2\/pages"}],"about":[{"href":"https:\/\/www.shockform.com\/fr\/wp-json\/wp\/v2\/types\/page"}],"author":[{"embeddable":true,"href":"https:\/\/www.shockform.com\/fr\/wp-json\/wp\/v2\/users\/1"}],"replies":[{"embeddable":true,"href":"https:\/\/www.shockform.com\/fr\/wp-json\/wp\/v2\/comments?post=3757"}],"version-history":[{"count":12,"href":"https:\/\/www.shockform.com\/fr\/wp-json\/wp\/v2\/pages\/3757\/revisions"}],"predecessor-version":[{"id":4310,"href":"https:\/\/www.shockform.com\/fr\/wp-json\/wp\/v2\/pages\/3757\/revisions\/4310"}],"up":[{"embeddable":true,"href":"https:\/\/www.shockform.com\/fr\/wp-json\/wp\/v2\/pages\/2852"}],"wp:attachment":[{"href":"https:\/\/www.shockform.com\/fr\/wp-json\/wp\/v2\/media?parent=3757"}],"curies":[{"name":"wp","href":"https:\/\/api.w.org\/{rel}","templated":true}]}}