{"id":4330,"date":"2024-04-16T10:57:22","date_gmt":"2024-04-16T14:57:22","guid":{"rendered":"https:\/\/www.shockform.com\/produits\/shockform-saturation-curve-solver-windows\/"},"modified":"2024-05-30T12:09:59","modified_gmt":"2024-05-30T16:09:59","slug":"saturation-curve-solver","status":"publish","type":"page","link":"https:\/\/www.shockform.com\/fr\/produits\/saturation-curve-solver\/","title":{"rendered":"Shockform Saturation Curve Solver &#8211; Windows"},"content":{"rendered":"<p>[et_pb_section fb_built=\u00a0\u00bb1&Prime; fullwidth=\u00a0\u00bbon\u00a0\u00bb _builder_version=\u00a0\u00bb4.24.3&Prime; _module_preset=\u00a0\u00bbdefault\u00a0\u00bb global_module=\u00a0\u00bb2569&Prime; global_colors_info=\u00a0\u00bb{}\u00a0\u00bb][et_pb_fullwidth_post_title meta=\u00a0\u00bboff\u00a0\u00bb featured_image=\u00a0\u00bboff\u00a0\u00bb text_color=\u00a0\u00bblight\u00a0\u00bb _builder_version=\u00a0\u00bb4.24.3&Prime; _module_preset=\u00a0\u00bbdefault\u00a0\u00bb background_color=\u00a0\u00bb#132989&Prime; background_image=\u00a0\u00bbhttps:\/\/www.shockform.com\/wp-content\/uploads\/2024\/04\/bg_waves_internal_pages.png\u00a0\u00bb custom_padding=\u00a0\u00bb4vw||4vw||true|false\u00a0\u00bb custom_css_post_title=\u00a0\u00bbmax-width: 600px;||padding: 0;\u00a0\u00bb global_colors_info=\u00a0\u00bb{}\u00a0\u00bb][\/et_pb_fullwidth_post_title][\/et_pb_section][et_pb_section fb_built=\u00a0\u00bb1&Prime; admin_label=\u00a0\u00bbSection &#8211; Product Description\u00a0\u00bb _builder_version=\u00a0\u00bb4.25.1&Prime; _module_preset=\u00a0\u00bbdefault\u00a0\u00bb global_colors_info=\u00a0\u00bb{}\u00a0\u00bb][et_pb_row column_structure=\u00a0\u00bb2_3,1_3&Prime; make_equal=\u00a0\u00bbon\u00a0\u00bb _builder_version=\u00a0\u00bb4.24.3&Prime; _module_preset=\u00a0\u00bbdefault\u00a0\u00bb global_colors_info=\u00a0\u00bb{}\u00a0\u00bb][et_pb_column type=\u00a0\u00bb2_3&Prime; _builder_version=\u00a0\u00bb4.24.3&Prime; _module_preset=\u00a0\u00bbdefault\u00a0\u00bb custom_css_main_element=\u00a0\u00bbdisplay: flex;||flex-direction: column;||justify-content: space-between;\u00a0\u00bb global_colors_info=\u00a0\u00bb{}\u00a0\u00bb][et_pb_heading title=\u00a0\u00bbSCSS v3.9 pour Windows a plusieurs nouvelles fonctionnalit\u00e9s\u00a0\u00bb admin_label=\u00a0\u00bbHD &#8211; SSCS V3.9 for Windows has several new features\u00a0\u00bb _builder_version=\u00a0\u00bb4.25.1&Prime; _module_preset=\u00a0\u00bbdefault\u00a0\u00bb title_level=\u00a0\u00bbh2&Prime; global_colors_info=\u00a0\u00bb{}\u00a0\u00bb][\/et_pb_heading][et_pb_text admin_label=\u00a0\u00bbThe free Shockform Saturation Curve Solver (SSCS) is a user friendly&#8230;\u00a0\u00bb module_class=\u00a0\u00bbtext-lead\u00a0\u00bb _builder_version=\u00a0\u00bb4.25.1&Prime; _module_preset=\u00a0\u00bbdefault\u00a0\u00bb global_colors_info=\u00a0\u00bb{}\u00a0\u00bb]Le logiciel gratuit Shockform Saturation Curve Solver (SSCS) est une application conviviale qui permet de tracer rapidement et facilement les donn\u00e9es de votre courbe de saturation et de trouver l&rsquo;intensit\u00e9 du grenaillage en utilisant la r\u00e8gle des 10%. Plus de feuille de calcul Excel \u00e0 manipuler ! Le SSCS peut \u00eatre utilis\u00e9 pour le grenaillage conventionnel et pour le roto grenaillage.<\/p>\n<p>Il permet de corriger le bloc magn\u00e9tique lors roto grenaillage et il est possible d\u2019inclure la plage d\u2019intensit\u00e9 sup\u00e9rieure et inf\u00e9rieure acceptable dans le graphique qui peut facilement \u00eatre imprim\u00e9 pour vos dossiers.<\/p>\n<p><strong>SSCS V3.9 pour Windows comporte plusieurs nouvelles fonctionnalit\u00e9s. Vous pouvez d\u00e9sormais:<\/strong><\/p>\n<ul>\n<li>G\u00e9n\u00e9rer jusqu\u2019\u00e0 24 courbes distinctes pour diff\u00e9rents emplacements ou r\u00e9glages de machine.<\/li>\n<li>S\u00e9lectionner la courbe \u00e0 afficher ou \u00e0 masquer.<\/li>\n<li>Imprimer toutes les courbes en une seule fois ou chaque courbe individuellement.<\/li>\n<li>Exporter les courbes pour cr\u00e9er vos rapports personnalis\u00e9s<\/li>\n<li>S\u00e9lectionnez les unit\u00e9s de l\u2019axe X pour le temps, la vitesse ou les passages.<\/li>\n<li>Effectuez une v\u00e9rification de l\u2019intensit\u00e9 et trouvez les hauteurs d\u2019arc cibles \u00e0 des moments s\u00e9lectionn\u00e9s.<\/li>\n<li>Appliquez la correction de pr\u00e9-courbure et la correction de bloc magn\u00e9tique lors roto grenaillage.<\/li>\n<li>Conforme \u00e0 la derni\u00e8re version des normes SAE J443 et SAE J2597 intitul\u00e9e Computer Generated Shot Peening Saturation Curves<\/li>\n<\/ul>\n<p>[\/et_pb_text][\/et_pb_column][et_pb_column type=\u00a0\u00bb1_3&Prime; _builder_version=\u00a0\u00bb4.24.3&Prime; _module_preset=\u00a0\u00bbdefault\u00a0\u00bb global_colors_info=\u00a0\u00bb{}\u00a0\u00bb][et_pb_image src=\u00a0\u00bbhttps:\/\/www.shockform.com\/wp-content\/uploads\/2024\/04\/SSCS-Image-1-Full-Screen-new-logo.png\u00a0\u00bb title_text=\u00a0\u00bbSSCS-Image-1-Full-Screen-new-logo\u00a0\u00bb admin_label=\u00a0\u00bbIMG &#8211; Screen capture\u00a0\u00bb _builder_version=\u00a0\u00bb4.25.1&Prime; _module_preset=\u00a0\u00bbdefault\u00a0\u00bb global_colors_info=\u00a0\u00bb{}\u00a0\u00bb][\/et_pb_image][et_pb_button button_url=\u00a0\u00bbhttps:\/\/forms.zohopublic.com\/shockformaeronautiqueinc\/form\/ShockformSaturationCurveSolverSSCSAppforWindowsFR\/formperma\/EiEiRqKcOKTeY31e708tDDVKmgp5qNIwc0fxZJj5tzk\u00a0\u00bb url_new_window=\u00a0\u00bbon\u00a0\u00bb button_text=\u00a0\u00bbT\u00e9l\u00e9charger le logiciel\u00a0\u00bb button_alignment=\u00a0\u00bbcenter\u00a0\u00bb admin_label=\u00a0\u00bbBTN &#8211; Download the software\u00a0\u00bb _builder_version=\u00a0\u00bb4.25.1&Prime; _module_preset=\u00a0\u00bbdefault\u00a0\u00bb global_colors_info=\u00a0\u00bb{}\u00a0\u00bb][\/et_pb_button][et_pb_text admin_label=\u00a0\u00bbShockform guarantees&#8230;\u00a0\u00bb _builder_version=\u00a0\u00bb4.25.1&Prime; _module_preset=\u00a0\u00bbdefault\u00a0\u00bb text_text_color=\u00a0\u00bb#132989&Prime; text_line_height=\u00a0\u00bb1.3em\u00a0\u00bb text_orientation=\u00a0\u00bbcenter\u00a0\u00bb global_colors_info=\u00a0\u00bb{}\u00a0\u00bb]Shockform garantit que ce logiciel ne contient aucun virus ou composant potentiellement dangereux et qu\u2019il ne collectera aucune donn\u00e9e de l\u2019utilisateur.[\/et_pb_text][\/et_pb_column][\/et_pb_row][\/et_pb_section][et_pb_section fb_built=\u00a0\u00bb1&Prime; disabled_on=\u00a0\u00bbon|on|on\u00a0\u00bb admin_label=\u00a0\u00bbFeatures\u00a0\u00bb _builder_version=\u00a0\u00bb4.25.1&Prime; _module_preset=\u00a0\u00bbdefault\u00a0\u00bb background_color=\u00a0\u00bb#f8f8f8&Prime; disabled=\u00a0\u00bbon\u00a0\u00bb global_colors_info=\u00a0\u00bb{}\u00a0\u00bb][et_pb_row _builder_version=\u00a0\u00bb4.24.3&Prime; _module_preset=\u00a0\u00bbdefault\u00a0\u00bb global_colors_info=\u00a0\u00bb{}\u00a0\u00bb][et_pb_column type=\u00a0\u00bb4_4&Prime; _builder_version=\u00a0\u00bb4.24.3&Prime; _module_preset=\u00a0\u00bbdefault\u00a0\u00bb global_colors_info=\u00a0\u00bb{}\u00a0\u00bb][et_pb_heading title=\u00a0\u00bbShockform Saturation Curve Solver \u2013 Windows &#8211; Caract\u00e9ristiques\u00a0\u00bb admin_label=\u00a0\u00bbHD &#8211; Shockform Saturation Curve Solver \u2013 Windows Features\u00a0\u00bb _builder_version=\u00a0\u00bb4.25.1&Prime; _module_preset=\u00a0\u00bbdefault\u00a0\u00bb title_level=\u00a0\u00bbh2&Prime; title_text_align=\u00a0\u00bbcenter\u00a0\u00bb global_colors_info=\u00a0\u00bb{}\u00a0\u00bb][\/et_pb_heading][et_pb_image src=\u00a0\u00bbhttps:\/\/www.shockform.com\/wp-content\/uploads\/2024\/04\/saturation-core-solver-shockform-image2-e1637932615855.png\u00a0\u00bb title_text=\u00a0\u00bbsaturation-core-solver-shockform-image2-e1637932615855&Prime; align=\u00a0\u00bbcenter\u00a0\u00bb admin_label=\u00a0\u00bbIMG &#8211; Screen capture on mobile\u00a0\u00bb _builder_version=\u00a0\u00bb4.25.1&Prime; _module_preset=\u00a0\u00bbdefault\u00a0\u00bb max_width=\u00a0\u00bb80%\u00a0\u00bb module_alignment_tablet=\u00a0\u00bbcenter\u00a0\u00bb module_alignment_phone=\u00a0\u00bbcenter\u00a0\u00bb module_alignment_last_edited=\u00a0\u00bbon|desktop\u00a0\u00bb global_colors_info=\u00a0\u00bb{}\u00a0\u00bb width__hover_enabled=\u00a0\u00bboff|desktop\u00a0\u00bb][\/et_pb_image][\/et_pb_column][\/et_pb_row][\/et_pb_section][et_pb_section fb_built=\u00a0\u00bb1&Prime; admin_label=\u00a0\u00bbContact Us\u00a0\u00bb _builder_version=\u00a0\u00bb4.24.3&Prime; _module_preset=\u00a0\u00bbdefault\u00a0\u00bb background_color=\u00a0\u00bbgcid-ad4378fc-84b9-4768-a781-ee2622dee019&Prime; background_image=\u00a0\u00bbhttps:\/\/www.shockform.com\/wp-content\/uploads\/2024\/04\/shockform__waves2-dark.png\u00a0\u00bb custom_padding=\u00a0\u00bb1em||1em||true|false\u00a0\u00bb saved_tabs=\u00a0\u00bball\u00a0\u00bb global_colors_info=\u00a0\u00bb{%22gcid-ad4378fc-84b9-4768-a781-ee2622dee019%22:%91%22background_color%22%93}\u00a0\u00bb][et_pb_row _builder_version=\u00a0\u00bb4.24.2&Prime; _module_preset=\u00a0\u00bbdefault\u00a0\u00bb global_colors_info=\u00a0\u00bb{}\u00a0\u00bb][et_pb_column type=\u00a0\u00bb4_4&Prime; _builder_version=\u00a0\u00bb4.24.2&Prime; _module_preset=\u00a0\u00bbdefault\u00a0\u00bb global_colors_info=\u00a0\u00bb{}\u00a0\u00bb][et_pb_cta title=\u00a0\u00bbInteress\u00e9? contactez-nous maintenant.\u00a0\u00bb button_url=\u00a0\u00bb@ET-DC@eyJkeW5hbWljIjp0cnVlLCJjb250ZW50IjoicG9zdF9saW5rX3VybF9wYWdlIiwic2V0dGluZ3MiOnsicG9zdF9pZCI6IjI3MDAiLCJlbmFibGVfaHRtbCI6Im9mZiJ9fQ==@\u00a0\u00bb button_text=\u00a0\u00bbcontactez-nous\u00a0\u00bb admin_label=\u00a0\u00bbInteress\u00e9? contactez-nous maintenant.\u00a0\u00bb _builder_version=\u00a0\u00bb4.25.1&Prime; _dynamic_attributes=\u00a0\u00bbbutton_url\u00a0\u00bb _module_preset=\u00a0\u00bbdefault\u00a0\u00bb background_enable_color=\u00a0\u00bboff\u00a0\u00bb background_enable_image=\u00a0\u00bboff\u00a0\u00bb custom_css_free_form=\u00a0\u00bbselector a.et_pb_button {||  color: white !important;||  border-color: white !important;||}||selector a.et_pb_button:hover {||  background-color: var(&#8211;medium-primary) !important;||  border-color: var(&#8211;medium-primary) !important;||}\u00a0\u00bb global_colors_info=\u00a0\u00bb{%22gcid-4a1179ed-f9ed-44df-8534-c29c3050faca%22:%91%22button_border_color__hover%22,%22button_bg_color__hover%22%93}\u00a0\u00bb button_border_color__hover_enabled=\u00a0\u00bbon|hover\u00a0\u00bb button_border_color__hover=\u00a0\u00bb#132989&Prime; button_text_color__hover_enabled=\u00a0\u00bboff|hover\u00a0\u00bb button_bg_color__hover_enabled=\u00a0\u00bbon|hover\u00a0\u00bb button_bg_color__hover=\u00a0\u00bb#132989&Prime; button_bg_enable_color__hover=\u00a0\u00bbon\u00a0\u00bb][\/et_pb_cta][\/et_pb_column][\/et_pb_row][\/et_pb_section][et_pb_section fb_built=\u00a0\u00bb1&Prime; admin_label=\u00a0\u00bbClients carrousel\u00a0\u00bb _builder_version=\u00a0\u00bb4.24.3&Prime; _module_preset=\u00a0\u00bbdefault\u00a0\u00bb background_color=\u00a0\u00bbgcid-22034262-2a61-4e1c-add3-b08e3511f36a\u00a0\u00bb global_colors_info=\u00a0\u00bb{%22gcid-22034262-2a61-4e1c-add3-b08e3511f36a%22:%91%22background_color%22%93}\u00a0\u00bb][et_pb_row _builder_version=\u00a0\u00bb4.24.2&Prime; _module_preset=\u00a0\u00bbdefault\u00a0\u00bb global_colors_info=\u00a0\u00bb{}\u00a0\u00bb][et_pb_column type=\u00a0\u00bb4_4&Prime; _builder_version=\u00a0\u00bb4.24.2&Prime; _module_preset=\u00a0\u00bbdefault\u00a0\u00bb global_colors_info=\u00a0\u00bb{}\u00a0\u00bb][et_pb_heading title=\u00a0\u00bbLISTE PARTIELLE DES ENTREPRISES QUI UTILISENT D\u00c9J\u00c0<br \/>Microm\u00e8tre optique num\u00e9rique pour l\u2019\u00e9valuation des dommages\u00a0\u00bb admin_label=\u00a0\u00bbSome of our Clients\u00a0\u00bb _builder_version=\u00a0\u00bb4.24.3&Prime; _module_preset=\u00a0\u00bbdefault\u00a0\u00bb title_level=\u00a0\u00bbh2&Prime; title_text_align=\u00a0\u00bbcenter\u00a0\u00bb global_colors_info=\u00a0\u00bb{}\u00a0\u00bb][\/et_pb_heading][dsm_image_carousel gallery_ids=\u00a0\u00bb2021,2033,2053,2055,2821&Prime; lazyload=\u00a0\u00bbon\u00a0\u00bb arrow_prev=\u00a0\u00bbon\u00a0\u00bb arrow_prev_font_icon=\u00a0\u00bb&#xe045;||divi||400&Prime; arrow_next=\u00a0\u00bbon\u00a0\u00bb arrow_next_font_icon=\u00a0\u00bb&#xe046;||divi||400&Prime; arrow_size=\u00a0\u00bb60px\u00a0\u00bb arrow_color=\u00a0\u00bb#33a4d6&Prime; dots_horizontal_placement=\u00a0\u00bb-40px\u00a0\u00bb dots_active_color=\u00a0\u00bbgcid-4a1179ed-f9ed-44df-8534-c29c3050faca\u00a0\u00bb dots_inactive_color=\u00a0\u00bbrgba(19,41,137,0.2)\u00a0\u00bb module_class=\u00a0\u00bbclients\u00a0\u00bb _builder_version=\u00a0\u00bb4.24.3&Prime; _module_preset=\u00a0\u00bbdefault\u00a0\u00bb custom_css_free_form=\u00a0\u00bb.clients img{max-width:200px;}\u00a0\u00bb global_colors_info=\u00a0\u00bb{%22gcid-4a1179ed-f9ed-44df-8534-c29c3050faca%22:%91%22arrow_color__hover%22,%22dots_active_color%22%93}\u00a0\u00bb arrow_color__hover_enabled=\u00a0\u00bbon|hover\u00a0\u00bb arrow_color__hover=\u00a0\u00bb#132989&Prime; arrow_background_color__hover_enabled=\u00a0\u00bboff|hover\u00a0\u00bb][\/dsm_image_carousel][\/et_pb_column][\/et_pb_row][\/et_pb_section]<\/p>\n","protected":false},"excerpt":{"rendered":"<p>Le logiciel gratuit Shockform Saturation Curve Solver (SSCS) est une application conviviale qui permet de tracer rapidement et facilement les donn\u00e9es de votre courbe de saturation et de trouver l&rsquo;intensit\u00e9 du grenaillage en utilisant la r\u00e8gle des 10%. Plus de feuille de calcul Excel \u00e0 manipuler ! Le SSCS peut \u00eatre utilis\u00e9 pour le grenaillage conventionnel et pour le roto grenaillage. Il permet de corriger le bloc magn\u00e9tique lors roto grenaillage et il est possible d\u2019inclure la plage d\u2019intensit\u00e9 sup\u00e9rieure et inf\u00e9rieure acceptable dans le graphique qui peut facilement \u00eatre imprim\u00e9 pour vos dossiers. SSCS V3.9 pour Windows comporte plusieurs nouvelles fonctionnalit\u00e9s. Vous pouvez d\u00e9sormais: G\u00e9n\u00e9rer jusqu\u2019\u00e0 24 courbes distinctes pour diff\u00e9rents emplacements ou r\u00e9glages de machine. S\u00e9lectionner la courbe \u00e0 afficher ou \u00e0 masquer. Imprimer toutes les courbes en une seule fois ou chaque courbe individuellement. Exporter les courbes pour cr\u00e9er vos rapports personnalis\u00e9s S\u00e9lectionnez les unit\u00e9s de l\u2019axe X pour le temps, la vitesse ou les passages. Effectuez une v\u00e9rification de l\u2019intensit\u00e9 et trouvez les hauteurs d\u2019arc cibles \u00e0 des moments s\u00e9lectionn\u00e9s. Appliquez la correction de pr\u00e9-courbure et la correction de bloc magn\u00e9tique lors roto grenaillage. Conforme \u00e0 la derni\u00e8re version des normes SAE J443 et SAE J2597 [&hellip;]<\/p>\n","protected":false},"author":1,"featured_media":0,"parent":2857,"menu_order":0,"comment_status":"closed","ping_status":"closed","template":"","meta":{"_et_pb_use_builder":"on","_et_pb_old_content":"","_et_gb_content_width":"","footnotes":""},"class_list":["post-4330","page","type-page","status-publish","hentry"],"yoast_head":"<!-- This site is optimized with the Yoast SEO plugin v27.5 - https:\/\/yoast.com\/product\/yoast-seo-wordpress\/ -->\n<title>Shockform Saturation Curve Solver - Windows - Shockform A\u00e9ronautique Inc.<\/title>\n<meta name=\"robots\" content=\"index, follow, max-snippet:-1, max-image-preview:large, max-video-preview:-1\" \/>\n<link rel=\"canonical\" href=\"https:\/\/www.shockform.com\/fr\/produits\/saturation-curve-solver\/\" \/>\n<meta property=\"og:locale\" content=\"fr_FR\" \/>\n<meta property=\"og:type\" content=\"article\" \/>\n<meta property=\"og:title\" content=\"Shockform Saturation Curve Solver - Windows - Shockform A\u00e9ronautique Inc.\" \/>\n<meta property=\"og:description\" content=\"Le logiciel gratuit Shockform Saturation Curve Solver (SSCS) est une application conviviale qui permet de tracer rapidement et facilement les donn\u00e9es de votre courbe de saturation et de trouver l&#039;intensit\u00e9 du grenaillage en utilisant la r\u00e8gle des 10%. Plus de feuille de calcul Excel \u00e0 manipuler ! Le SSCS peut \u00eatre utilis\u00e9 pour le grenaillage conventionnel et pour le roto grenaillage. Il permet de corriger le bloc magn\u00e9tique lors roto grenaillage et il est possible d\u2019inclure la plage d\u2019intensit\u00e9 sup\u00e9rieure et inf\u00e9rieure acceptable dans le graphique qui peut facilement \u00eatre imprim\u00e9 pour vos dossiers. SSCS V3.9 pour Windows comporte plusieurs nouvelles fonctionnalit\u00e9s. Vous pouvez d\u00e9sormais: G\u00e9n\u00e9rer jusqu\u2019\u00e0 24 courbes distinctes pour diff\u00e9rents emplacements ou r\u00e9glages de machine. S\u00e9lectionner la courbe \u00e0 afficher ou \u00e0 masquer. Imprimer toutes les courbes en une seule fois ou chaque courbe individuellement. Exporter les courbes pour cr\u00e9er vos rapports personnalis\u00e9s S\u00e9lectionnez les unit\u00e9s de l\u2019axe X pour le temps, la vitesse ou les passages. Effectuez une v\u00e9rification de l\u2019intensit\u00e9 et trouvez les hauteurs d\u2019arc cibles \u00e0 des moments s\u00e9lectionn\u00e9s. Appliquez la correction de pr\u00e9-courbure et la correction de bloc magn\u00e9tique lors roto grenaillage. Conforme \u00e0 la derni\u00e8re version des normes SAE J443 et SAE J2597 [&hellip;]\" \/>\n<meta property=\"og:url\" content=\"https:\/\/www.shockform.com\/fr\/produits\/saturation-curve-solver\/\" \/>\n<meta property=\"og:site_name\" content=\"Shockform A\u00e9ronautique Inc.\" \/>\n<meta property=\"article:modified_time\" content=\"2024-05-30T16:09:59+00:00\" \/>\n<meta name=\"twitter:card\" content=\"summary_large_image\" \/>\n<meta name=\"twitter:label1\" content=\"Dur\u00e9e de lecture estim\u00e9e\" \/>\n\t<meta name=\"twitter:data1\" content=\"3 minutes\" \/>\n<script type=\"application\/ld+json\" class=\"yoast-schema-graph\">{\"@context\":\"https:\\\/\\\/schema.org\",\"@graph\":[{\"@type\":\"WebPage\",\"@id\":\"https:\\\/\\\/www.shockform.com\\\/fr\\\/produits\\\/saturation-curve-solver\\\/\",\"url\":\"https:\\\/\\\/www.shockform.com\\\/fr\\\/produits\\\/saturation-curve-solver\\\/\",\"name\":\"Shockform Saturation Curve Solver - Windows - Shockform A\u00e9ronautique Inc.\",\"isPartOf\":{\"@id\":\"https:\\\/\\\/www.shockform.com\\\/fr\\\/#website\"},\"datePublished\":\"2024-04-16T14:57:22+00:00\",\"dateModified\":\"2024-05-30T16:09:59+00:00\",\"breadcrumb\":{\"@id\":\"https:\\\/\\\/www.shockform.com\\\/fr\\\/produits\\\/saturation-curve-solver\\\/#breadcrumb\"},\"inLanguage\":\"fr-FR\",\"potentialAction\":[{\"@type\":\"ReadAction\",\"target\":[\"https:\\\/\\\/www.shockform.com\\\/fr\\\/produits\\\/saturation-curve-solver\\\/\"]}]},{\"@type\":\"BreadcrumbList\",\"@id\":\"https:\\\/\\\/www.shockform.com\\\/fr\\\/produits\\\/saturation-curve-solver\\\/#breadcrumb\",\"itemListElement\":[{\"@type\":\"ListItem\",\"position\":1,\"name\":\"Home\",\"item\":\"https:\\\/\\\/www.shockform.com\\\/fr\\\/\"},{\"@type\":\"ListItem\",\"position\":2,\"name\":\"Produits\",\"item\":\"https:\\\/\\\/www.shockform.com\\\/fr\\\/produits\\\/\"},{\"@type\":\"ListItem\",\"position\":3,\"name\":\"Shockform Saturation Curve Solver &#8211; Windows\"}]},{\"@type\":\"WebSite\",\"@id\":\"https:\\\/\\\/www.shockform.com\\\/fr\\\/#website\",\"url\":\"https:\\\/\\\/www.shockform.com\\\/fr\\\/\",\"name\":\"Shockform A\u00e9ronautique Inc.\",\"description\":\"Shockform | Innovative Products \u2013 Expert Peening Advice\",\"publisher\":{\"@id\":\"https:\\\/\\\/www.shockform.com\\\/fr\\\/#organization\"},\"potentialAction\":[{\"@type\":\"SearchAction\",\"target\":{\"@type\":\"EntryPoint\",\"urlTemplate\":\"https:\\\/\\\/www.shockform.com\\\/fr\\\/?s={search_term_string}\"},\"query-input\":{\"@type\":\"PropertyValueSpecification\",\"valueRequired\":true,\"valueName\":\"search_term_string\"}}],\"inLanguage\":\"fr-FR\"},{\"@type\":\"Organization\",\"@id\":\"https:\\\/\\\/www.shockform.com\\\/fr\\\/#organization\",\"name\":\"Shockform A\u00e9ronautique Inc.\",\"url\":\"https:\\\/\\\/www.shockform.com\\\/fr\\\/\",\"logo\":{\"@type\":\"ImageObject\",\"inLanguage\":\"fr-FR\",\"@id\":\"https:\\\/\\\/www.shockform.com\\\/fr\\\/#\\\/schema\\\/logo\\\/image\\\/\",\"url\":\"https:\\\/\\\/www.shockform.com\\\/wp-content\\\/uploads\\\/2024\\\/03\\\/shockform_logo.svg\",\"contentUrl\":\"https:\\\/\\\/www.shockform.com\\\/wp-content\\\/uploads\\\/2024\\\/03\\\/shockform_logo.svg\",\"width\":339,\"height\":46,\"caption\":\"Shockform A\u00e9ronautique Inc.\"},\"image\":{\"@id\":\"https:\\\/\\\/www.shockform.com\\\/fr\\\/#\\\/schema\\\/logo\\\/image\\\/\"},\"sameAs\":[\"https:\\\/\\\/www.youtube.com\\\/channel\\\/UC7sStPqtcJVo_Jj_WnkCjFw\",\"https:\\\/\\\/www.linkedin.com\\\/company\\\/shockform\\\/?originalSubdomain=ca\"]}]}<\/script>\n<!-- \/ Yoast SEO plugin. -->","yoast_head_json":{"title":"Shockform Saturation Curve Solver - Windows - Shockform A\u00e9ronautique Inc.","robots":{"index":"index","follow":"follow","max-snippet":"max-snippet:-1","max-image-preview":"max-image-preview:large","max-video-preview":"max-video-preview:-1"},"canonical":"https:\/\/www.shockform.com\/fr\/produits\/saturation-curve-solver\/","og_locale":"fr_FR","og_type":"article","og_title":"Shockform Saturation Curve Solver - Windows - Shockform A\u00e9ronautique Inc.","og_description":"Le logiciel gratuit Shockform Saturation Curve Solver (SSCS) est une application conviviale qui permet de tracer rapidement et facilement les donn\u00e9es de votre courbe de saturation et de trouver l'intensit\u00e9 du grenaillage en utilisant la r\u00e8gle des 10%. Plus de feuille de calcul Excel \u00e0 manipuler ! Le SSCS peut \u00eatre utilis\u00e9 pour le grenaillage conventionnel et pour le roto grenaillage. Il permet de corriger le bloc magn\u00e9tique lors roto grenaillage et il est possible d\u2019inclure la plage d\u2019intensit\u00e9 sup\u00e9rieure et inf\u00e9rieure acceptable dans le graphique qui peut facilement \u00eatre imprim\u00e9 pour vos dossiers. SSCS V3.9 pour Windows comporte plusieurs nouvelles fonctionnalit\u00e9s. Vous pouvez d\u00e9sormais: G\u00e9n\u00e9rer jusqu\u2019\u00e0 24 courbes distinctes pour diff\u00e9rents emplacements ou r\u00e9glages de machine. S\u00e9lectionner la courbe \u00e0 afficher ou \u00e0 masquer. Imprimer toutes les courbes en une seule fois ou chaque courbe individuellement. Exporter les courbes pour cr\u00e9er vos rapports personnalis\u00e9s S\u00e9lectionnez les unit\u00e9s de l\u2019axe X pour le temps, la vitesse ou les passages. Effectuez une v\u00e9rification de l\u2019intensit\u00e9 et trouvez les hauteurs d\u2019arc cibles \u00e0 des moments s\u00e9lectionn\u00e9s. Appliquez la correction de pr\u00e9-courbure et la correction de bloc magn\u00e9tique lors roto grenaillage. Conforme \u00e0 la derni\u00e8re version des normes SAE J443 et SAE J2597 [&hellip;]","og_url":"https:\/\/www.shockform.com\/fr\/produits\/saturation-curve-solver\/","og_site_name":"Shockform A\u00e9ronautique Inc.","article_modified_time":"2024-05-30T16:09:59+00:00","twitter_card":"summary_large_image","twitter_misc":{"Dur\u00e9e de lecture estim\u00e9e":"3 minutes"},"schema":{"@context":"https:\/\/schema.org","@graph":[{"@type":"WebPage","@id":"https:\/\/www.shockform.com\/fr\/produits\/saturation-curve-solver\/","url":"https:\/\/www.shockform.com\/fr\/produits\/saturation-curve-solver\/","name":"Shockform Saturation Curve Solver - Windows - Shockform A\u00e9ronautique Inc.","isPartOf":{"@id":"https:\/\/www.shockform.com\/fr\/#website"},"datePublished":"2024-04-16T14:57:22+00:00","dateModified":"2024-05-30T16:09:59+00:00","breadcrumb":{"@id":"https:\/\/www.shockform.com\/fr\/produits\/saturation-curve-solver\/#breadcrumb"},"inLanguage":"fr-FR","potentialAction":[{"@type":"ReadAction","target":["https:\/\/www.shockform.com\/fr\/produits\/saturation-curve-solver\/"]}]},{"@type":"BreadcrumbList","@id":"https:\/\/www.shockform.com\/fr\/produits\/saturation-curve-solver\/#breadcrumb","itemListElement":[{"@type":"ListItem","position":1,"name":"Home","item":"https:\/\/www.shockform.com\/fr\/"},{"@type":"ListItem","position":2,"name":"Produits","item":"https:\/\/www.shockform.com\/fr\/produits\/"},{"@type":"ListItem","position":3,"name":"Shockform Saturation Curve Solver &#8211; Windows"}]},{"@type":"WebSite","@id":"https:\/\/www.shockform.com\/fr\/#website","url":"https:\/\/www.shockform.com\/fr\/","name":"Shockform A\u00e9ronautique Inc.","description":"Shockform | Innovative Products \u2013 Expert Peening Advice","publisher":{"@id":"https:\/\/www.shockform.com\/fr\/#organization"},"potentialAction":[{"@type":"SearchAction","target":{"@type":"EntryPoint","urlTemplate":"https:\/\/www.shockform.com\/fr\/?s={search_term_string}"},"query-input":{"@type":"PropertyValueSpecification","valueRequired":true,"valueName":"search_term_string"}}],"inLanguage":"fr-FR"},{"@type":"Organization","@id":"https:\/\/www.shockform.com\/fr\/#organization","name":"Shockform A\u00e9ronautique Inc.","url":"https:\/\/www.shockform.com\/fr\/","logo":{"@type":"ImageObject","inLanguage":"fr-FR","@id":"https:\/\/www.shockform.com\/fr\/#\/schema\/logo\/image\/","url":"https:\/\/www.shockform.com\/wp-content\/uploads\/2024\/03\/shockform_logo.svg","contentUrl":"https:\/\/www.shockform.com\/wp-content\/uploads\/2024\/03\/shockform_logo.svg","width":339,"height":46,"caption":"Shockform A\u00e9ronautique Inc."},"image":{"@id":"https:\/\/www.shockform.com\/fr\/#\/schema\/logo\/image\/"},"sameAs":["https:\/\/www.youtube.com\/channel\/UC7sStPqtcJVo_Jj_WnkCjFw","https:\/\/www.linkedin.com\/company\/shockform\/?originalSubdomain=ca"]}]}},"_links":{"self":[{"href":"https:\/\/www.shockform.com\/fr\/wp-json\/wp\/v2\/pages\/4330","targetHints":{"allow":["GET"]}}],"collection":[{"href":"https:\/\/www.shockform.com\/fr\/wp-json\/wp\/v2\/pages"}],"about":[{"href":"https:\/\/www.shockform.com\/fr\/wp-json\/wp\/v2\/types\/page"}],"author":[{"embeddable":true,"href":"https:\/\/www.shockform.com\/fr\/wp-json\/wp\/v2\/users\/1"}],"replies":[{"embeddable":true,"href":"https:\/\/www.shockform.com\/fr\/wp-json\/wp\/v2\/comments?post=4330"}],"version-history":[{"count":15,"href":"https:\/\/www.shockform.com\/fr\/wp-json\/wp\/v2\/pages\/4330\/revisions"}],"predecessor-version":[{"id":4648,"href":"https:\/\/www.shockform.com\/fr\/wp-json\/wp\/v2\/pages\/4330\/revisions\/4648"}],"up":[{"embeddable":true,"href":"https:\/\/www.shockform.com\/fr\/wp-json\/wp\/v2\/pages\/2857"}],"wp:attachment":[{"href":"https:\/\/www.shockform.com\/fr\/wp-json\/wp\/v2\/media?parent=4330"}],"curies":[{"name":"wp","href":"https:\/\/api.w.org\/{rel}","templated":true}]}}