{"id":4549,"date":"2024-03-28T09:37:24","date_gmt":"2024-03-28T13:37:24","guid":{"rendered":"https:\/\/www.shockform.com\/?page_id=4549"},"modified":"2024-04-23T14:20:32","modified_gmt":"2024-04-23T18:20:32","slug":"politique-de-confidentialite","status":"publish","type":"page","link":"https:\/\/www.shockform.com\/fr\/politique-de-confidentialite\/","title":{"rendered":"Politique de confidentialit\u00e9"},"content":{"rendered":"<p><main role=\"main\"><\/p>\n<section class=\"uk-section vy_standard uk-background-transparant uk-scrollspy-inview uk-active\" data-uk-scrollspy=\"cls:uk-active\">\n<div class=\"uk-container uk-container-default uk-scrollspy-inview \" data-uk-scrollspy=\"cls:uk-animation-fade\">\n<div class=\"uk-text-center uk-text-left@m uk-scrollspy-inview \" data-uk-scrollspy=\"cls:uk-animation-fade\">\n<div class=\"vy_text uk-panel\">\n<p>Shockform m\u00e8ne ses affaires dans le respect des normes d\u2019\u00e9thique et d\u2019int\u00e9grit\u00e9 les plus strictes.<\/p>\n<p>En se dotant de sa Politique de confidentialit\u00e9 et de protection des renseignements personnels, Shockform r\u00e9affirme son engagement \u00e0 prot\u00e9ger l\u2019information qu\u2019elle poss\u00e8de et \u00e0 se conformer aux lois qui encadrent la protection de la vie priv\u00e9e.<\/p>\n<p>En raison de la nature de ses activit\u00e9s, Shockform d\u00e9tient des renseignements confidentiels au sujet de ses clients et de ses employ\u00e9s.<\/p>\n<p>Devant le d\u00e9veloppement des nouveaux outils de communication, Shockform porte une attention particuli\u00e8re \u00e0 la protection de la vie priv\u00e9e. C\u2019est pourquoi Shockform a mis en place diff\u00e9rents m\u00e9canismes visant au respect de la confidentialit\u00e9 des renseignements personnels qu\u2019elle d\u00e9tient et qu\u2019elle collecte.<\/p>\n<h3>I. Un renseignement personnel, qu\u2019est-ce ?<\/h3>\n<p>Tout renseignement au sujet d\u2019une personne permettant de l\u2019identifier constitue un renseignement personnel. Ainsi, votre pr\u00e9nom, nom, code postal et votre adresse courriel constituent des renseignements consid\u00e9r\u00e9s comme personnels.<\/p>\n<h3>II. Collecte des renseignements personnels<\/h3>\n<p>Nous collectons les renseignements suivants:<\/p>\n<p>Nom<\/p>\n<p>Pr\u00e9nom<\/p>\n<p>Adresse \u00e9lectronique<\/p>\n<p>Code postal<\/p>\n<p>Les renseignements personnels que Shockform collecte sont recueillis \u00e0 partir de formulaires et gr\u00e2ce \u00e0 l\u2019interactivit\u00e9 \u00e9tablie entre vous et son site Web. Shockform utilise \u00e9galement, comme indiqu\u00e9 dans la section suivante, des fichiers t\u00e9moins et\/ou journaux pour r\u00e9unir des informations vous concernant.<\/p>\n<h3>III. Formulaires et interactivit\u00e9<\/h3>\n<p>Vos renseignements personnels sont collect\u00e9s par le biais de l\u2019un ou l\u2019autre des formulaires suivants:<\/p>\n<p>Formulaire d\u2019inscription au site Web<\/p>\n<p>Formulaire de commande<\/p>\n<p>Sondage d\u2019opinion<\/p>\n<p>Concours<\/p>\n<p>Shockform utilise les renseignements ainsi collect\u00e9s pour les finalit\u00e9s suivantes:<\/p>\n<p>Envoyer l\u2019Infolettre \/ Offres promotionnelles<\/p>\n<p>R\u00e9pondre \u00e0 vos demandes de renseignements<\/p>\n<p>Envoyer votre commande<\/p>\n<p>G\u00e9n\u00e9rer des statistiques<\/p>\n<p>G\u00e9rer le site Web (pr\u00e9sentation, organisation)<\/p>\n<p>Vos renseignements sont \u00e9galement collect\u00e9s par le biais de l\u2019interactivit\u00e9 pouvant s\u2019\u00e9tablir entre vous et notre site Web et ce, de la fa\u00e7on suivante:<\/p>\n<p>R\u00e9pondre \u00e0 vos demandes de renseignements<\/p>\n<p>G\u00e9n\u00e9rer des statistiques<\/p>\n<p>G\u00e9rer le site Web (pr\u00e9sentation, organisation)<\/p>\n<p>Shockform utilise les renseignements ainsi collect\u00e9s pour les finalit\u00e9s suivantes:<\/p>\n<p>Pour vous faire parvenir l\u2019Infolettre ou les offres promotionnelles<\/p>\n<p>R\u00e9pondre \u00e0 vos demandes de renseignements<\/p>\n<h3>IV. Fichiers journaux et t\u00e9moins<\/h3>\n<p>Shockform recueille certaines informations par le biais de fichiers journaux (log file) et de fichiers t\u00e9moins (cookies). Il s\u2019agit principalement des informations suivantes:<\/p>\n<p>Adresse IP<\/p>\n<p>Syst\u00e8me d\u2019exploitation<\/p>\n<p>Pages visit\u00e9es et requ\u00eates<\/p>\n<p>Heure et jour de connexion<\/p>\n<p>Publicit\u00e9 digitale (de type \u00abremarketing\u00bb)<\/p>\n<p>Le recours \u00e0 de tels fichiers nous permet:<\/p>\n<p>D\u2019am\u00e9liorer notre service et de mettre en place un accueil personnalis\u00e9<\/p>\n<p>D\u2019obtenir un profil personnalis\u00e9 de consommation<\/p>\n<p>De g\u00e9n\u00e9rer des statistiques<\/p>\n<h3>V. Partage des renseignements personnels<\/h3>\n<p>Shockform s\u2019engage \u00e0 ne pas commercialiser les renseignements personnels collect\u00e9s. Toutefois, il lui arrive de partager ces informations avec des tiers aux fins suivantes:<\/p>\n<p>Envoyer l\u2019Infolettre ou les offres promotionnelles<\/p>\n<p>Envoyer votre commande<\/p>\n<p>\u00c9tablir un profil de consommation<\/p>\n<p>Effectuer de la publicit\u00e9 digitale (de type \u00abremarketing\u00bb)<\/p>\n<p>Si vous ne souhaitez pas que vos renseignements personnels soient communiqu\u00e9s \u00e0 des tiers, il vous est possible de vous y opposer au moment de la collecte ou \u00e0 tout moment par la suite de la fa\u00e7on mentionn\u00e9e dans la section Droit d\u2019opposition et de retrait.<\/p>\n<h3>VI. Limiter la collecte et l\u2019utilisation des renseignements personnels<\/h3>\n<p>Shockform recueille et utilise uniquement les renseignements n\u00e9cessaires aux fins qui vous auront auparavant \u00e9t\u00e9 exprim\u00e9es. Les employ\u00e9s n\u2019utilisent que les renseignements personnels n\u00e9cessaires \u00e0 l\u2019exercice de leurs fonctions.<\/p>\n<h3>VII. Droit d\u2019opposition et de retrait<\/h3>\n<p>Shockform vous offre un droit d\u2019opposition et de retrait quant \u00e0 vos renseignements personnels.<\/p>\n<p>Le droit d\u2019opposition s\u2019entend comme \u00e9tant la possibilit\u00e9 offerte aux internautes de refuser que leurs renseignements personnels soient utilis\u00e9s \u00e0 certaines fins mentionn\u00e9es lors de la collecte.<\/p>\n<p>Le droit de retrait s\u2019entend comme \u00e9tant la possibilit\u00e9 offerte aux internautes de demander \u00e0 ce que leurs renseignements personnels ne figurent plus, par exemple, dans une liste de diffusion.<\/p>\n<p>Afin de pouvoir exercer ces droits, vous devez<\/p>\n<p>\u00e9crire \u00e0:<\/p>\n<p><a href=\"mailto:sales@shockform.com\">sales@shockform.com<\/a>;<\/p>\n<p>ou \u00e0:<\/p>\n<p>Webmestre<\/p>\n<p>4482, Boulevard de la Grande-All\u00e9e,Boisbriand, (Qu\u00e9bec) J7H 1R9<\/p>\n<p>Google offre \u00e9galement la possibilit\u00e9 de se d\u00e9sabonner automatiquement de toute publicit\u00e9 cibl\u00e9e par centres d\u2019int\u00e9r\u00eat ou par \u00abremarketing\u00bb.<\/p>\n<p>Vous devez visiter la page suivante pour vous d\u00e9sabonner:<\/p>\n<p>Centre de confidentialit\u00e9 Google<\/p>\n<p><a href=\"http:\/\/www.google.ca\/intl\/fr\/policies\/technologies\/ads\/\">http:\/\/www.google.ca\/intl\/fr\/policies\/technologies\/ads\/ <\/a><\/p>\n<h3>VIII. Droit d\u2019acc\u00e8s<\/h3>\n<p>Shockform reconnait un droit d\u2019acc\u00e8s et de rectification aux personnes concern\u00e9es d\u00e9sireuses de consulter, modifier, voire radier les informations les concernant.<\/p>\n<p>L\u2019exercice de ce droit se fera en communiquant soit par courriel \u00e0:<\/p>\n<p><a href=\"mailto:sales@shockform.com\">sales@shockform.com<\/a>;<\/p>\n<p>ou en \u00e9crivant \u00e0:<\/p>\n<p>Webmestre<\/p>\n<p>4482, Boulevard de la Grande-All\u00e9e,Boisbriand, (Qu\u00e9bec) J7H 1R9<\/p>\n<h3>IX. S\u00e9curit\u00e9<\/h3>\n<p>Les renseignements personnels que Shockform collecte sont conserv\u00e9s dans un environnement s\u00e9curis\u00e9. Toutes les personnes, employ\u00e9s, consultants, administrateurs et dirigeants de Shockform sont tenus de respecter la confidentialit\u00e9 de vos informations.<\/p>\n<p>Pour assurer la s\u00e9curit\u00e9 de vos renseignements personnels, Shockform a recours aux mesures suivantes:<\/p>\n<p>Protocole SSL (Secure Sockets Layer)<\/p>\n<p>Protocole SET (Secure Electronic Transaction)<\/p>\n<p>Logiciel de surveillance du r\u00e9seau<\/p>\n<p>Sauvegarde informatique<\/p>\n<p>Pare-feu (Firewalls)<\/p>\n<p>Shockform s\u2019engage \u00e0 maintenir et \u00e0 mettre en place les plus hauts standards de confidentialit\u00e9, notamment en int\u00e9grant les derni\u00e8res innovations technologiques permettant d\u2019assurer la confidentialit\u00e9 de vos renseignements personnels. Toutefois, puisqu\u2019aucun m\u00e9canisme n\u2019offre une s\u00e9curit\u00e9 maximale, une part de risque est toujours pr\u00e9sente lorsque l\u2019on utilise Internet pour transmettre des renseignements personnels.<\/p>\n<p>Note: La Politique de confidentialit\u00e9 et de protection des renseignements personnels est soumise aux dispositions l\u00e9gislatives applicables en la mati\u00e8re. Par cons\u00e9quent, son contenu peut \u00eatre mis \u00e0 jour ou modifi\u00e9 en tout temps, suivant l\u2019\u00e9volution du contexte l\u00e9gislatif.<\/p>\n<\/div>\n<\/div>\n<\/div>\n<\/section>\n<p><\/main><\/p>\n","protected":false},"excerpt":{"rendered":"<p>Shockform m\u00e8ne ses affaires dans le respect des normes d\u2019\u00e9thique et d\u2019int\u00e9grit\u00e9 les plus strictes. En se dotant de sa Politique de confidentialit\u00e9 et de protection des renseignements personnels, Shockform r\u00e9affirme son engagement \u00e0 prot\u00e9ger l\u2019information qu\u2019elle poss\u00e8de et \u00e0 se conformer aux lois qui encadrent la protection de la vie priv\u00e9e. En raison de [&hellip;]<\/p>\n","protected":false},"author":1,"featured_media":0,"parent":0,"menu_order":0,"comment_status":"closed","ping_status":"open","template":"","meta":{"_et_pb_use_builder":"","_et_pb_old_content":"","_et_gb_content_width":"","footnotes":""},"class_list":["post-4549","page","type-page","status-publish","hentry"],"yoast_head":"<!-- This site is optimized with the Yoast SEO plugin v27.5 - https:\/\/yoast.com\/product\/yoast-seo-wordpress\/ -->\n<title>Politique de confidentialit\u00e9 - Shockform A\u00e9ronautique Inc.<\/title>\n<meta name=\"robots\" content=\"index, follow, max-snippet:-1, max-image-preview:large, max-video-preview:-1\" \/>\n<link rel=\"canonical\" href=\"https:\/\/www.shockform.com\/fr\/politique-de-confidentialite\/\" \/>\n<meta property=\"og:locale\" content=\"fr_FR\" \/>\n<meta property=\"og:type\" content=\"article\" \/>\n<meta property=\"og:title\" content=\"Politique de confidentialit\u00e9 - Shockform A\u00e9ronautique Inc.\" \/>\n<meta property=\"og:description\" content=\"Shockform m\u00e8ne ses affaires dans le respect des normes d\u2019\u00e9thique et d\u2019int\u00e9grit\u00e9 les plus strictes. En se dotant de sa Politique de confidentialit\u00e9 et de protection des renseignements personnels, Shockform r\u00e9affirme son engagement \u00e0 prot\u00e9ger l\u2019information qu\u2019elle poss\u00e8de et \u00e0 se conformer aux lois qui encadrent la protection de la vie priv\u00e9e. En raison de [&hellip;]\" \/>\n<meta property=\"og:url\" content=\"https:\/\/www.shockform.com\/fr\/politique-de-confidentialite\/\" \/>\n<meta property=\"og:site_name\" content=\"Shockform A\u00e9ronautique Inc.\" \/>\n<meta property=\"article:modified_time\" content=\"2024-04-23T18:20:32+00:00\" \/>\n<meta name=\"twitter:card\" content=\"summary_large_image\" \/>\n<meta name=\"twitter:label1\" content=\"Dur\u00e9e de lecture estim\u00e9e\" \/>\n\t<meta name=\"twitter:data1\" content=\"4 minutes\" \/>\n<script type=\"application\/ld+json\" class=\"yoast-schema-graph\">{\"@context\":\"https:\\\/\\\/schema.org\",\"@graph\":[{\"@type\":\"WebPage\",\"@id\":\"https:\\\/\\\/www.shockform.com\\\/fr\\\/politique-de-confidentialite\\\/\",\"url\":\"https:\\\/\\\/www.shockform.com\\\/fr\\\/politique-de-confidentialite\\\/\",\"name\":\"Politique de confidentialit\u00e9 - Shockform A\u00e9ronautique Inc.\",\"isPartOf\":{\"@id\":\"https:\\\/\\\/www.shockform.com\\\/fr\\\/#website\"},\"datePublished\":\"2024-03-28T13:37:24+00:00\",\"dateModified\":\"2024-04-23T18:20:32+00:00\",\"breadcrumb\":{\"@id\":\"https:\\\/\\\/www.shockform.com\\\/fr\\\/politique-de-confidentialite\\\/#breadcrumb\"},\"inLanguage\":\"fr-FR\",\"potentialAction\":[{\"@type\":\"ReadAction\",\"target\":[\"https:\\\/\\\/www.shockform.com\\\/fr\\\/politique-de-confidentialite\\\/\"]}]},{\"@type\":\"BreadcrumbList\",\"@id\":\"https:\\\/\\\/www.shockform.com\\\/fr\\\/politique-de-confidentialite\\\/#breadcrumb\",\"itemListElement\":[{\"@type\":\"ListItem\",\"position\":1,\"name\":\"Home\",\"item\":\"https:\\\/\\\/www.shockform.com\\\/fr\\\/\"},{\"@type\":\"ListItem\",\"position\":2,\"name\":\"Politique de confidentialit\u00e9\"}]},{\"@type\":\"WebSite\",\"@id\":\"https:\\\/\\\/www.shockform.com\\\/fr\\\/#website\",\"url\":\"https:\\\/\\\/www.shockform.com\\\/fr\\\/\",\"name\":\"Shockform A\u00e9ronautique Inc.\",\"description\":\"Shockform | Innovative Products \u2013 Expert Peening Advice\",\"publisher\":{\"@id\":\"https:\\\/\\\/www.shockform.com\\\/fr\\\/#organization\"},\"potentialAction\":[{\"@type\":\"SearchAction\",\"target\":{\"@type\":\"EntryPoint\",\"urlTemplate\":\"https:\\\/\\\/www.shockform.com\\\/fr\\\/?s={search_term_string}\"},\"query-input\":{\"@type\":\"PropertyValueSpecification\",\"valueRequired\":true,\"valueName\":\"search_term_string\"}}],\"inLanguage\":\"fr-FR\"},{\"@type\":\"Organization\",\"@id\":\"https:\\\/\\\/www.shockform.com\\\/fr\\\/#organization\",\"name\":\"Shockform A\u00e9ronautique Inc.\",\"url\":\"https:\\\/\\\/www.shockform.com\\\/fr\\\/\",\"logo\":{\"@type\":\"ImageObject\",\"inLanguage\":\"fr-FR\",\"@id\":\"https:\\\/\\\/www.shockform.com\\\/fr\\\/#\\\/schema\\\/logo\\\/image\\\/\",\"url\":\"https:\\\/\\\/www.shockform.com\\\/wp-content\\\/uploads\\\/2024\\\/03\\\/shockform_logo.svg\",\"contentUrl\":\"https:\\\/\\\/www.shockform.com\\\/wp-content\\\/uploads\\\/2024\\\/03\\\/shockform_logo.svg\",\"width\":339,\"height\":46,\"caption\":\"Shockform A\u00e9ronautique Inc.\"},\"image\":{\"@id\":\"https:\\\/\\\/www.shockform.com\\\/fr\\\/#\\\/schema\\\/logo\\\/image\\\/\"},\"sameAs\":[\"https:\\\/\\\/www.youtube.com\\\/channel\\\/UC7sStPqtcJVo_Jj_WnkCjFw\",\"https:\\\/\\\/www.linkedin.com\\\/company\\\/shockform\\\/?originalSubdomain=ca\"]}]}<\/script>\n<!-- \/ Yoast SEO plugin. -->","yoast_head_json":{"title":"Politique de confidentialit\u00e9 - Shockform A\u00e9ronautique Inc.","robots":{"index":"index","follow":"follow","max-snippet":"max-snippet:-1","max-image-preview":"max-image-preview:large","max-video-preview":"max-video-preview:-1"},"canonical":"https:\/\/www.shockform.com\/fr\/politique-de-confidentialite\/","og_locale":"fr_FR","og_type":"article","og_title":"Politique de confidentialit\u00e9 - Shockform A\u00e9ronautique Inc.","og_description":"Shockform m\u00e8ne ses affaires dans le respect des normes d\u2019\u00e9thique et d\u2019int\u00e9grit\u00e9 les plus strictes. En se dotant de sa Politique de confidentialit\u00e9 et de protection des renseignements personnels, Shockform r\u00e9affirme son engagement \u00e0 prot\u00e9ger l\u2019information qu\u2019elle poss\u00e8de et \u00e0 se conformer aux lois qui encadrent la protection de la vie priv\u00e9e. En raison de [&hellip;]","og_url":"https:\/\/www.shockform.com\/fr\/politique-de-confidentialite\/","og_site_name":"Shockform A\u00e9ronautique Inc.","article_modified_time":"2024-04-23T18:20:32+00:00","twitter_card":"summary_large_image","twitter_misc":{"Dur\u00e9e de lecture estim\u00e9e":"4 minutes"},"schema":{"@context":"https:\/\/schema.org","@graph":[{"@type":"WebPage","@id":"https:\/\/www.shockform.com\/fr\/politique-de-confidentialite\/","url":"https:\/\/www.shockform.com\/fr\/politique-de-confidentialite\/","name":"Politique de confidentialit\u00e9 - Shockform A\u00e9ronautique Inc.","isPartOf":{"@id":"https:\/\/www.shockform.com\/fr\/#website"},"datePublished":"2024-03-28T13:37:24+00:00","dateModified":"2024-04-23T18:20:32+00:00","breadcrumb":{"@id":"https:\/\/www.shockform.com\/fr\/politique-de-confidentialite\/#breadcrumb"},"inLanguage":"fr-FR","potentialAction":[{"@type":"ReadAction","target":["https:\/\/www.shockform.com\/fr\/politique-de-confidentialite\/"]}]},{"@type":"BreadcrumbList","@id":"https:\/\/www.shockform.com\/fr\/politique-de-confidentialite\/#breadcrumb","itemListElement":[{"@type":"ListItem","position":1,"name":"Home","item":"https:\/\/www.shockform.com\/fr\/"},{"@type":"ListItem","position":2,"name":"Politique de confidentialit\u00e9"}]},{"@type":"WebSite","@id":"https:\/\/www.shockform.com\/fr\/#website","url":"https:\/\/www.shockform.com\/fr\/","name":"Shockform A\u00e9ronautique Inc.","description":"Shockform | Innovative Products \u2013 Expert Peening Advice","publisher":{"@id":"https:\/\/www.shockform.com\/fr\/#organization"},"potentialAction":[{"@type":"SearchAction","target":{"@type":"EntryPoint","urlTemplate":"https:\/\/www.shockform.com\/fr\/?s={search_term_string}"},"query-input":{"@type":"PropertyValueSpecification","valueRequired":true,"valueName":"search_term_string"}}],"inLanguage":"fr-FR"},{"@type":"Organization","@id":"https:\/\/www.shockform.com\/fr\/#organization","name":"Shockform A\u00e9ronautique Inc.","url":"https:\/\/www.shockform.com\/fr\/","logo":{"@type":"ImageObject","inLanguage":"fr-FR","@id":"https:\/\/www.shockform.com\/fr\/#\/schema\/logo\/image\/","url":"https:\/\/www.shockform.com\/wp-content\/uploads\/2024\/03\/shockform_logo.svg","contentUrl":"https:\/\/www.shockform.com\/wp-content\/uploads\/2024\/03\/shockform_logo.svg","width":339,"height":46,"caption":"Shockform A\u00e9ronautique Inc."},"image":{"@id":"https:\/\/www.shockform.com\/fr\/#\/schema\/logo\/image\/"},"sameAs":["https:\/\/www.youtube.com\/channel\/UC7sStPqtcJVo_Jj_WnkCjFw","https:\/\/www.linkedin.com\/company\/shockform\/?originalSubdomain=ca"]}]}},"_links":{"self":[{"href":"https:\/\/www.shockform.com\/fr\/wp-json\/wp\/v2\/pages\/4549","targetHints":{"allow":["GET"]}}],"collection":[{"href":"https:\/\/www.shockform.com\/fr\/wp-json\/wp\/v2\/pages"}],"about":[{"href":"https:\/\/www.shockform.com\/fr\/wp-json\/wp\/v2\/types\/page"}],"author":[{"embeddable":true,"href":"https:\/\/www.shockform.com\/fr\/wp-json\/wp\/v2\/users\/1"}],"replies":[{"embeddable":true,"href":"https:\/\/www.shockform.com\/fr\/wp-json\/wp\/v2\/comments?post=4549"}],"version-history":[{"count":1,"href":"https:\/\/www.shockform.com\/fr\/wp-json\/wp\/v2\/pages\/4549\/revisions"}],"predecessor-version":[{"id":4550,"href":"https:\/\/www.shockform.com\/fr\/wp-json\/wp\/v2\/pages\/4549\/revisions\/4550"}],"wp:attachment":[{"href":"https:\/\/www.shockform.com\/fr\/wp-json\/wp\/v2\/media?parent=4549"}],"curies":[{"name":"wp","href":"https:\/\/api.w.org\/{rel}","templated":true}]}}